{"id":1672,"date":"2025-03-19T06:50:54","date_gmt":"2025-03-19T06:50:54","guid":{"rendered":"https:\/\/boya-machinery.com\/?post_type=product&#038;p=1672"},"modified":"2025-03-24T09:24:01","modified_gmt":"2025-03-24T09:24:01","slug":"creative-mattress-handle-stitch-machine","status":"publish","type":"product","link":"https:\/\/boya-machinery.com\/de\/product\/creative-mattress-handle-stitch-machine\/","title":{"rendered":"Kreative Matratzenstiel-N\u00e4hmaschine"},"content":{"rendered":"<p><strong>Matratzengriffstichmaschine<\/strong><\/p>\n<p>Modell BY-HS-2210<br \/>\nKopfform Shuttle<br \/>\nN\u00e4hbereich 220*100MM<br \/>\nBreite des Randes 80-450MM<br \/>\nDicke des Randes 5-25MM<br \/>\nDicke des Griffs 2-6MM<br \/>\nMax. Geschwindigkeit 2500RPM<\/p>","protected":false},"excerpt":{"rendered":"<p>https:\/\/youtube.com\/shorts\/Szxty_Rj0f8<\/p>\n<p>Die Matratzengriff-N\u00e4hmaschine faltet manuell die beiden Enden des Griffs und wird zum einseitigen N\u00e4hen des Matratzengriffs verwendet. Sie ist einfach zu bedienen, genau positioniert und erzeugt sch\u00f6ne N\u00e4hmuster. Der N\u00e4hstil kann je nach Produktanforderungen verschiedene Muster aufweisen.<\/p>","protected":false},"featured_media":1673,"comment_status":"open","ping_status":"closed","template":"","meta":{"rank_math_lock_modified_date":false},"product_cat":[24],"product_tag":[],"class_list":{"0":"post-1672","1":"product","2":"type-product","3":"status-publish","4":"has-post-thumbnail","6":"product_cat-mattress-border-machine","8":"first","9":"instock","10":"shipping-taxable","11":"product-type-simple"},"jetpack_sharing_enabled":true,"_links":{"self":[{"href":"https:\/\/boya-machinery.com\/de\/wp-json\/wp\/v2\/product\/1672","targetHints":{"allow":["GET"]}}],"collection":[{"href":"https:\/\/boya-machinery.com\/de\/wp-json\/wp\/v2\/product"}],"about":[{"href":"https:\/\/boya-machinery.com\/de\/wp-json\/wp\/v2\/types\/product"}],"replies":[{"embeddable":true,"href":"https:\/\/boya-machinery.com\/de\/wp-json\/wp\/v2\/comments?post=1672"}],"wp:featuredmedia":[{"embeddable":true,"href":"https:\/\/boya-machinery.com\/de\/wp-json\/wp\/v2\/media\/1673"}],"wp:attachment":[{"href":"https:\/\/boya-machinery.com\/de\/wp-json\/wp\/v2\/media?parent=1672"}],"wp:term":[{"taxonomy":"product_cat","embeddable":true,"href":"https:\/\/boya-machinery.com\/de\/wp-json\/wp\/v2\/product_cat?post=1672"},{"taxonomy":"product_tag","embeddable":true,"href":"https:\/\/boya-machinery.com\/de\/wp-json\/wp\/v2\/product_tag?post=1672"}],"curies":[{"name":"wp","href":"https:\/\/api.w.org\/{rel}","templated":true}]}}