{"id":1675,"date":"2025-03-19T07:07:39","date_gmt":"2025-03-19T07:07:39","guid":{"rendered":"https:\/\/boya-machinery.com\/?post_type=product&#038;p=1675"},"modified":"2025-03-21T07:21:52","modified_gmt":"2025-03-21T07:21:52","slug":"mattress-handle-attaching-machine","status":"publish","type":"product","link":"https:\/\/boya-machinery.com\/de\/product\/mattress-handle-attaching-machine\/","title":{"rendered":"Kreative Matratzengriffbefestigungsmaschine"},"content":{"rendered":"<p><strong><b>M<\/b><\/strong><strong><b>Adresse <\/b><\/strong><strong><b>H<\/b><\/strong><strong><b>andle <\/b><\/strong><strong><b>Anbringen von<\/b><\/strong><strong><b>\u00a0<\/b><\/strong><strong><b>M<\/b><\/strong><strong><b>achine<\/b><\/strong><\/p>\n<p>Modell BY-HS-7040<br \/>\nKopf-Shuttle<br \/>\nMax. N\u00e4hbereich 700*400MM<br \/>\nBreite des Randes 80-450MM<br \/>\nDicke des Randes 5-25MM<br \/>\nDicke des Griffs 2-6MM<br \/>\nMax. Geschwindigkeit 2500RPM<\/p>","protected":false},"excerpt":{"rendered":"<p>Die Maschine zur Befestigung extra langer Matratzengriffe wird haupts\u00e4chlich zur Befestigung extra langer Griffe am Matratzenrand verwendet. Das Muster und die Gr\u00f6\u00dfe k\u00f6nnen je nach Bedarf angepasst werden.<\/p>\n<p>Touchscreen-Steuerung, einfache Bedienung<\/p>\n<p>Automatische Fadenreduzierung<\/p>\n<p>N\u00e4hmuster kann individuell eingestellt werden<\/p>","protected":false},"featured_media":1676,"comment_status":"open","ping_status":"closed","template":"","meta":{"rank_math_lock_modified_date":false},"product_cat":[24],"product_tag":[],"class_list":{"0":"post-1675","1":"product","2":"type-product","3":"status-publish","4":"has-post-thumbnail","6":"product_cat-mattress-border-machine","8":"first","9":"instock","10":"shipping-taxable","11":"product-type-simple"},"jetpack_sharing_enabled":true,"_links":{"self":[{"href":"https:\/\/boya-machinery.com\/de\/wp-json\/wp\/v2\/product\/1675","targetHints":{"allow":["GET"]}}],"collection":[{"href":"https:\/\/boya-machinery.com\/de\/wp-json\/wp\/v2\/product"}],"about":[{"href":"https:\/\/boya-machinery.com\/de\/wp-json\/wp\/v2\/types\/product"}],"replies":[{"embeddable":true,"href":"https:\/\/boya-machinery.com\/de\/wp-json\/wp\/v2\/comments?post=1675"}],"wp:featuredmedia":[{"embeddable":true,"href":"https:\/\/boya-machinery.com\/de\/wp-json\/wp\/v2\/media\/1676"}],"wp:attachment":[{"href":"https:\/\/boya-machinery.com\/de\/wp-json\/wp\/v2\/media?parent=1675"}],"wp:term":[{"taxonomy":"product_cat","embeddable":true,"href":"https:\/\/boya-machinery.com\/de\/wp-json\/wp\/v2\/product_cat?post=1675"},{"taxonomy":"product_tag","embeddable":true,"href":"https:\/\/boya-machinery.com\/de\/wp-json\/wp\/v2\/product_tag?post=1675"}],"curies":[{"name":"wp","href":"https:\/\/api.w.org\/{rel}","templated":true}]}}