{"id":1677,"date":"2025-03-19T07:41:53","date_gmt":"2025-03-19T07:41:53","guid":{"rendered":"https:\/\/boya-machinery.com\/?post_type=product&#038;p=1677"},"modified":"2025-09-26T01:23:07","modified_gmt":"2025-09-26T01:23:07","slug":"mattress-ruffler-machine","status":"publish","type":"product","link":"https:\/\/boya-machinery.com\/de\/product\/mattress-ruffler-machine\/","title":{"rendered":"Kreative Matratzenaufrauscher-Maschine"},"content":{"rendered":"<p><strong>Matratzenkr\u00e4usler-Maschine<\/strong><\/p>\n<p>Modell BY-R-001<br \/>\nB\u00f6rdelbreite Standard:80-200MM<br \/>\nFlanschbreite Stich:120-300MM<br \/>\nDicke der B\u00f6rdelung 5-15MM<br \/>\nMax. Geschwindigkeit 3000RPM<br \/>\nGesamtleistung 550W<\/p>","protected":false},"excerpt":{"rendered":"<p>https:\/\/youtu.be\/OR2Gwed46_s<\/p>\n<p>&nbsp;<\/p>\n<p>Die Matratzenkr\u00e4uselmaschine wird zum Kr\u00e4useln der Ecken der imitierten zweilagigen Matratze verwendet. Die Anzahl der Falten kann je nach Bedarf eingestellt werden. Das Ger\u00e4t n\u00e4ht den Vliesgrundstoff und die nachgeahmte doppellagige Umrandung gleichzeitig und faltet und n\u00e4ht automatisch an jeder Ecke nach Bedarf. Dadurch wird die Arbeit des Bedieners erheblich erleichtert und die Produktionseffizienz und Produktqualit\u00e4t verbessert!<\/p>","protected":false},"featured_media":1706,"comment_status":"open","ping_status":"closed","template":"","meta":{"rank_math_lock_modified_date":false},"product_cat":[24],"product_tag":[],"class_list":{"0":"post-1677","1":"product","2":"type-product","3":"status-publish","4":"has-post-thumbnail","6":"product_cat-mattress-border-machine","8":"first","9":"instock","10":"shipping-taxable","11":"product-type-simple"},"jetpack_sharing_enabled":true,"_links":{"self":[{"href":"https:\/\/boya-machinery.com\/de\/wp-json\/wp\/v2\/product\/1677","targetHints":{"allow":["GET"]}}],"collection":[{"href":"https:\/\/boya-machinery.com\/de\/wp-json\/wp\/v2\/product"}],"about":[{"href":"https:\/\/boya-machinery.com\/de\/wp-json\/wp\/v2\/types\/product"}],"replies":[{"embeddable":true,"href":"https:\/\/boya-machinery.com\/de\/wp-json\/wp\/v2\/comments?post=1677"}],"wp:featuredmedia":[{"embeddable":true,"href":"https:\/\/boya-machinery.com\/de\/wp-json\/wp\/v2\/media\/1706"}],"wp:attachment":[{"href":"https:\/\/boya-machinery.com\/de\/wp-json\/wp\/v2\/media?parent=1677"}],"wp:term":[{"taxonomy":"product_cat","embeddable":true,"href":"https:\/\/boya-machinery.com\/de\/wp-json\/wp\/v2\/product_cat?post=1677"},{"taxonomy":"product_tag","embeddable":true,"href":"https:\/\/boya-machinery.com\/de\/wp-json\/wp\/v2\/product_tag?post=1677"}],"curies":[{"name":"wp","href":"https:\/\/api.w.org\/{rel}","templated":true}]}}