{"id":1679,"date":"2025-03-19T08:02:37","date_gmt":"2025-03-19T08:02:37","guid":{"rendered":"https:\/\/boya-machinery.com\/?post_type=product&#038;p=1679"},"modified":"2025-03-19T08:05:45","modified_gmt":"2025-03-19T08:05:45","slug":"handle-stitch-machine","status":"publish","type":"product","link":"https:\/\/boya-machinery.com\/de\/product\/handle-stitch-machine\/","title":{"rendered":"Kreative Griffstichmaschine f\u00fcr die Matratzenindustrie"},"content":{"rendered":"<p><strong>Handstichmaschine<\/strong><\/p>\n<p>Modell BY-HS-3020<br \/>\nKopfform Shuttle<br \/>\nN\u00e4hbereich 300*200MM<br \/>\nBreite des Randes 80-450MM<br \/>\nDicke des Randes 5-25MM<br \/>\nDicke des Griffs 2-6MM<br \/>\nMax. Geschwindigkeit 2500RPM<\/p>","protected":false},"excerpt":{"rendered":"<p>Automatische Matratze Griff n\u00e4hen Maschine kann automatisch den Griff beide Enden der Faltung, F\u00fctterung, Positionierung und N\u00e4hen Arbeitsprozess. Einfach zu bedienen, genaue Positionierung. sch\u00f6ne Blumen Form N\u00e4hen Wirkung. Sewing Stil kann je nach Produktanforderungen unterschiedlich sein.<\/p>\n<p>Es kann auch zum einseitigen N\u00e4hen von Matratzengriffen verwendet werden.<\/p>","protected":false},"featured_media":1673,"comment_status":"open","ping_status":"closed","template":"","meta":{"rank_math_lock_modified_date":false},"product_cat":[24],"product_tag":[],"class_list":{"0":"post-1679","1":"product","2":"type-product","3":"status-publish","4":"has-post-thumbnail","6":"product_cat-mattress-border-machine","8":"first","9":"instock","10":"shipping-taxable","11":"product-type-simple"},"jetpack_sharing_enabled":true,"_links":{"self":[{"href":"https:\/\/boya-machinery.com\/de\/wp-json\/wp\/v2\/product\/1679","targetHints":{"allow":["GET"]}}],"collection":[{"href":"https:\/\/boya-machinery.com\/de\/wp-json\/wp\/v2\/product"}],"about":[{"href":"https:\/\/boya-machinery.com\/de\/wp-json\/wp\/v2\/types\/product"}],"replies":[{"embeddable":true,"href":"https:\/\/boya-machinery.com\/de\/wp-json\/wp\/v2\/comments?post=1679"}],"wp:featuredmedia":[{"embeddable":true,"href":"https:\/\/boya-machinery.com\/de\/wp-json\/wp\/v2\/media\/1673"}],"wp:attachment":[{"href":"https:\/\/boya-machinery.com\/de\/wp-json\/wp\/v2\/media?parent=1679"}],"wp:term":[{"taxonomy":"product_cat","embeddable":true,"href":"https:\/\/boya-machinery.com\/de\/wp-json\/wp\/v2\/product_cat?post=1679"},{"taxonomy":"product_tag","embeddable":true,"href":"https:\/\/boya-machinery.com\/de\/wp-json\/wp\/v2\/product_tag?post=1679"}],"curies":[{"name":"wp","href":"https:\/\/api.w.org\/{rel}","templated":true}]}}