{"id":1680,"date":"2025-03-19T08:07:29","date_gmt":"2025-03-19T08:07:29","guid":{"rendered":"https:\/\/boya-machinery.com\/?post_type=product&#038;p=1680"},"modified":"2025-03-24T09:18:52","modified_gmt":"2025-03-24T09:18:52","slug":"automatische-matratzenetikettiermaschine","status":"publish","type":"product","link":"https:\/\/boya-machinery.com\/de\/product\/automatic-mattress-label-machine\/","title":{"rendered":"Leistungsstarke automatische Matratzenetikettiermaschine"},"content":{"rendered":"<p><strong>Automatische Matratzenetikettiermaschine<\/strong><\/p>\n<p>Modell LG-3020<br \/>\nKopf-Shuttle<br \/>\nMax. N\u00e4hbereich 300*200MM<br \/>\nNahtst\u00e4rke 5-25MM<br \/>\nMax. Geschwindigkeit 2500RPM<\/p>","protected":false},"excerpt":{"rendered":"<p>https:\/\/youtube.com\/shorts\/Szxty_Rj0f8<\/p>\n<p>Er wird haupts\u00e4chlich zum N\u00e4hen von Kurven oder geraden Linien von Matratzenetiketten verwendet und kann das Etikett automatisch nach dem entworfenen Muster auf den Matratzenstoff oder den Rand n\u00e4hen.<\/p>\n<p>Touchscreen-Steuerung, einfache Bedienung<\/p>\n<p>Automatische Fadenreduzierung, automatische Dr\u00fcckerfu\u00dfl\u00fcftung<\/p>\n<p>Das N\u00e4hmuster kann individuell angepasst werden<\/p>\n<p>&nbsp;<\/p>","protected":false},"featured_media":1681,"comment_status":"open","ping_status":"closed","template":"","meta":{"rank_math_lock_modified_date":false},"product_cat":[25],"product_tag":[],"class_list":{"0":"post-1680","1":"product","2":"type-product","3":"status-publish","4":"has-post-thumbnail","6":"product_cat-long-arm-machine","8":"first","9":"instock","10":"shipping-taxable","11":"product-type-simple"},"jetpack_sharing_enabled":true,"_links":{"self":[{"href":"https:\/\/boya-machinery.com\/de\/wp-json\/wp\/v2\/product\/1680","targetHints":{"allow":["GET"]}}],"collection":[{"href":"https:\/\/boya-machinery.com\/de\/wp-json\/wp\/v2\/product"}],"about":[{"href":"https:\/\/boya-machinery.com\/de\/wp-json\/wp\/v2\/types\/product"}],"replies":[{"embeddable":true,"href":"https:\/\/boya-machinery.com\/de\/wp-json\/wp\/v2\/comments?post=1680"}],"wp:featuredmedia":[{"embeddable":true,"href":"https:\/\/boya-machinery.com\/de\/wp-json\/wp\/v2\/media\/1681"}],"wp:attachment":[{"href":"https:\/\/boya-machinery.com\/de\/wp-json\/wp\/v2\/media?parent=1680"}],"wp:term":[{"taxonomy":"product_cat","embeddable":true,"href":"https:\/\/boya-machinery.com\/de\/wp-json\/wp\/v2\/product_cat?post=1680"},{"taxonomy":"product_tag","embeddable":true,"href":"https:\/\/boya-machinery.com\/de\/wp-json\/wp\/v2\/product_tag?post=1680"}],"curies":[{"name":"wp","href":"https:\/\/api.w.org\/{rel}","templated":true}]}}