{"id":1682,"date":"2025-03-19T08:47:55","date_gmt":"2025-03-19T08:47:55","guid":{"rendered":"https:\/\/boya-machinery.com\/?post_type=product&#038;p=1682"},"modified":"2025-03-26T00:10:25","modified_gmt":"2025-03-26T00:10:25","slug":"mattress-hemming-machine","status":"publish","type":"product","link":"https:\/\/boya-machinery.com\/de\/product\/mattress-hemming-machine\/","title":{"rendered":"Beste Matratzens\u00e4ummaschine"},"content":{"rendered":"<p><b>Maschine zum S\u00e4umen von Matratzen<\/b><\/p>\n<p>Leiter: Pegasus Japan<\/p>\n<p>B\u00f6rdelbreite: 15mm, 25mm oder 30mm<\/p>\n<p>Dicke der B\u00f6rdelung: 10-80mm<\/p>\n<p>Max. Geschwindigkeit: 3000RPM<\/p>\n<p>Motorleistung: 550W<\/p>","protected":false},"excerpt":{"rendered":"<p>Mit geringerem Ger\u00e4uschpegel f\u00fcr d\u00fcnnes N\u00e4hgut<\/p>\n<p>Bis zu 3.000 N\u00e4hgeschwindigkeit<\/p>\n<p>Beh\u00e4lt eine lange Stichl\u00e4nge bei<\/p>\n<p>Synchrone Zuf\u00fchrungsstruktur mit ausgezeichneter Zuf\u00fchrungsleistung, auch sehr dicke Stoffe k\u00f6nnen leicht durchlaufen, w\u00e4hrend dies bei anderen N\u00e4hmaschinen oft nicht gelingt<\/p>\n<p>Sowohl dickes als auch d\u00fcnnes Gewebe kann leicht verarbeitet werden<\/p>\n<p>Automatisches K\u00fchl- und Schmiersystem<\/p>\n<p>Taiwan-Servomotor<\/p>","protected":false},"featured_media":1713,"comment_status":"open","ping_status":"closed","template":"","meta":{"rank_math_lock_modified_date":false},"product_cat":[21],"product_tag":[],"class_list":{"0":"post-1682","1":"product","2":"type-product","3":"status-publish","4":"has-post-thumbnail","6":"product_cat-flanging-machine","8":"first","9":"instock","10":"shipping-taxable","11":"product-type-simple"},"jetpack_sharing_enabled":true,"_links":{"self":[{"href":"https:\/\/boya-machinery.com\/de\/wp-json\/wp\/v2\/product\/1682","targetHints":{"allow":["GET"]}}],"collection":[{"href":"https:\/\/boya-machinery.com\/de\/wp-json\/wp\/v2\/product"}],"about":[{"href":"https:\/\/boya-machinery.com\/de\/wp-json\/wp\/v2\/types\/product"}],"replies":[{"embeddable":true,"href":"https:\/\/boya-machinery.com\/de\/wp-json\/wp\/v2\/comments?post=1682"}],"wp:featuredmedia":[{"embeddable":true,"href":"https:\/\/boya-machinery.com\/de\/wp-json\/wp\/v2\/media\/1713"}],"wp:attachment":[{"href":"https:\/\/boya-machinery.com\/de\/wp-json\/wp\/v2\/media?parent=1682"}],"wp:term":[{"taxonomy":"product_cat","embeddable":true,"href":"https:\/\/boya-machinery.com\/de\/wp-json\/wp\/v2\/product_cat?post=1682"},{"taxonomy":"product_tag","embeddable":true,"href":"https:\/\/boya-machinery.com\/de\/wp-json\/wp\/v2\/product_tag?post=1682"}],"curies":[{"name":"wp","href":"https:\/\/api.w.org\/{rel}","templated":true}]}}