{"id":1683,"date":"2025-03-19T09:07:42","date_gmt":"2025-03-19T09:07:42","guid":{"rendered":"https:\/\/boya-machinery.com\/?post_type=product&#038;p=1683"},"modified":"2025-03-19T09:31:54","modified_gmt":"2025-03-19T09:31:54","slug":"multi-needle-quilting-machine-2","status":"publish","type":"product","link":"https:\/\/boya-machinery.com\/de\/product\/multi-needle-quilting-machine-2\/","title":{"rendered":"Leistungsstarke Mehrnadel-Steppmaschine f\u00fcr die Matratzenherstellung"},"content":{"rendered":"<p><strong>Mehrnadel-Steppmaschine<\/strong><\/p>\n<p>Modell \uff1aBY3500A<\/p>\n<p>Dimension (LxWxH)\uff1a5200x1600x2300mm<\/p>\n<p>Steppbreite:2450mm<\/p>\n<p>Nadelreihen:3<\/p>\n<p>Abstand zwischen den Nadelreihen:3\"+3\"<\/p>\n<p>Abstand zwischen den Nadeln:25.4mm\/12.7mm<\/p>\n<p>X-Achse Bewegung Verschiebung: 305mm(12\u2033)<\/p>\n<p>Dicke der Steppung:\u226480mm<\/p>\n<p>Stichl\u00e4nge: 2-12mm<\/p>\n<p>Arbeitsgeschwindigkeit:110-330(m\/Stunde)<\/p>\n<p>Needle model:21#\uff0c22#\uff0c23#\uff0c24#<\/p>\n<p>Steppgeschwindigkeit:100-1400RPM<\/p>\n<p>Spannung (AC): 380V\/220V, 3-Phasen<\/p>\n<p>Gesamtleistung: 8KW<\/p>\n<p>Bruttogewicht: 5000KGS<\/p>\n<p>Durchschnittlicher Gasverbrauch:  13,8 (L\/min)<\/p>\n<p>Gesamtgasverbrauch : 69,5 (L\/Stunde)<\/p>","protected":false},"excerpt":{"rendered":"<p>Das einzigartige \u00d6lsack-\u00d6lversorgungssystem verbessert die Lebensdauer des Verschlei\u00dfschutzblechs erheblich und reduziert den t\u00e4glichen Wartungszyklus (patentierte Struktur).<\/p>\n<p>Das verschlei\u00dffeste Blech aus speziellem Metallmaterial macht die Verbindung zwischen Paddelhalter und Palettenhalter geschmeidiger und verschlei\u00dffester.<\/p>\n<p>Die neue Stange aus Aluminiumlegierung und die Pressplatte werden durch eine Doppelschwenkvorrichtung ohne Nocken gesteuert, wodurch Schmierung und Verschmutzung des Materials vermieden werden.<\/p>\n<p>Die vordere Walze verf\u00fcgt \u00fcber eine synchrone Servomotorstruktur, die die unabh\u00e4ngige Musterproduktion genauer und effizienter macht.<\/p>\n<p>360\u00b0Multi-Span und unabh\u00e4ngige Muster, automatische Fadenabschneidefunktion.<\/p>\n<p>Selbst entwickeltes \"Quilting System\", unterst\u00fctzt auch das Sticken von Mainstream-Dateien im DST-Format, einfach zu bedienen.<\/p>\n<p>Der Computer-Host verwendet das modernste eingebettete Betriebssystem und einen selbst entwickelten Chip zur Bewegungssteuerung, der eine schnelle Reaktionszeit, eine lange Lebensdauer und eine gute Stabilit\u00e4t bietet.<\/p>\n<p>Die Spindel wird von einem Servomotor angetrieben und ist in der Lage, die Geschwindigkeit und die positive Umkehrung zu \u00e4ndern und mit der Software zusammenzuarbeiten, um die Funktion des Fadenabschneidens zu vervollst\u00e4ndigen.<\/p>\n<p>Die Fadenabschneidestruktur nimmt die internationale fortschrittliche Hakenfadenabschneidefunktion an, die die Wahrscheinlichkeit des Springens effektiv reduzieren, die Fadenabschneideeffizienz verbessern und die Qualit\u00e4t stabiler machen kann.<\/p>\n<p>Infrarot-Sicherheitsschutz und Auto-Schritt-Sensor-Erkennungsfunktion.<\/p>","protected":false},"featured_media":1684,"comment_status":"open","ping_status":"closed","template":"","meta":{"rank_math_lock_modified_date":false},"product_cat":[26],"product_tag":[],"class_list":{"0":"post-1683","1":"product","2":"type-product","3":"status-publish","4":"has-post-thumbnail","6":"product_cat-quilting-machine","8":"first","9":"instock","10":"shipping-taxable","11":"product-type-simple"},"jetpack_sharing_enabled":true,"_links":{"self":[{"href":"https:\/\/boya-machinery.com\/de\/wp-json\/wp\/v2\/product\/1683","targetHints":{"allow":["GET"]}}],"collection":[{"href":"https:\/\/boya-machinery.com\/de\/wp-json\/wp\/v2\/product"}],"about":[{"href":"https:\/\/boya-machinery.com\/de\/wp-json\/wp\/v2\/types\/product"}],"replies":[{"embeddable":true,"href":"https:\/\/boya-machinery.com\/de\/wp-json\/wp\/v2\/comments?post=1683"}],"wp:featuredmedia":[{"embeddable":true,"href":"https:\/\/boya-machinery.com\/de\/wp-json\/wp\/v2\/media\/1684"}],"wp:attachment":[{"href":"https:\/\/boya-machinery.com\/de\/wp-json\/wp\/v2\/media?parent=1683"}],"wp:term":[{"taxonomy":"product_cat","embeddable":true,"href":"https:\/\/boya-machinery.com\/de\/wp-json\/wp\/v2\/product_cat?post=1683"},{"taxonomy":"product_tag","embeddable":true,"href":"https:\/\/boya-machinery.com\/de\/wp-json\/wp\/v2\/product_tag?post=1683"}],"curies":[{"name":"wp","href":"https:\/\/api.w.org\/{rel}","templated":true}]}}