{"id":1687,"date":"2025-03-21T06:43:53","date_gmt":"2025-03-21T06:43:53","guid":{"rendered":"https:\/\/boya-machinery.com\/?post_type=product&#038;p=1687"},"modified":"2025-03-21T07:03:37","modified_gmt":"2025-03-21T07:03:37","slug":"cutting-machine","status":"publish","type":"product","link":"https:\/\/boya-machinery.com\/de\/product\/cutting-machine\/","title":{"rendered":"Leistungsstarke Schneidemaschine f\u00fcr Matratzenplatten"},"content":{"rendered":"<p><strong>Schneidemaschine<\/strong><\/p>\n<p>Modell BYCM96-C<br \/>\nMaschinengr\u00f6\u00dfe (L*B*H) 3350*850*1760(mm)<br \/>\nSchnittbreite 2400mm<br \/>\nSchnittl\u00e4nge Min. 30cm - Unendlich<br \/>\nSchnittgeschwindigkeit Vertikaler Schnitt 10m\/m, horizontaler Schnitt 5 s\/Schnitt<br \/>\nSchnittst\u00e4rke \u226440mm<br \/>\nGewicht der Maschine 600KGS<br \/>\nMaximale Leistung 1.8KW<br \/>\nSpannung 380V\/50HZ,220V\/60HZ, 3-Phasen<\/p>","protected":false},"excerpt":{"rendered":"<p>Es eignet sich zum Querschneiden, Streifen, Schneiden und Steppen von Heimtextilien. Es ist geeignet f\u00fcr den Einsatz mit Steppmaschinen und Stoffrollern, kann aber auch allein verwendet werden.<\/p>\n<p>5\" Touchscreen, gro\u00dfer Bildschirm f\u00fcr einfache Bedienung<\/p>\n<p>Versteckte Spaltmesser sind bequemer und sicherer<\/p>\n<p>Elektrische Steuerungen f\u00fcr die L\u00e4nge und Breite der Kappungen machen die Arbeit menschlicher<\/p>\n<p>Der Druck ist gleichm\u00e4\u00dfig, der Vorschub ist gleichm\u00e4\u00dfig, der Schnitt ist gleichm\u00e4\u00dfiger, vor allem bei d\u00fcnnem Material ist der Schnitt gleichm\u00e4\u00dfiger.<\/p>\n<p>Y-Ma\u00df mit Encoder zum Z\u00e4hlen der L\u00e4nge. Es kann Materiall\u00e4nge schneiden. Verwenden Sie das F\u00f6rderband f\u00fcr mechanische discharge.it wird bequem sein, Material zu falten und k\u00fcnstlich zu speichern.<\/p>","protected":false},"featured_media":1688,"comment_status":"open","ping_status":"closed","template":"","meta":{"rank_math_lock_modified_date":false},"product_cat":[26],"product_tag":[],"class_list":{"0":"post-1687","1":"product","2":"type-product","3":"status-publish","4":"has-post-thumbnail","6":"product_cat-quilting-machine","8":"first","9":"instock","10":"shipping-taxable","11":"product-type-simple"},"jetpack_sharing_enabled":true,"_links":{"self":[{"href":"https:\/\/boya-machinery.com\/de\/wp-json\/wp\/v2\/product\/1687","targetHints":{"allow":["GET"]}}],"collection":[{"href":"https:\/\/boya-machinery.com\/de\/wp-json\/wp\/v2\/product"}],"about":[{"href":"https:\/\/boya-machinery.com\/de\/wp-json\/wp\/v2\/types\/product"}],"replies":[{"embeddable":true,"href":"https:\/\/boya-machinery.com\/de\/wp-json\/wp\/v2\/comments?post=1687"}],"wp:featuredmedia":[{"embeddable":true,"href":"https:\/\/boya-machinery.com\/de\/wp-json\/wp\/v2\/media\/1688"}],"wp:attachment":[{"href":"https:\/\/boya-machinery.com\/de\/wp-json\/wp\/v2\/media?parent=1687"}],"wp:term":[{"taxonomy":"product_cat","embeddable":true,"href":"https:\/\/boya-machinery.com\/de\/wp-json\/wp\/v2\/product_cat?post=1687"},{"taxonomy":"product_tag","embeddable":true,"href":"https:\/\/boya-machinery.com\/de\/wp-json\/wp\/v2\/product_tag?post=1687"}],"curies":[{"name":"wp","href":"https:\/\/api.w.org\/{rel}","templated":true}]}}