{"id":1689,"date":"2025-03-21T07:15:59","date_gmt":"2025-03-21T07:15:59","guid":{"rendered":"https:\/\/boya-machinery.com\/?post_type=product&#038;p=1689"},"modified":"2025-03-21T07:19:30","modified_gmt":"2025-03-21T07:19:30","slug":"langarm-reparaturmaschine","status":"publish","type":"product","link":"https:\/\/boya-machinery.com\/de\/product\/long-arm-repair-machine\/","title":{"rendered":"Erstaunliche Langarm-Reparaturmaschine"},"content":{"rendered":"<p><strong>Langarm-Reparaturmaschine<\/strong><\/p>\n<p>Kopfspannweite: 1000mm<\/p>\n<p>N\u00e4hgeschwindigkeit: 120 - 1200spm<\/p>\n<p>Maximale N\u00e4hdicke: 80mm<\/p>\n<p>Presserfu\u00df-Hubh\u00f6he: 32MM (NADEL 20MM)<\/p>\n<p>Motorleistung:550W<\/p>\n<p>Nenndruck: 0,5-0,8Mpa<\/p>","protected":false},"excerpt":{"rendered":"<p>Die Langarm-Reparaturmaschine ist eine Spezialn\u00e4hmaschine, die f\u00fcr die schnelle und effektive Reparatur von N\u00e4hten, Steppn\u00e4hten und kleineren Sch\u00e4den an Matratzen entwickelt wurde.<\/p>\n<p>Diese f\u00fcr Matratzenhersteller, Einzelh\u00e4ndler und Servicezentren unverzichtbare Maschine erm\u00f6glicht die Reparatur offener N\u00e4hte, loser N\u00e4hte und kleinerer Stoffrisse an Ort und Stelle und sorgt daf\u00fcr, dass die Matratzen ihre Haltbarkeit, strukturelle Integrit\u00e4t und \u00e4sthetische Attraktivit\u00e4t behalten.<\/p>\n<p>Diese Maschine ist ideal f\u00fcr Unternehmen, die sich mit der Aufarbeitung von Matratzen oder Garantieleistungen befassen. Sie bietet eine kosteng\u00fcnstige und effiziente L\u00f6sung zur Verl\u00e4ngerung der Lebensdauer von Matratzen und zur Erhaltung der Qualit\u00e4t.<\/p>\n<p>Es wird haupts\u00e4chlich zum N\u00e4hen von Applikationen f\u00fcr Matratzen verwendet.<\/p>\n<p>diese Maschinen bieten grundlegende Reparaturm\u00f6glichkeiten und erfordern manuelle Einstellungen, so dass sie f\u00fcr Reparaturen mit geringem Umfang geeignet sind<\/p>\n<p>Mit einer oberen und einer unteren Welle sowie einem Taiwan-Servomotor kann diese Maschine die Nadel automatisch positionieren.<\/p>\n<p>Die Maschine ist mit einer N\u00e4hfu\u00dfl\u00fcftung ausgestattet, die eine bessere Applizierung erm\u00f6glicht.<\/p>\n<p>Das macht die dicke Matratze noch sch\u00f6ner.<\/p>\n<p>Durch schnelle und effektive Reparaturen verl\u00e4ngert diese Maschine die Lebensdauer von Matratzen, minimiert die Notwendigkeit des Austauschs und reduziert den Abfall.<\/p>\n<p>eine Matratzenreparaturmaschine ist ein notwendiges Ger\u00e4t f\u00fcr Matratzenhersteller, Einzelh\u00e4ndler und Servicezentren, das es ihnen erm\u00f6glicht, schnelle und qualitativ hochwertige Reparaturen durchzuf\u00fchren, die die Produktstandards aufrechterhalten und die Kundenzufriedenheit erh\u00f6hen<\/p>","protected":false},"featured_media":811,"comment_status":"open","ping_status":"closed","template":"","meta":{"rank_math_lock_modified_date":false},"product_cat":[25],"product_tag":[],"class_list":{"0":"post-1689","1":"product","2":"type-product","3":"status-publish","4":"has-post-thumbnail","6":"product_cat-long-arm-machine","8":"first","9":"instock","10":"shipping-taxable","11":"product-type-simple"},"jetpack_sharing_enabled":true,"_links":{"self":[{"href":"https:\/\/boya-machinery.com\/de\/wp-json\/wp\/v2\/product\/1689","targetHints":{"allow":["GET"]}}],"collection":[{"href":"https:\/\/boya-machinery.com\/de\/wp-json\/wp\/v2\/product"}],"about":[{"href":"https:\/\/boya-machinery.com\/de\/wp-json\/wp\/v2\/types\/product"}],"replies":[{"embeddable":true,"href":"https:\/\/boya-machinery.com\/de\/wp-json\/wp\/v2\/comments?post=1689"}],"wp:featuredmedia":[{"embeddable":true,"href":"https:\/\/boya-machinery.com\/de\/wp-json\/wp\/v2\/media\/811"}],"wp:attachment":[{"href":"https:\/\/boya-machinery.com\/de\/wp-json\/wp\/v2\/media?parent=1689"}],"wp:term":[{"taxonomy":"product_cat","embeddable":true,"href":"https:\/\/boya-machinery.com\/de\/wp-json\/wp\/v2\/product_cat?post=1689"},{"taxonomy":"product_tag","embeddable":true,"href":"https:\/\/boya-machinery.com\/de\/wp-json\/wp\/v2\/product_tag?post=1689"}],"curies":[{"name":"wp","href":"https:\/\/api.w.org\/{rel}","templated":true}]}}