{"id":1692,"date":"2025-03-21T08:45:30","date_gmt":"2025-03-21T08:45:30","guid":{"rendered":"https:\/\/boya-machinery.com\/?post_type=product&#038;p=1692"},"modified":"2025-04-09T03:22:29","modified_gmt":"2025-04-09T03:22:29","slug":"flange-machine","status":"publish","type":"product","link":"https:\/\/boya-machinery.com\/de\/product\/flange-machine\/","title":{"rendered":"Gewinnflanschmaschine f\u00fcr Matratzen-Overlock"},"content":{"rendered":"<p><strong>Flanschmaschine<\/strong><\/p>\n<p>Modell SFG-X-6<br \/>\nLeiter JUKI<br \/>\nFlanschbreite 25MM<br \/>\nB\u00f6rdeldicke 10-90MM<br \/>\nMax. Geschwindigkeit 4500RPM<br \/>\nGesamtleistung 750W<\/p>","protected":false},"excerpt":{"rendered":"<p>https:\/\/youtu.be\/ICFKbUbBnvE<\/p>\n<p>Neue Hochhub-Fu\u00dfpresse<\/p>\n<p>Design-Fu\u00dfheberh\u00f6he bis zu 35MM<\/p>\n<p>Neue Konstruktion der Antriebsmaschine<\/p>\n<p>N\u00e4hen von Stoffen ist einfacher und leistungsf\u00e4higer<\/p>\n<p>B\u00f6rdelung 1-90MM Extra dicker Matratzenstoff Steppstich verf\u00fcgbar<\/p>\n<p>Flanschbreite 25MM<\/p>\n<p>B\u00f6rdelgeschwindigkeit bis zu 4500rpm\/min drehen<\/p>\n<p>Original-Servomotor aus Taiwan<\/p>\n<p>Automatische Schmierung der K\u00f6pfe<\/p>\n<p>Einfaches Umr\u00fcsten f\u00fcr dicke und d\u00fcnne Stoffe<\/p>","protected":false},"featured_media":1701,"comment_status":"open","ping_status":"closed","template":"","meta":{"rank_math_lock_modified_date":false},"product_cat":[23],"product_tag":[],"class_list":{"0":"post-1692","1":"product","2":"type-product","3":"status-publish","4":"has-post-thumbnail","6":"product_cat-smart-sewing-machine","8":"first","9":"instock","10":"shipping-taxable","11":"product-type-simple"},"jetpack_sharing_enabled":true,"_links":{"self":[{"href":"https:\/\/boya-machinery.com\/de\/wp-json\/wp\/v2\/product\/1692","targetHints":{"allow":["GET"]}}],"collection":[{"href":"https:\/\/boya-machinery.com\/de\/wp-json\/wp\/v2\/product"}],"about":[{"href":"https:\/\/boya-machinery.com\/de\/wp-json\/wp\/v2\/types\/product"}],"replies":[{"embeddable":true,"href":"https:\/\/boya-machinery.com\/de\/wp-json\/wp\/v2\/comments?post=1692"}],"wp:featuredmedia":[{"embeddable":true,"href":"https:\/\/boya-machinery.com\/de\/wp-json\/wp\/v2\/media\/1701"}],"wp:attachment":[{"href":"https:\/\/boya-machinery.com\/de\/wp-json\/wp\/v2\/media?parent=1692"}],"wp:term":[{"taxonomy":"product_cat","embeddable":true,"href":"https:\/\/boya-machinery.com\/de\/wp-json\/wp\/v2\/product_cat?post=1692"},{"taxonomy":"product_tag","embeddable":true,"href":"https:\/\/boya-machinery.com\/de\/wp-json\/wp\/v2\/product_tag?post=1692"}],"curies":[{"name":"wp","href":"https:\/\/api.w.org\/{rel}","templated":true}]}}