{"id":1704,"date":"2025-03-22T07:03:53","date_gmt":"2025-03-22T07:03:53","guid":{"rendered":"https:\/\/boya-machinery.com\/?post_type=product&#038;p=1704"},"modified":"2025-03-22T07:18:00","modified_gmt":"2025-03-22T07:18:00","slug":"quilting-machine","status":"publish","type":"product","link":"https:\/\/boya-machinery.com\/de\/product\/quilting-machine\/","title":{"rendered":"Super-Steppmaschine f\u00fcr Matratzen"},"content":{"rendered":"<p><strong>Steppmaschine<\/strong><\/p>\n<p>Modell \uff1aBY5000<\/p>\n<p>Produktivit\u00e4t: 160-400m\/h<\/p>\n<p>Drehzahlbereich: 20-1500RPM<\/p>\n<p>Steppdicke: \u2264100mm<\/p>\n<p>Steppbreite: \u22642600mm<\/p>\n<p>Nadelreihenabstand: 3 Zoll<\/p>\n<p>Nadelst\u00e4rke: 25,4 mm<\/p>\n<p>Stichl\u00e4nge: 2-8mm<\/p>\n<p>Gesamtleistung: 6KW<\/p>\n<p>Energieversorgung: 3 Phasen 380v 50Hz<\/p>\n<p>Gesamtabmessungen: 6600*5400*2500mm<\/p>\n<p>Gesamtgewicht: 6300kg<\/p>\n<p>&nbsp;<\/p>","protected":false},"excerpt":{"rendered":"<p>Sprungsteppung<\/p>\n<p>Geteilte Hakenausf\u00fchrung<\/p>\n<p>Musterentwurf und Musterausgleichsfunktion<\/p>\n<p>Entwurf von Mustern<\/p>\n<p>Touchscreen-Betriebssystem<\/p>\n<p>Taste Steuerspindel<\/p>\n<p>Vorrichtung zur Erkennung von Fadenbr\u00fcchen<\/p>\n<p>Speicherfunktion zum Abschalten<\/p>\n<p>Automatische Einstellung der N\u00e4hfu\u00dfh\u00f6he<\/p>\n<p>Automatische Betankungsanlage<\/p>\n<p>Einstellung der Gewindel\u00e4nge und -position<\/p>\n<p>Hochfeste Gussstruktur<\/p>","protected":false},"featured_media":1705,"comment_status":"open","ping_status":"closed","template":"","meta":{"rank_math_lock_modified_date":false},"product_cat":[26],"product_tag":[],"class_list":{"0":"post-1704","1":"product","2":"type-product","3":"status-publish","4":"has-post-thumbnail","6":"product_cat-quilting-machine","8":"first","9":"instock","10":"shipping-taxable","11":"product-type-simple"},"jetpack_sharing_enabled":true,"_links":{"self":[{"href":"https:\/\/boya-machinery.com\/de\/wp-json\/wp\/v2\/product\/1704","targetHints":{"allow":["GET"]}}],"collection":[{"href":"https:\/\/boya-machinery.com\/de\/wp-json\/wp\/v2\/product"}],"about":[{"href":"https:\/\/boya-machinery.com\/de\/wp-json\/wp\/v2\/types\/product"}],"replies":[{"embeddable":true,"href":"https:\/\/boya-machinery.com\/de\/wp-json\/wp\/v2\/comments?post=1704"}],"wp:featuredmedia":[{"embeddable":true,"href":"https:\/\/boya-machinery.com\/de\/wp-json\/wp\/v2\/media\/1705"}],"wp:attachment":[{"href":"https:\/\/boya-machinery.com\/de\/wp-json\/wp\/v2\/media?parent=1704"}],"wp:term":[{"taxonomy":"product_cat","embeddable":true,"href":"https:\/\/boya-machinery.com\/de\/wp-json\/wp\/v2\/product_cat?post=1704"},{"taxonomy":"product_tag","embeddable":true,"href":"https:\/\/boya-machinery.com\/de\/wp-json\/wp\/v2\/product_tag?post=1704"}],"curies":[{"name":"wp","href":"https:\/\/api.w.org\/{rel}","templated":true}]}}