{"id":1944,"date":"2025-06-04T07:03:38","date_gmt":"2025-06-04T07:03:38","guid":{"rendered":"https:\/\/boya-machinery.com\/?post_type=product&#038;p=1944"},"modified":"2026-01-13T02:25:57","modified_gmt":"2026-01-13T02:25:57","slug":"automatic-flat-tape-edge-machine","status":"publish","type":"product","link":"https:\/\/boya-machinery.com\/de\/product\/automatic-flat-tape-edge-machine\/","title":{"rendered":"Automatische Flachbandkantenmaschine"},"content":{"rendered":"<p><strong>Bandkantenmaschine<\/strong><\/p>\n<p>Modell: SPF-300U<\/p>\n<p>Kopf: 300UB5<\/p>\n<p>Bindemittelgr\u00f6\u00dfe: 35 oder 38 oder 40 oder 42<\/p>\n<p>Hubh\u00f6he des Pressfu\u00dfes: 8MM-10MM<\/p>\n<p>Max. Geschwindigkeit: 2000RPM<\/p>\n<p>Nadel: DP*59 23#<\/p>\n<p>Stichl\u00e4nge: 4-6 mm (1 Zoll)<\/p>\n<p>Luftdruck: 0,6-0,8 MPa<\/p>\n<p>Gesamtleistung: 2600W<\/p>\n<p>Spannung: 220V 1 PHASE 50\/60HZ<\/p>","protected":false},"excerpt":{"rendered":"<p>https:\/\/youtu.be\/N3S9fUcRfiQ<\/p>\n<p>https:\/\/youtu.be\/gu8HomFFgmM<\/p>\n<p>SPF-300U ist eine Flachkantenmaschine, die Matratzenstoffe automatisch transportiert und das Wenden von Ecken mit einem F\u00f6rderband unterst\u00fctzt. Sie ist mit einem 300UB-Maschinenkopf ausgestattet. Diese intelligente Bandkantenmaschine ist einfach zu bedienen, reduziert die Einarbeitungszeit des Bedieners, verbessert die Arbeitseffizienz erheblich und gew\u00e4hrleistet eine hohe Qualit\u00e4t. Das F\u00f6rderband unterst\u00fctzt den Maschinenkopf auch bei der synchronen Zuf\u00fchrung, wodurch die Belastung des Maschinenkopfes verringert und dessen Lebensdauer verl\u00e4ngert wird.<\/p>\n<p>Wenn der Bediener mit extrem dicken und schweren Stoffen arbeitet, bef\u00f6rdert das F\u00f6rderband den Stoff gleichzeitig und wendet automatisch die Ecke, was die Erm\u00fcdung des Bedieners erheblich reduziert und die Schulung vereinfacht.<\/p>\n<p>Automatische Kurvenfahrt<\/p>\n<p>Reduziert die Arbeitsbelastung des Maschinenkopfes und verl\u00e4ngert die Lebensdauer des Maschinenkopfes<\/p>\n<p>Verbessert die Produktivit\u00e4t des Bedieners<\/p>","protected":false},"featured_media":1945,"comment_status":"open","ping_status":"closed","template":"","meta":{"rank_math_lock_modified_date":false},"product_cat":[22],"product_tag":[],"class_list":{"0":"post-1944","1":"product","2":"type-product","3":"status-publish","4":"has-post-thumbnail","6":"product_cat-tape-edge-machine","8":"first","9":"instock","10":"shipping-taxable","11":"product-type-simple"},"jetpack_sharing_enabled":true,"_links":{"self":[{"href":"https:\/\/boya-machinery.com\/de\/wp-json\/wp\/v2\/product\/1944","targetHints":{"allow":["GET"]}}],"collection":[{"href":"https:\/\/boya-machinery.com\/de\/wp-json\/wp\/v2\/product"}],"about":[{"href":"https:\/\/boya-machinery.com\/de\/wp-json\/wp\/v2\/types\/product"}],"replies":[{"embeddable":true,"href":"https:\/\/boya-machinery.com\/de\/wp-json\/wp\/v2\/comments?post=1944"}],"wp:featuredmedia":[{"embeddable":true,"href":"https:\/\/boya-machinery.com\/de\/wp-json\/wp\/v2\/media\/1945"}],"wp:attachment":[{"href":"https:\/\/boya-machinery.com\/de\/wp-json\/wp\/v2\/media?parent=1944"}],"wp:term":[{"taxonomy":"product_cat","embeddable":true,"href":"https:\/\/boya-machinery.com\/de\/wp-json\/wp\/v2\/product_cat?post=1944"},{"taxonomy":"product_tag","embeddable":true,"href":"https:\/\/boya-machinery.com\/de\/wp-json\/wp\/v2\/product_tag?post=1944"}],"curies":[{"name":"wp","href":"https:\/\/api.w.org\/{rel}","templated":true}]}}