{"id":790,"date":"2024-10-29T07:13:47","date_gmt":"2024-10-29T07:13:47","guid":{"rendered":"https:\/\/boya-machinery.com\/?post_type=product&#038;p=790"},"modified":"2024-11-11T02:04:03","modified_gmt":"2024-11-11T02:04:03","slug":"mattress-flanging-machine","status":"publish","type":"product","link":"https:\/\/boya-machinery.com\/de\/product\/mattress-flanging-machine\/","title":{"rendered":"Beste Matratzenb\u00f6rdelmaschine aus Porzellan"},"content":{"rendered":"<p><strong>Maschine zum B\u00f6rdeln von Matratzen<\/strong><\/p>\n<p style=\"font-weight: 100;\">Leiter: JUKI<\/p>\n<p style=\"font-weight: 100;\">Breite der B\u00f6rdelung: 25MM<\/p>\n<p style=\"font-weight: 100;\">Dicke der B\u00f6rdelung: 10-90MM<\/p>\n<p style=\"font-weight: 100;\">Max. Geschwindigkeit: 4.500RPM<\/p>\n<p style=\"font-weight: 100;\">Motorleistung: 750W<\/p>","protected":false},"excerpt":{"rendered":"<p>Eine Matratzenb\u00f6rdelmaschine ist eine spezialisierte Industrien\u00e4hmaschine, die bei der Matratzenherstellung verwendet wird, um das Randmaterial mit einer starken und dauerhaften Naht an der Matratzenplatte zu befestigen.<\/p>\n<p>F\u00fcr hochwertige Matratzen ist eine Matratzenb\u00f6rdelmaschine eine notwendige N\u00e4hmaschine, da f\u00fcr hochwertige Matratzen immer schweres Material verwendet wird und es ohne eine B\u00f6rdelmaschine sehr schwierig ist, das Material zu b\u00f6rdeln.<\/p>\n<p style=\"font-weight: 100;\">N\u00e4hen von Stoffen ist einfacher und leistungsf\u00e4higer<\/p>\n<p>Dies ist eine weltber\u00fchmte N\u00e4hmaschine Marke namens \"Juki\", die Qualit\u00e4t sichert immer 8-10 Jahre<\/p>\n<p style=\"font-weight: 100;\">Neue hochbelastbare Fu\u00dfpresse<\/p>\n<p style=\"font-weight: 100;\">Design-Fu\u00dfhubh\u00f6he bis 35MM, mit seinem hohen Pressfu\u00dfhub kann der Maschinenbediener das Material leicht in die Maschine legen<\/p>\n<p style=\"font-weight: 100;\">Neue Konstruktion der Antriebsmaschine<\/p>\n<p style=\"font-weight: 100;\">Der Nadelabstand kann je nach Kundenwunsch angepasst werden. Standard-Teilung: 4,5-6 Zoll<\/p>\n<p style=\"font-weight: 100;\">Taiwans Original-Servomotor<\/p>\n<p style=\"font-weight: 100;\">Automatische Schmierung der K\u00f6pfe<\/p>\n<p style=\"font-weight: 100;\">Einfaches Umr\u00fcsten f\u00fcr dicke oder d\u00fcnne Stoffe<\/p>\n<p>Um einen reibungslosen Betrieb der Maschine zu gew\u00e4hrleisten, sollten Sie das Schmiersystem regelm\u00e4\u00dfig \u00fcberpr\u00fcfen und bei Bedarf nachf\u00fcllen.<\/p>\n<p>Reinigen Sie die Maschine regelm\u00e4\u00dfig, damit kein Material an der Maschine kleben bleibt und die Produktion verz\u00f6gert.<\/p>\n<p>Im Vergleich zu anderen Anbietern bieten wir unseren Kunden immer eine 2-Jahres-Garantie, da unsere Qualit\u00e4t vom Markt getestet werden kann.<\/p>","protected":false},"featured_media":791,"comment_status":"closed","ping_status":"closed","template":"","meta":{"rank_math_lock_modified_date":false},"product_cat":[21],"product_tag":[],"class_list":{"0":"post-790","1":"product","2":"type-product","3":"status-publish","4":"has-post-thumbnail","6":"product_cat-flanging-machine","8":"first","9":"instock","10":"shipping-taxable","11":"product-type-simple"},"jetpack_sharing_enabled":true,"_links":{"self":[{"href":"https:\/\/boya-machinery.com\/de\/wp-json\/wp\/v2\/product\/790","targetHints":{"allow":["GET"]}}],"collection":[{"href":"https:\/\/boya-machinery.com\/de\/wp-json\/wp\/v2\/product"}],"about":[{"href":"https:\/\/boya-machinery.com\/de\/wp-json\/wp\/v2\/types\/product"}],"replies":[{"embeddable":true,"href":"https:\/\/boya-machinery.com\/de\/wp-json\/wp\/v2\/comments?post=790"}],"wp:featuredmedia":[{"embeddable":true,"href":"https:\/\/boya-machinery.com\/de\/wp-json\/wp\/v2\/media\/791"}],"wp:attachment":[{"href":"https:\/\/boya-machinery.com\/de\/wp-json\/wp\/v2\/media?parent=790"}],"wp:term":[{"taxonomy":"product_cat","embeddable":true,"href":"https:\/\/boya-machinery.com\/de\/wp-json\/wp\/v2\/product_cat?post=790"},{"taxonomy":"product_tag","embeddable":true,"href":"https:\/\/boya-machinery.com\/de\/wp-json\/wp\/v2\/product_tag?post=790"}],"curies":[{"name":"wp","href":"https:\/\/api.w.org\/{rel}","templated":true}]}}