{"id":808,"date":"2024-10-29T07:43:07","date_gmt":"2024-10-29T07:43:07","guid":{"rendered":"https:\/\/boya-machinery.com\/?post_type=product&#038;p=808"},"modified":"2025-03-25T09:44:06","modified_gmt":"2025-03-25T09:44:06","slug":"mattress-flanging-machine-manual","status":"publish","type":"product","link":"https:\/\/boya-machinery.com\/de\/product\/mattress-flanging-machine-manual\/","title":{"rendered":"Perfekte Matratzenb\u00f6rdelmaschine manuell"},"content":{"rendered":"<p><strong>Handbuch Matratzenb\u00f6rdelmaschine<\/strong><\/p>\n<p>Leiter: Pegasus Japan<\/p>\n<p>B\u00f6rdelbreite: 15mm, 25mm oder 30mm<\/p>\n<p>Dicke der B\u00f6rdelung: 10-90mm<\/p>\n<p>Max. Geschwindigkeit: 4000rpm<\/p>\n<p>Motorleistung: 750w<\/p>","protected":false},"excerpt":{"rendered":"<p>https:\/\/www.youtube.com\/embed\/HIf6hNVHBGs<\/p>\n<p style=\"font-weight: 100;\">Dies ist eine manuelle Hochgeschwindigkeits-Matratzenb\u00f6rdelmaschine, ausgestattet mit einem PEGASUS-Kopf. Mit fortschrittlicher synchroner Zuf\u00fchrung und Dr\u00fcckerf\u00fc\u00dfe Struktur, die sehr dicken Materialien k\u00f6nnen leicht noch mit stabiler Leistung verarbeitet werden. Perfekte N\u00e4hqualit\u00e4t kann erreicht werden.<\/p>\n<p style=\"font-weight: 100;\">Bis zu 4.000 N\u00e4hgeschwindigkeit<\/p>\n<p style=\"font-weight: 100;\">Beh\u00e4lt eine lange Stichl\u00e4nge bei<\/p>\n<p style=\"font-weight: 100;\">Synchrone Zuf\u00fchrungsstruktur mit ausgezeichneter Zuf\u00fchrungsleistung, auch sehr dicke Stoffe k\u00f6nnen leicht durchlaufen, w\u00e4hrend dies bei anderen N\u00e4hmaschinen oft nicht gelingt<\/p>\n<p style=\"font-weight: 100;\">Sowohl dickes als auch d\u00fcnnes Gewebe kann leicht verarbeitet werden<\/p>\n<p style=\"font-weight: 100;\">Automatisches K\u00fchl- und Schmiersystem<\/p>\n<p style=\"font-weight: 100;\">Mit Taiwan Housing Servomotor, Marke Servomotor Kundendienst sind weltweit, k\u00f6nnen die Kunden finden Servomotor Unterst\u00fctzung leicht, egal aus welchem Land Sie sind<\/p>\n<p>Dieses Modell der Matratzen-B\u00f6rdelmaschine ist im Vergleich zur Porter PFM-4000 Modell-B\u00f6rdelmaschine preisg\u00fcnstiger und auf dem Markt beliebter.<\/p>\n<p>Diese Matratze B\u00f6rdelmaschine Handbuch passt die urspr\u00fcngliche japanische Marke PEGASUS N\u00e4hkopf mit seinen hochwertigen Ersatzteilen, die die Verwendung dieser Maschine f\u00fcr rund 8-10 Jahre zu gew\u00e4hrleisten, ist PEGASUS eine ber\u00fchmte Marke in der N\u00e4hmaschine Industrie, und viele gef\u00e4lschte N\u00e4hk\u00f6pfe gibt es auf dem Markt, m\u00fcssen die Kunden zu \u00fcberpr\u00fcfen, um die urspr\u00fcngliche N\u00e4hmaschine zu bekommen.<\/p>\n<p>&nbsp;<\/p>\n<p>&nbsp;<\/p>\n<p>&nbsp;<\/p>","protected":false},"featured_media":1711,"comment_status":"open","ping_status":"closed","template":"","meta":{"rank_math_lock_modified_date":false},"product_cat":[21],"product_tag":[],"class_list":{"0":"post-808","1":"product","2":"type-product","3":"status-publish","4":"has-post-thumbnail","6":"product_cat-flanging-machine","8":"first","9":"instock","10":"shipping-taxable","11":"product-type-simple"},"jetpack_sharing_enabled":true,"_links":{"self":[{"href":"https:\/\/boya-machinery.com\/de\/wp-json\/wp\/v2\/product\/808","targetHints":{"allow":["GET"]}}],"collection":[{"href":"https:\/\/boya-machinery.com\/de\/wp-json\/wp\/v2\/product"}],"about":[{"href":"https:\/\/boya-machinery.com\/de\/wp-json\/wp\/v2\/types\/product"}],"replies":[{"embeddable":true,"href":"https:\/\/boya-machinery.com\/de\/wp-json\/wp\/v2\/comments?post=808"}],"wp:featuredmedia":[{"embeddable":true,"href":"https:\/\/boya-machinery.com\/de\/wp-json\/wp\/v2\/media\/1711"}],"wp:attachment":[{"href":"https:\/\/boya-machinery.com\/de\/wp-json\/wp\/v2\/media?parent=808"}],"wp:term":[{"taxonomy":"product_cat","embeddable":true,"href":"https:\/\/boya-machinery.com\/de\/wp-json\/wp\/v2\/product_cat?post=808"},{"taxonomy":"product_tag","embeddable":true,"href":"https:\/\/boya-machinery.com\/de\/wp-json\/wp\/v2\/product_tag?post=808"}],"curies":[{"name":"wp","href":"https:\/\/api.w.org\/{rel}","templated":true}]}}