{"id":823,"date":"2024-10-29T07:44:38","date_gmt":"2024-10-29T07:44:38","guid":{"rendered":"https:\/\/boya-machinery.com\/?post_type=product&#038;p=823"},"modified":"2024-11-11T06:56:04","modified_gmt":"2024-11-11T06:56:04","slug":"mattress-flange-machine","status":"publish","type":"product","link":"https:\/\/boya-machinery.com\/de\/product\/mattress-flange-machine\/","title":{"rendered":"Privater Hersteller von Matratzenflanschmaschinen"},"content":{"rendered":"<p><strong>Matratzenflanschmaschine<\/strong><\/p>\n<p>Kopf: JUKI 6800<\/p>\n<p>Flanschbreite: 25MM oder 30MM 25MM oder 30MM<\/p>\n<p>Dicke der B\u00f6rdelung: 10 - 80MM<\/p>\n<p>Max. Geschwindigkeit: 3000RPM<\/p>\n<p>Motorleistung: 550W<\/p>","protected":false},"excerpt":{"rendered":"<p>Eine Matratzenflanschmaschine ist eine spezialisierte N\u00e4hmaschine, die in der Matratzenindustrie verwendet wird, um einen Flansch oder einen Stoffstreifen an Matratzenplatten anzubringen.<\/p>\n<p>Dieser Flansch dient als Anker, der es erm\u00f6glicht, die oberen und unteren Matratzenplatten w\u00e4hrend der Endmontage sicher am Matratzenrand zu befestigen, wodurch eine starke, einheitliche Struktur entsteht.<\/p>\n<p>Synchrone Zuf\u00fchrungsstruktur mit ausgezeichneter Zuf\u00fchrungsleistung, auch sehr dicke Stoffe k\u00f6nnen leicht durchlaufen, w\u00e4hrend dies bei anderen N\u00e4hmaschinen oft nicht gelingt<\/p>\n<p>Sowohl dickes als auch d\u00fcnnes Gewebe kann leicht verarbeitet werden<\/p>\n<p>Automatisches K\u00fchl- und Schmiersystem<\/p>\n<p>Taiwan-Servomotor<\/p>\n<p>Dieses Modell der Matratzenflanschmaschine ist ein exklusives Modell und wurde von unserer Fabrik entwickelt, mit seinem wettbewerbsf\u00e4higen Preis und hervorragend auf dem Markt<\/p>\n<p>Wir verwenden N\u00e4hk\u00f6pfe der japanischen Firma Juki, die hochwertige Matratzenflanschmaschinen anbieten, die f\u00fcr ihre Langlebigkeit und Effizienz in industriellen Umgebungen bekannt sind.<\/p>\n<p>Diese Flanschmaschine mit einstellbarer Stichl\u00e4nge und -spannung erm\u00f6glicht es dem Bediener, die Einstellungen an die spezifischen Materialien anzupassen, die in jeder Matratze verwendet werden. Die normale Stichl\u00e4nge betr\u00e4gt 4,5-6 Stiche pro Zoll.<\/p>\n<p>Flanschmaschinen sind f\u00fcr die Verarbeitung von dicken und dichten Matratzenmaterialien ausgelegt, einschlie\u00dflich Steppstoffen, Schaumstoff und anderen schweren Polstermaterialien.<\/p>\n<p>&nbsp;<\/p>","protected":false},"featured_media":814,"comment_status":"open","ping_status":"closed","template":"","meta":{"rank_math_lock_modified_date":false},"product_cat":[21],"product_tag":[],"class_list":{"0":"post-823","1":"product","2":"type-product","3":"status-publish","4":"has-post-thumbnail","6":"product_cat-flanging-machine","8":"first","9":"instock","10":"shipping-taxable","11":"product-type-simple"},"jetpack_sharing_enabled":true,"_links":{"self":[{"href":"https:\/\/boya-machinery.com\/de\/wp-json\/wp\/v2\/product\/823","targetHints":{"allow":["GET"]}}],"collection":[{"href":"https:\/\/boya-machinery.com\/de\/wp-json\/wp\/v2\/product"}],"about":[{"href":"https:\/\/boya-machinery.com\/de\/wp-json\/wp\/v2\/types\/product"}],"replies":[{"embeddable":true,"href":"https:\/\/boya-machinery.com\/de\/wp-json\/wp\/v2\/comments?post=823"}],"wp:featuredmedia":[{"embeddable":true,"href":"https:\/\/boya-machinery.com\/de\/wp-json\/wp\/v2\/media\/814"}],"wp:attachment":[{"href":"https:\/\/boya-machinery.com\/de\/wp-json\/wp\/v2\/media?parent=823"}],"wp:term":[{"taxonomy":"product_cat","embeddable":true,"href":"https:\/\/boya-machinery.com\/de\/wp-json\/wp\/v2\/product_cat?post=823"},{"taxonomy":"product_tag","embeddable":true,"href":"https:\/\/boya-machinery.com\/de\/wp-json\/wp\/v2\/product_tag?post=823"}],"curies":[{"name":"wp","href":"https:\/\/api.w.org\/{rel}","templated":true}]}}