{"id":824,"date":"2024-10-29T07:46:10","date_gmt":"2024-10-29T07:46:10","guid":{"rendered":"https:\/\/boya-machinery.com\/?post_type=product&#038;p=824"},"modified":"2025-03-25T09:21:34","modified_gmt":"2025-03-25T09:21:34","slug":"mattress-flanging-machine-manufacturers","status":"publish","type":"product","link":"https:\/\/boya-machinery.com\/de\/product\/mattress-flanging-machine-manufacturers\/","title":{"rendered":"G\u00fcnstige Matratzenb\u00f6rdelmaschine Hersteller"},"content":{"rendered":"<p><strong>Hersteller von Matratzenb\u00f6rdelmaschinen<\/strong><\/p>\n<p>Kopf: Kingtex<\/p>\n<p>B\u00f6rdelbreite: 25MM oder 30MM<\/p>\n<p>Dicke der B\u00f6rdelung: 1 - 70MM<\/p>\n<p>Max. Geschwindigkeit: 3000RPM<\/p>\n<p>Motorleistung: 550W<\/p>\n<p>Fu\u00dfheber dr\u00fccken\uff1a15MM<\/p>\n<div id=\"gtx-trans\" style=\"position: absolute; left: -3px; top: 48px;\">\n<div class=\"gtx-trans-icon\"><\/div>\n<\/div>","protected":false},"excerpt":{"rendered":"<p>https:\/\/youtu.be\/MfhjTK4IYxk<\/p>\n<p>Wir sind ein Hersteller von Matratzenb\u00f6rdelmaschinen mit langj\u00e4hriger Erfahrung und bieten fortschrittliche B\u00f6rdell\u00f6sungen mit dem Fokus auf Innovation und Energieeffizienz<\/p>\n<p>Spezialisiert auf nachhaltige und energieeffiziente Maschinen f\u00fcr Matratzenhersteller<\/p>\n<p>Matratzenb\u00f6rdelmaschinen sind spezialisierte Industrieausr\u00fcstungen, die f\u00fcr das Randn\u00e4hverfahren bei der Matratzenherstellung entwickelt wurden.<\/p>\n<p>Synchrone Zuf\u00fchrungsstruktur mit ausgezeichneter Zuf\u00fchrungsleistung, auch sehr dicke Stoffe k\u00f6nnen leicht durchlaufen, w\u00e4hrend dies bei anderen N\u00e4hmaschinen oft nicht gelingt<\/p>\n<p>Bietet Hochleistungs-B\u00f6rdelmaschinen mit robusten Garantien und ausgezeichnetem Kundendienst<\/p>\n<p>Diese Maschinen sorgen f\u00fcr Pr\u00e4zision, Schnelligkeit und Konsistenz beim Anbringen von R\u00e4ndern an Matratzenplatten, was ein entscheidender Schritt ist, um die Haltbarkeit und \u00c4sthetik des Produkts zu gew\u00e4hrleisten.<\/p>\n<p>Geeignet f\u00fcr eine Vielzahl von Matratzengr\u00f6\u00dfen und -materialien, einschlie\u00dflich Schaumstoff-, Feder- und Hybridmatratzen<\/p>\n<p>Sowohl dickes als auch d\u00fcnnes Gewebe kann leicht verarbeitet werden<\/p>\n<p>Automatisches K\u00fchl- und Schmiersystem<\/p>\n<p>Taiwan-Servomotor<\/p>\n<p>Die Investition in eine Matratzenb\u00f6rdelmaschine kann den Matratzenherstellungsprozess erheblich rationalisieren, die Produktqualit\u00e4t verbessern und die Betriebskosten senken.<\/p>\n<p>&nbsp;<\/p>\n<p>&nbsp;<\/p>","protected":false},"featured_media":815,"comment_status":"open","ping_status":"closed","template":"","meta":{"rank_math_lock_modified_date":false},"product_cat":[21],"product_tag":[],"class_list":{"0":"post-824","1":"product","2":"type-product","3":"status-publish","4":"has-post-thumbnail","6":"product_cat-flanging-machine","8":"first","9":"instock","10":"shipping-taxable","11":"product-type-simple"},"jetpack_sharing_enabled":true,"_links":{"self":[{"href":"https:\/\/boya-machinery.com\/de\/wp-json\/wp\/v2\/product\/824","targetHints":{"allow":["GET"]}}],"collection":[{"href":"https:\/\/boya-machinery.com\/de\/wp-json\/wp\/v2\/product"}],"about":[{"href":"https:\/\/boya-machinery.com\/de\/wp-json\/wp\/v2\/types\/product"}],"replies":[{"embeddable":true,"href":"https:\/\/boya-machinery.com\/de\/wp-json\/wp\/v2\/comments?post=824"}],"wp:featuredmedia":[{"embeddable":true,"href":"https:\/\/boya-machinery.com\/de\/wp-json\/wp\/v2\/media\/815"}],"wp:attachment":[{"href":"https:\/\/boya-machinery.com\/de\/wp-json\/wp\/v2\/media?parent=824"}],"wp:term":[{"taxonomy":"product_cat","embeddable":true,"href":"https:\/\/boya-machinery.com\/de\/wp-json\/wp\/v2\/product_cat?post=824"},{"taxonomy":"product_tag","embeddable":true,"href":"https:\/\/boya-machinery.com\/de\/wp-json\/wp\/v2\/product_tag?post=824"}],"curies":[{"name":"wp","href":"https:\/\/api.w.org\/{rel}","templated":true}]}}