{"id":825,"date":"2024-10-29T07:47:17","date_gmt":"2024-10-29T07:47:17","guid":{"rendered":"https:\/\/boya-machinery.com\/?post_type=product&#038;p=825"},"modified":"2024-11-13T02:53:33","modified_gmt":"2024-11-13T02:53:33","slug":"mattress-flange-sewing-machine-manual","status":"publish","type":"product","link":"https:\/\/boya-machinery.com\/de\/product\/mattress-flange-sewing-machine-manual\/","title":{"rendered":"Beste Matratzenflansch-N\u00e4hmaschine manuell"},"content":{"rendered":"<p><strong>Matratzenflansch N\u00e4hmaschine Handbuch<\/strong><\/p>\n<p>Leiter: Pegasus Japan<\/p>\n<p>B\u00f6rdelbreite: 15mm, 25mm oder 30mm<\/p>\n<p>Dicke der B\u00f6rdelung: 10-80mm<\/p>\n<p>Max. Geschwindigkeit: 3000RPM<\/p>\n<p>Motorleistung: 550W<\/p>","protected":false},"excerpt":{"rendered":"<p>Dieses Modell der Matratzenflansch-N\u00e4hmaschine mit Handbuch ist bekannt f\u00fcr seine Hochgeschwindigkeitsf\u00e4higkeiten und seine Langlebigkeit. Das Handbuch enth\u00e4lt umfassende Informationen \u00fcber die Installation, den Betrieb und die allgemeine Wartung<\/p>\n<p>Das Betriebshandbuch und die Ersatzteilliste f\u00fcr diese Maschine bieten eine ausf\u00fchrliche Anleitung f\u00fcr den Gebrauch und die Wartung der Maschine.<\/p>\n<p style=\"font-weight: 100;\">Dies ist eine Hochgeschwindigkeits-Stoffmatratzen-N\u00e4hmaschine, ausgestattet mit einem PEGASUS-Kopf. Mit der fortschrittlichen Struktur des Synchrontransports und der Dr\u00fcckerf\u00fc\u00dfe k\u00f6nnen sehr dicke Materialien leicht und mit stabiler Leistung verarbeitet werden. Es kann eine perfekte N\u00e4hqualit\u00e4t erreicht werden.<\/p>\n<p>Die beliebteste B\u00f6rdelbreite ist 25mm, aber einige Kunden ben\u00f6tigen auch 15 oder 30mm, wir k\u00f6nnen Kunden mit ma\u00dfgeschneiderten Breiten auf der Grundlage ihrer Nachfrage bieten<\/p>\n<p style=\"font-weight: 100;\">Bis zu 3.000 N\u00e4hgeschwindigkeit<\/p>\n<p style=\"font-weight: 100;\">Beh\u00e4lt eine lange Stichl\u00e4nge bei<\/p>\n<p style=\"font-weight: 100;\">Synchrone Zuf\u00fchrungsstruktur mit ausgezeichneter Zuf\u00fchrungsleistung, auch sehr dicke Stoffe k\u00f6nnen leicht durchlaufen, w\u00e4hrend dies bei anderen N\u00e4hmaschinen oft nicht gelingt<\/p>\n<p style=\"font-weight: 100;\">Sowohl dickes als auch d\u00fcnnes Gewebe kann leicht verarbeitet werden<\/p>\n<p style=\"font-weight: 100;\">Automatisches K\u00fchl- und Schmiersystem<\/p>\n<p style=\"font-weight: 100;\">Taiwan-Servomotor<\/p>","protected":false},"featured_media":816,"comment_status":"open","ping_status":"closed","template":"","meta":{"rank_math_lock_modified_date":false},"product_cat":[21],"product_tag":[],"class_list":{"0":"post-825","1":"product","2":"type-product","3":"status-publish","4":"has-post-thumbnail","6":"product_cat-flanging-machine","8":"first","9":"instock","10":"shipping-taxable","11":"product-type-simple"},"jetpack_sharing_enabled":true,"_links":{"self":[{"href":"https:\/\/boya-machinery.com\/de\/wp-json\/wp\/v2\/product\/825","targetHints":{"allow":["GET"]}}],"collection":[{"href":"https:\/\/boya-machinery.com\/de\/wp-json\/wp\/v2\/product"}],"about":[{"href":"https:\/\/boya-machinery.com\/de\/wp-json\/wp\/v2\/types\/product"}],"replies":[{"embeddable":true,"href":"https:\/\/boya-machinery.com\/de\/wp-json\/wp\/v2\/comments?post=825"}],"wp:featuredmedia":[{"embeddable":true,"href":"https:\/\/boya-machinery.com\/de\/wp-json\/wp\/v2\/media\/816"}],"wp:attachment":[{"href":"https:\/\/boya-machinery.com\/de\/wp-json\/wp\/v2\/media?parent=825"}],"wp:term":[{"taxonomy":"product_cat","embeddable":true,"href":"https:\/\/boya-machinery.com\/de\/wp-json\/wp\/v2\/product_cat?post=825"},{"taxonomy":"product_tag","embeddable":true,"href":"https:\/\/boya-machinery.com\/de\/wp-json\/wp\/v2\/product_tag?post=825"}],"curies":[{"name":"wp","href":"https:\/\/api.w.org\/{rel}","templated":true}]}}