{"id":826,"date":"2024-10-29T07:48:31","date_gmt":"2024-10-29T07:48:31","guid":{"rendered":"https:\/\/boya-machinery.com\/?post_type=product&#038;p=826"},"modified":"2025-04-08T05:34:03","modified_gmt":"2025-04-08T05:34:03","slug":"flange-machine-mattress","status":"publish","type":"product","link":"https:\/\/boya-machinery.com\/de\/product\/flange-machine-mattress\/","title":{"rendered":"Kreative Flansch-Maschinenmatratze"},"content":{"rendered":"<p><strong>Flansch-Maschinenmatratze<\/strong><\/p>\n<p>Kopf: Juki 6900<\/p>\n<p>Breite der B\u00f6rdelung: 25mm<\/p>\n<p>Dicke der B\u00f6rdelung: 10-70mm<\/p>\n<p>Max. Drehzahl: 3000 RPM<\/p>\n<p>Motor: 550W<\/p>","protected":false},"excerpt":{"rendered":"<p>https:\/\/youtu.be\/lJo2Na2FmGQ<\/p>\n<p>Eine Flanschmaschinenmatratze ist eine Spezialmaschine, die bei der Herstellung von Matratzen verwendet wird, insbesondere in der Matratzenindustrie.<\/p>\n<p>Es automatisiert das N\u00e4hen eines Flansches (eines Stoffstreifens) um die Kanten der Matratzenplatten.<\/p>\n<p>Der Flansch dient als Verst\u00e4rkung und bietet eine Struktur f\u00fcr die Befestigung der Ober- und Unterseite der Matratze an den inneren Komponenten, wie Federn oder Schaumstoff.<\/p>\n<p>Wird h\u00e4ufig zusammen mit Stepp- und Bord\u00fcrenmaschinen in Matratzenproduktionslinien eingesetzt<\/p>\n<p>Dieses Modell der B\u00f6rdelmaschine (B\u00f6rdelmaschine, Saummaschine) wird seit mehr als zehn Jahren verkauft, und wir verbessern immer Schritt f\u00fcr Schritt auf der Grundlage der Anforderungen der Kunden, dieses Modell ist immer noch ein Trend von dickem Material f\u00fcr die Matratzenindustrie<\/p>\n<p style=\"font-weight: 100;\">Er wird f\u00fcr Matratzen und \u00fcberdicke Stoffb\u00f6rdelungen verwendet. Er kann auch den Vliesstoff mit der Matratzenkante vern\u00e4hen.<\/p>\n<p style=\"font-weight: 100;\">JUKI N\u00e4hkopf mit doppeltem Bolzen und gerader Nadelausf\u00fchrung<\/p>\n<p style=\"font-weight: 100;\">Kopf mit automatischem \u00d6lversorgungssystem, das jedes Teil leicht schmiert<\/p>\n<p style=\"font-weight: 100;\">Doppelnadel-F\u00fcnf-Faden-Synchronstruktur, starkes Getriebe-Stofftransportsystem, das die Transportpr\u00e4zision und eine perfekte Naht gew\u00e4hrleistet; Vermeidung von Faltenbildung<\/p>\n<p style=\"font-weight: 100;\">Sowohl dickes als auch d\u00fcnnes Gewebe kann leicht verarbeitet werden<\/p>\n<p style=\"font-weight: 100;\">\u00a0Taiwan-Servomotor<\/p>","protected":false},"featured_media":813,"comment_status":"open","ping_status":"closed","template":"","meta":{"rank_math_lock_modified_date":false},"product_cat":[21],"product_tag":[],"class_list":{"0":"post-826","1":"product","2":"type-product","3":"status-publish","4":"has-post-thumbnail","6":"product_cat-flanging-machine","8":"first","9":"instock","10":"shipping-taxable","11":"product-type-simple"},"jetpack_sharing_enabled":true,"_links":{"self":[{"href":"https:\/\/boya-machinery.com\/de\/wp-json\/wp\/v2\/product\/826","targetHints":{"allow":["GET"]}}],"collection":[{"href":"https:\/\/boya-machinery.com\/de\/wp-json\/wp\/v2\/product"}],"about":[{"href":"https:\/\/boya-machinery.com\/de\/wp-json\/wp\/v2\/types\/product"}],"replies":[{"embeddable":true,"href":"https:\/\/boya-machinery.com\/de\/wp-json\/wp\/v2\/comments?post=826"}],"wp:featuredmedia":[{"embeddable":true,"href":"https:\/\/boya-machinery.com\/de\/wp-json\/wp\/v2\/media\/813"}],"wp:attachment":[{"href":"https:\/\/boya-machinery.com\/de\/wp-json\/wp\/v2\/media?parent=826"}],"wp:term":[{"taxonomy":"product_cat","embeddable":true,"href":"https:\/\/boya-machinery.com\/de\/wp-json\/wp\/v2\/product_cat?post=826"},{"taxonomy":"product_tag","embeddable":true,"href":"https:\/\/boya-machinery.com\/de\/wp-json\/wp\/v2\/product_tag?post=826"}],"curies":[{"name":"wp","href":"https:\/\/api.w.org\/{rel}","templated":true}]}}