{"id":827,"date":"2024-10-29T07:51:20","date_gmt":"2024-10-29T07:51:20","guid":{"rendered":"https:\/\/boya-machinery.com\/?post_type=product&#038;p=827"},"modified":"2024-11-13T03:46:12","modified_gmt":"2024-11-13T03:46:12","slug":"mattress-tape-binding-machine","status":"publish","type":"product","link":"https:\/\/boya-machinery.com\/de\/product\/mattress-tape-binding-machine\/","title":{"rendered":"Beliebte Matratze Band Bindung Maschine Hersteller"},"content":{"rendered":"<p><strong>Matratzenband-Bindemaschine<\/strong><\/p>\n<p style=\"font-weight: 100;\">Max. Drehzahl: 2.500 RPM<\/p>\n<p style=\"font-weight: 100;\">Gr\u00f6\u00dfe des Arbeitstisches: 1220 \u00d7 650 mm<\/p>\n<p style=\"font-weight: 100;\">Luftdruck: (0,5 - 0,8) Mpa<\/p>\n<p style=\"font-weight: 100;\">Gesamtleistung: 550W<\/p>\n<p style=\"font-weight: 100;\">Stromversorgung: 230V, einphasig<\/p>","protected":false},"excerpt":{"rendered":"<p style=\"font-weight: 100;\">Diese Bandkantenmaschine wird f\u00fcr Bandkanten an Matratzenplatten, Schlafs\u00e4cken und Zelten verwendet.<\/p>\n<p style=\"font-weight: 100;\">Entsprechend der aktuellen Marktnachfrage haben wir eine neue Funktion entwickelt, die den Rei\u00dfverschluss und den Stoff gleichzeitig zusammenn\u00e4hen kann.<\/p>\n<p style=\"font-weight: 100;\">\u00a0Erweiterter Kettenstich-N\u00e4hkopf<\/p>\n<p style=\"font-weight: 100;\">Taiwan-Servomotor<\/p>\n<p style=\"font-weight: 100;\">\u00a0Pneumatischer Presserfu\u00dfheber<\/p>\n<p style=\"font-weight: 100;\">Stabile Leistung, geringe Vibration, geringe Ger\u00e4uschentwicklung und hohe Effizienz<\/p>","protected":false},"featured_media":822,"comment_status":"open","ping_status":"closed","template":"","meta":{"rank_math_lock_modified_date":false},"product_cat":[22],"product_tag":[],"class_list":{"0":"post-827","1":"product","2":"type-product","3":"status-publish","4":"has-post-thumbnail","6":"product_cat-tape-edge-machine","8":"first","9":"instock","10":"shipping-taxable","11":"product-type-simple"},"jetpack_sharing_enabled":true,"_links":{"self":[{"href":"https:\/\/boya-machinery.com\/de\/wp-json\/wp\/v2\/product\/827","targetHints":{"allow":["GET"]}}],"collection":[{"href":"https:\/\/boya-machinery.com\/de\/wp-json\/wp\/v2\/product"}],"about":[{"href":"https:\/\/boya-machinery.com\/de\/wp-json\/wp\/v2\/types\/product"}],"replies":[{"embeddable":true,"href":"https:\/\/boya-machinery.com\/de\/wp-json\/wp\/v2\/comments?post=827"}],"wp:featuredmedia":[{"embeddable":true,"href":"https:\/\/boya-machinery.com\/de\/wp-json\/wp\/v2\/media\/822"}],"wp:attachment":[{"href":"https:\/\/boya-machinery.com\/de\/wp-json\/wp\/v2\/media?parent=827"}],"wp:term":[{"taxonomy":"product_cat","embeddable":true,"href":"https:\/\/boya-machinery.com\/de\/wp-json\/wp\/v2\/product_cat?post=827"},{"taxonomy":"product_tag","embeddable":true,"href":"https:\/\/boya-machinery.com\/de\/wp-json\/wp\/v2\/product_tag?post=827"}],"curies":[{"name":"wp","href":"https:\/\/api.w.org\/{rel}","templated":true}]}}