{"id":828,"date":"2024-10-29T07:53:53","date_gmt":"2024-10-29T07:53:53","guid":{"rendered":"https:\/\/boya-machinery.com\/?post_type=product&#038;p=828"},"modified":"2025-04-07T08:01:41","modified_gmt":"2025-04-07T08:01:41","slug":"automatische-bandkantenmaschine","status":"publish","type":"product","link":"https:\/\/boya-machinery.com\/de\/product\/automatic-tape-edge-machine\/","title":{"rendered":"Beste automatische Bandkantenmaschine Hersteller"},"content":{"rendered":"<p><strong>Automatische Bandkantenmaschine<\/strong><\/p>\n<p style=\"font-weight: 100;\">Einsatz von 300UB5-N\u00e4hk\u00f6pfen<\/p>\n<p style=\"font-weight: 100;\">N\u00e4hgeschwindigkeit: 2800RPM<\/p>\n<p style=\"font-weight: 100;\">Min. &amp; Max. Matratze H\u00f6he: 50 bis 450MM<\/p>\n<p style=\"font-weight: 100;\">Kapazit\u00e4t: 16 - 20 Einheiten\/Stunde<\/p>\n<p style=\"font-weight: 100;\">Antistatisches F\u00f6rderband.<\/p>\n<p style=\"font-weight: 100;\">Der einstellbare Eckenradius erm\u00f6glicht ein bequemes Anpassen der Ecken<\/p>\n<p style=\"font-weight: 100;\">Vollautomatisches parametrisches Eckenanlegesystem<\/p>\n<p style=\"font-weight: 100;\">Minimale Erm\u00fcdung des Bedieners<\/p>\n<p style=\"font-weight: 100;\">Gr\u00f6\u00dfe des Arbeitstisches: 4020MM*2050MM<\/p>","protected":false},"excerpt":{"rendered":"<p>https:\/\/youtu.be\/lBseJY4QSr4<\/p>\n<p>https:\/\/youtu.be\/gl59iJSf5W4<\/p>\n<p>Optimieren Sie Ihren Matratzenherstellungsprozess mit der automatischen Bandkantenmaschine, die auf Pr\u00e4zision, Geschwindigkeit und Zuverl\u00e4ssigkeit ausgelegt ist.<\/p>\n<p style=\"font-weight: 100;\">Die automatische Bandkantenbearbeitungsmaschine reduziert die Einarbeitungszeit und die Arbeitsintensit\u00e4t des Bedieners, begrenzt das Risiko des Bedieners und verringert die Anforderungen an die F\u00e4higkeiten des Bedieners. Der motorisierte G\u00fcrteltisch und der Radiusarm drehen die Matratze, so dass der Bediener station\u00e4r bleiben kann. Der Flip-Arm-Mechanismus kippt die Matratze und richtet sie aus, wenn die zweite Seite zum Kleben bereit ist.<\/p>\n<p style=\"font-weight: 100;\">\u00a0Die Eigenschaften der Matratzenband-Kantenmaschine sind wie folgt:<\/p>\n<p>Intelligentes Design zur Steigerung der Produktivit\u00e4t auch bei hochwertigen und weniger hochwertigen Matratzen<\/p>\n<p>Der Bediener bleibt station\u00e4r, so dass er sich auf eine qualitativ hochwertige Bearbeitung konzentrieren kann, anstatt um den Tisch herum zu man\u00f6vrieren.<\/p>\n<p>Wenn die einseitige Umrandung abgeschlossen ist, schieben Sie die Matratze automatisch in eine geeignete Position und drehen sie dann um.<\/p>\n<p>Automatisches Schieben der Matratze in die N\u00e4hposition nach dem Umdrehen<\/p>\n<p>Antriebe mit variabler Geschwindigkeit bremsen bei Kurvenfahrt automatisch ab<\/p>\n<p>Der N\u00e4hkopf ist in H\u00f6he und Neigung verstellbar<\/p>\n<p>Die einzigartige Konstruktion dreht und wendet die Matratze automatisch<\/p>\n<p>Die Maschine hat die Ecke zus\u00e4tzliche Struktur f\u00fcr schwere Matratzen erh\u00f6ht<\/p>","protected":false},"featured_media":830,"comment_status":"open","ping_status":"closed","template":"","meta":{"rank_math_lock_modified_date":false},"product_cat":[22],"product_tag":[],"class_list":{"0":"post-828","1":"product","2":"type-product","3":"status-publish","4":"has-post-thumbnail","6":"product_cat-tape-edge-machine","8":"first","9":"instock","10":"shipping-taxable","11":"product-type-simple"},"jetpack_sharing_enabled":true,"_links":{"self":[{"href":"https:\/\/boya-machinery.com\/de\/wp-json\/wp\/v2\/product\/828","targetHints":{"allow":["GET"]}}],"collection":[{"href":"https:\/\/boya-machinery.com\/de\/wp-json\/wp\/v2\/product"}],"about":[{"href":"https:\/\/boya-machinery.com\/de\/wp-json\/wp\/v2\/types\/product"}],"replies":[{"embeddable":true,"href":"https:\/\/boya-machinery.com\/de\/wp-json\/wp\/v2\/comments?post=828"}],"wp:featuredmedia":[{"embeddable":true,"href":"https:\/\/boya-machinery.com\/de\/wp-json\/wp\/v2\/media\/830"}],"wp:attachment":[{"href":"https:\/\/boya-machinery.com\/de\/wp-json\/wp\/v2\/media?parent=828"}],"wp:term":[{"taxonomy":"product_cat","embeddable":true,"href":"https:\/\/boya-machinery.com\/de\/wp-json\/wp\/v2\/product_cat?post=828"},{"taxonomy":"product_tag","embeddable":true,"href":"https:\/\/boya-machinery.com\/de\/wp-json\/wp\/v2\/product_tag?post=828"}],"curies":[{"name":"wp","href":"https:\/\/api.w.org\/{rel}","templated":true}]}}