{"id":833,"date":"2024-10-29T07:55:22","date_gmt":"2024-10-29T07:55:22","guid":{"rendered":"https:\/\/boya-machinery.com\/?post_type=product&#038;p=833"},"modified":"2025-04-09T02:32:45","modified_gmt":"2025-04-09T02:32:45","slug":"tape-edge-machine-for-mattress","status":"publish","type":"product","link":"https:\/\/boya-machinery.com\/de\/product\/tape-edge-machine-for-mattress\/","title":{"rendered":"Beste Bandkantenmaschine f\u00fcr die Matratzenherstellung"},"content":{"rendered":"<p><strong>Bandkantenmaschine f\u00fcr Matratzen<\/strong><\/p>\n<p style=\"font-weight: 100;\">N\u00e4hkopf: 300UB5 N\u00e4hk\u00f6pfe<\/p>\n<p style=\"font-weight: 100;\">N\u00e4hgeschwindigkeit: 2800RPM<\/p>\n<p style=\"font-weight: 100;\">Min. &amp; Max. Matratze H\u00f6he: 80 bis 450MM<\/p>\n<p style=\"font-weight: 100;\">Kapazit\u00e4t: 16 - 20 Einheiten\/Stunde<\/p>\n<p style=\"font-weight: 100;\">Antistatisches F\u00f6rderband.<\/p>\n<p style=\"font-weight: 100;\">Der einstellbare Eckenradius erm\u00f6glicht ein bequemes Anpassen der Ecken<\/p>\n<p style=\"font-weight: 100;\">Vollautomatisches parametrisches Eckenanlegesystem<\/p>\n<p style=\"font-weight: 100;\">Minimale Erm\u00fcdung des Bedieners<\/p>\n<p style=\"font-weight: 100;\">Gr\u00f6\u00dfe des Arbeitstisches: 4020MM*2050MM<\/p>","protected":false},"excerpt":{"rendered":"<p>https:\/\/youtu.be\/noTW5wVcf5s<\/p>\n<p>https:\/\/youtu.be\/EaB2tZXpIqE<\/p>\n<p>https:\/\/youtu.be\/GRa_RfUPFXk<\/p>\n<p>Die Bandkantenmaschine f\u00fcr Matratzen eignet sich perfekt f\u00fcr die Herstellung von Gro\u00dfserien oder die Produktion von Matratzen nach Ma\u00df und ist ein Muss f\u00fcr Unternehmen, die sich auf einem wettbewerbsintensiven Markt behaupten wollen.<\/p>\n<p style=\"font-weight: 100;\">Reduziert die Schulungszeit, begrenzt das Risiko f\u00fcr die Mitarbeiter und erleichtert die Bedienung der Bandkanten.<\/p>\n<p>Richtet die Matratzenkanten automatisch aus und n\u00e4ht sie mit makelloser Genauigkeit<\/p>\n<p>H\u00f6henverstellbarer N\u00e4hkopf f\u00fcr Bedienkomfort und Anpassungsf\u00e4higkeit<\/p>\n<p style=\"font-weight: 100;\">Der motorisierte Gurttisch und der Radiusarm drehen die Matratze, so dass der Bediener station\u00e4r bleiben kann.<\/p>\n<p style=\"font-weight: 100;\">Der Flip-Arm-Mechanismus dreht die Matratze um, wenn die zweite Seite f\u00fcr das Taping bereit ist.<\/p>\n<p style=\"font-weight: 100;\">\u00a0Intelligentes Design zur Steigerung der Produktivit\u00e4t auch bei hochwertigen Matratzen<\/p>\n<p>Der Bediener bleibt station\u00e4r, so dass er sich auf eine qualitativ hochwertige Bearbeitung konzentrieren kann, anstatt um den Tisch herum zu man\u00f6vrieren.<\/p>\n<p>Antriebe mit variabler Geschwindigkeit verlangsamen automatisch bei Kurvenfahrt und w\u00e4hlbarem Geschwindigkeitsbereich<\/p>\n<p>Der N\u00e4hkopf ist in H\u00f6he und Neigung verstellbar<\/p>\n<p>Das einzigartige Design dreht und wendet die Matratze automatisch Maschine hat die Ecke zus\u00e4tzliche Struktur f\u00fcr schwere Matratzen erh\u00f6ht.<\/p>","protected":false},"featured_media":1709,"comment_status":"open","ping_status":"closed","template":"","meta":{"rank_math_lock_modified_date":false},"product_cat":[22],"product_tag":[],"class_list":{"0":"post-833","1":"product","2":"type-product","3":"status-publish","4":"has-post-thumbnail","6":"product_cat-tape-edge-machine","8":"first","9":"instock","10":"shipping-taxable","11":"product-type-simple"},"jetpack_sharing_enabled":true,"_links":{"self":[{"href":"https:\/\/boya-machinery.com\/de\/wp-json\/wp\/v2\/product\/833","targetHints":{"allow":["GET"]}}],"collection":[{"href":"https:\/\/boya-machinery.com\/de\/wp-json\/wp\/v2\/product"}],"about":[{"href":"https:\/\/boya-machinery.com\/de\/wp-json\/wp\/v2\/types\/product"}],"replies":[{"embeddable":true,"href":"https:\/\/boya-machinery.com\/de\/wp-json\/wp\/v2\/comments?post=833"}],"wp:featuredmedia":[{"embeddable":true,"href":"https:\/\/boya-machinery.com\/de\/wp-json\/wp\/v2\/media\/1709"}],"wp:attachment":[{"href":"https:\/\/boya-machinery.com\/de\/wp-json\/wp\/v2\/media?parent=833"}],"wp:term":[{"taxonomy":"product_cat","embeddable":true,"href":"https:\/\/boya-machinery.com\/de\/wp-json\/wp\/v2\/product_cat?post=833"},{"taxonomy":"product_tag","embeddable":true,"href":"https:\/\/boya-machinery.com\/de\/wp-json\/wp\/v2\/product_tag?post=833"}],"curies":[{"name":"wp","href":"https:\/\/api.w.org\/{rel}","templated":true}]}}