{"id":834,"date":"2024-10-29T07:56:35","date_gmt":"2024-10-29T07:56:35","guid":{"rendered":"https:\/\/boya-machinery.com\/?post_type=product&#038;p=834"},"modified":"2025-09-26T01:15:40","modified_gmt":"2025-09-26T01:15:40","slug":"tape-edge-mattress-machine","status":"publish","type":"product","link":"https:\/\/boya-machinery.com\/de\/product\/tape-edge-mattress-machine\/","title":{"rendered":"Billige Bandkantenmatratzenmaschine"},"content":{"rendered":"<p><strong>Bandkanten-Matratzenmaschine<\/strong><\/p>\n<p style=\"font-weight: 100;\">N\u00e4hkopf: 300U N\u00e4hk\u00f6pfe<\/p>\n<p style=\"font-weight: 100;\">N\u00e4hgeschwindigkeit: 2800RPM<\/p>\n<p style=\"font-weight: 100;\">Min. &amp; Max. Matratzenh\u00f6he: 50M bis 350M oder 50M bis 400M<\/p>\n<p style=\"font-weight: 100;\">Kapazit\u00e4t: 16 - 20 Einheiten\/Stunde<\/p>\n<p style=\"font-weight: 100;\">Antistatisches F\u00f6rderband.<\/p>\n<p style=\"font-weight: 100;\">Der einstellbare Eckenradius erm\u00f6glicht ein bequemes Anpassen der Ecken<\/p>\n<p style=\"font-weight: 100;\">Vollautomatisches parametrisches Eckenanlegesystem<\/p>\n<p style=\"font-weight: 100;\">Minimale Erm\u00fcdung des Bedieners<\/p>\n<p style=\"font-weight: 100;\">Gr\u00f6\u00dfe des Arbeitstisches: 3750MM*2050MM 4020MM*2050MM<\/p>","protected":false},"excerpt":{"rendered":"<p>https:\/\/youtu.be\/jdpHr5m5ezQ<\/p>\n<p>https:\/\/youtu.be\/nlWSNRwRZ08<\/p>\n<p>&nbsp;<\/p>\n<p style=\"font-weight: 100;\">Diese Bandkanten-Matratzenmaschine verk\u00fcrzt die Einarbeitungszeit, begrenzt das Risiko f\u00fcr die Mitarbeiter und erleichtert das Erlernen der Bandkantenbearbeitung.<\/p>\n<p style=\"font-weight: 100;\">Der motorisierte Gurttisch und der Radiusarm drehen die Matratze, so dass der Bediener station\u00e4r bleiben kann.<\/p>\n<p style=\"font-weight: 100;\">Der Flip-Arm-Mechanismus dreht die Matratze um, wenn die zweite Seite f\u00fcr das Taping bereit ist.<\/p>\n<p style=\"font-weight: 100;\">Intelligentes Design zur Steigerung der Produktivit\u00e4t auch bei den Top-End-Matratzen.<\/p>\n<p>Der Bediener bleibt station\u00e4r und kann sich so auf eine qualitativ hochwertige Bearbeitung konzentrieren, anstatt um den Tisch herum zu man\u00f6vrieren.<\/p>\n<p>Antriebe mit variabler Geschwindigkeit verlangsamen automatisch bei Kurvenfahrt und w\u00e4hlbarem Geschwindigkeitsbereich<\/p>\n<p>Der N\u00e4hkopf ist in H\u00f6he und Neigung verstellbar<\/p>\n<p>Das einzigartige Design der Tape Edge Matratzenmaschine dreht und wendet die Matratze automatisch<\/p>\n<p>\u00dcberlegene Effizienz: Automatisiert den Kantenbearbeitungsprozess und erh\u00f6ht die Produktionsgeschwindigkeit erheblich<\/p>\n<p>Anpassbare Funktionen: Passt sich mit anpassbaren Einstellungen an unterschiedliche Produktionsanforderungen an<\/p>\n<p>Konsistente Qualit\u00e4t: Erzielt einheitliche Ergebnisse f\u00fcr alle Produkte und st\u00e4rkt den Ruf der Marke<\/p>\n<p>Veredelung von Schaumstoffmatratzen, Federkernmatratzen und Hybridkonstruktionen<\/p>\n<p>Perfekt f\u00fcr ma\u00dfgeschneiderte Matratzen oder Standardproduktionslinien<\/p>\n<p>Gew\u00e4hrleistet eine professionelle Qualit\u00e4t der Einfassung f\u00fcr hochwertige Matratzenmarken<\/p>","protected":false},"featured_media":835,"comment_status":"open","ping_status":"closed","template":"","meta":{"rank_math_lock_modified_date":false},"product_cat":[22],"product_tag":[],"class_list":{"0":"post-834","1":"product","2":"type-product","3":"status-publish","4":"has-post-thumbnail","6":"product_cat-tape-edge-machine","8":"first","9":"instock","10":"shipping-taxable","11":"product-type-simple"},"jetpack_sharing_enabled":true,"_links":{"self":[{"href":"https:\/\/boya-machinery.com\/de\/wp-json\/wp\/v2\/product\/834","targetHints":{"allow":["GET"]}}],"collection":[{"href":"https:\/\/boya-machinery.com\/de\/wp-json\/wp\/v2\/product"}],"about":[{"href":"https:\/\/boya-machinery.com\/de\/wp-json\/wp\/v2\/types\/product"}],"replies":[{"embeddable":true,"href":"https:\/\/boya-machinery.com\/de\/wp-json\/wp\/v2\/comments?post=834"}],"wp:featuredmedia":[{"embeddable":true,"href":"https:\/\/boya-machinery.com\/de\/wp-json\/wp\/v2\/media\/835"}],"wp:attachment":[{"href":"https:\/\/boya-machinery.com\/de\/wp-json\/wp\/v2\/media?parent=834"}],"wp:term":[{"taxonomy":"product_cat","embeddable":true,"href":"https:\/\/boya-machinery.com\/de\/wp-json\/wp\/v2\/product_cat?post=834"},{"taxonomy":"product_tag","embeddable":true,"href":"https:\/\/boya-machinery.com\/de\/wp-json\/wp\/v2\/product_tag?post=834"}],"curies":[{"name":"wp","href":"https:\/\/api.w.org\/{rel}","templated":true}]}}