{"id":836,"date":"2024-10-29T07:58:05","date_gmt":"2024-10-29T07:58:05","guid":{"rendered":"https:\/\/boya-machinery.com\/?post_type=product&#038;p=836"},"modified":"2025-04-09T02:57:09","modified_gmt":"2025-04-09T02:57:09","slug":"tape-edge-machines","status":"publish","type":"product","link":"https:\/\/boya-machinery.com\/de\/product\/tape-edge-machines\/","title":{"rendered":"Beliebte Bandkantenmaschinen aus China"},"content":{"rendered":"<p><strong>Bandkantenmaschinen<\/strong><\/p>\n<p>Automatische Kurvenverlangsamung: ja<\/p>\n<p>N\u00e4hkopf: Kettenstich<\/p>\n<p>Arbeitswinkel des Kopfes: 35-55<\/p>\n<p>N\u00e4hbereich der Matratzenst\u00e4rke: 10-480mm<\/p>\n<p>Heben des Arbeitstisches: Elektrisch<\/p>\n<p>Gr\u00f6\u00dfe des Arbeitstisches: 1600*2050mm<\/p>\n<p>N\u00e4hkopfgeschwindigkeit: 3000r\/min<\/p>\n<p>Motortyp: Einphasen-\/Dreiphasenmotor<\/p>\n<p>Gesamtleistung: 1,12 kW<\/p>","protected":false},"excerpt":{"rendered":"<p>https:\/\/youtu.be\/u2prC2N7aaQ<\/p>\n<p>https:\/\/youtu.be\/48BwGqL11Gk<\/p>\n<p>Eine Bandkantenmaschine f\u00fcr Matratzen ist ein wesentliches Ger\u00e4t, das dazu dient, Matratzen den letzten Schliff zu geben, indem die Bandkante um den Matratzenrand herum gen\u00e4ht wird.<\/p>\n<p style=\"font-weight: 100;\">Diese Maschine wird haupts\u00e4chlich f\u00fcr das Einfassen von Matratzenplatten, Schlafs\u00e4cken und Sofas verwendet.<\/p>\n<p style=\"font-weight: 100;\">Der Tisch wird von hochfesten, unabh\u00e4ngigen Lagern gest\u00fctzt, und ein elektrisch anhebbarer Tisch macht die Arbeit stabil.<\/p>\n<p style=\"font-weight: 100;\">Durch eine innenliegende, verdeckte Stromversorgungss\u00e4ule hat die Maschine keine besonderen Anforderungen an den Einbauraum.<\/p>\n<p>F\u00fcr diese Bandkantenmaschine haben wir zwei Optionen f\u00fcr die Tischplatte, eine ist aus rostfreiem Stahl und eine aus Bakelit, der Kunde kann je nach Bedarf w\u00e4hlen<\/p>\n<p>Die Bakelit-Tischplatte ist feuchtigkeitsbest\u00e4ndig bei Regenwetter<\/p>\n<p>Durch die verstellbare Tischh\u00f6he passt sich die Maschine unterschiedlichen Matratzenst\u00e4rken an<\/p>\n<p>Die auf Effizienz ausgelegte Maschine arbeitet mit hohen Drehzahlen (2800 U\/min), andere liegen bei 1400 U\/min. Sie ist ideal f\u00fcr Matratzenhersteller, die eine hohe Produktionsrate ohne Kompromisse bei der Qualit\u00e4t der Kantensteppung aufrechterhalten wollen.<\/p>\n<p>Die Bandkantenmaschinen fungieren als sichere Bindung, die ein Verrutschen der Schichten verhindert und dazu beitr\u00e4gt, dass die Matratzen ihre Form behalten und ihre Lebensdauer verl\u00e4ngert wird.<\/p>\n<pre id=\"tw-target-text\" class=\"tw-data-text tw-text-large tw-ta\" dir=\"ltr\" data-placeholder=\"Translation\" data-ved=\"2ahUKEwjX5rPcmbiJAxUT2AIHHeVkGaQQ3ewLegQICRAU\" aria-label=\"\u00dcbersetzter Text: Feuchtigkeitsdicht\"><\/pre>","protected":false},"featured_media":1712,"comment_status":"open","ping_status":"closed","template":"","meta":{"rank_math_lock_modified_date":false},"product_cat":[22],"product_tag":[],"class_list":{"0":"post-836","1":"product","2":"type-product","3":"status-publish","4":"has-post-thumbnail","6":"product_cat-tape-edge-machine","8":"first","9":"instock","10":"shipping-taxable","11":"product-type-simple"},"jetpack_sharing_enabled":true,"_links":{"self":[{"href":"https:\/\/boya-machinery.com\/de\/wp-json\/wp\/v2\/product\/836","targetHints":{"allow":["GET"]}}],"collection":[{"href":"https:\/\/boya-machinery.com\/de\/wp-json\/wp\/v2\/product"}],"about":[{"href":"https:\/\/boya-machinery.com\/de\/wp-json\/wp\/v2\/types\/product"}],"replies":[{"embeddable":true,"href":"https:\/\/boya-machinery.com\/de\/wp-json\/wp\/v2\/comments?post=836"}],"wp:featuredmedia":[{"embeddable":true,"href":"https:\/\/boya-machinery.com\/de\/wp-json\/wp\/v2\/media\/1712"}],"wp:attachment":[{"href":"https:\/\/boya-machinery.com\/de\/wp-json\/wp\/v2\/media?parent=836"}],"wp:term":[{"taxonomy":"product_cat","embeddable":true,"href":"https:\/\/boya-machinery.com\/de\/wp-json\/wp\/v2\/product_cat?post=836"},{"taxonomy":"product_tag","embeddable":true,"href":"https:\/\/boya-machinery.com\/de\/wp-json\/wp\/v2\/product_tag?post=836"}],"curies":[{"name":"wp","href":"https:\/\/api.w.org\/{rel}","templated":true}]}}