{"id":837,"date":"2024-10-29T07:59:43","date_gmt":"2024-10-29T07:59:43","guid":{"rendered":"https:\/\/boya-machinery.com\/?post_type=product&#038;p=837"},"modified":"2025-03-25T01:08:56","modified_gmt":"2025-03-25T01:08:56","slug":"mattress-smart-sewing-machine","status":"publish","type":"product","link":"https:\/\/boya-machinery.com\/de\/product\/mattress-smart-sewing-machine\/","title":{"rendered":"Einzigartige intelligente Matratzen-N\u00e4hmaschine"},"content":{"rendered":"<p><strong>Matratze smart N\u00e4hmaschine<\/strong><\/p>\n<p style=\"font-weight: 100;\">N\u00e4hkopf: Kleinm\u00fcndiger Kopf<\/p>\n<p style=\"font-weight: 100;\">B\u00f6rdelbreite: 4MM<\/p>\n<p style=\"font-weight: 100;\">Nadelabstand\uff1a3.7MM<\/p>\n<p style=\"font-weight: 100;\">Presslufthammer\uff1a7MM<\/p>\n<p style=\"font-weight: 100;\">Max. Geschwindigkeit:3000RPM<\/p>\n<p style=\"font-weight: 100;\">Motorleistung:550W<\/p>","protected":false},"excerpt":{"rendered":"<p>https:\/\/youtu.be\/0r_pc6AZrc8<\/p>\n<p style=\"font-weight: 100;\">Diese intelligente Matratzen-N\u00e4hmaschine wird haupts\u00e4chlich zum N\u00e4hen der \u00d6ffnung von Schaumstoff- oder Latexbez\u00fcgen verwendet.<\/p>\n<p style=\"font-weight: 100;\">Die Anlage verwendet eine Pegasus Overlock-N\u00e4hmaschine mit kleinem Mund und einen automatisierten F\u00f6rdertisch. Der Bediener kann das lineare N\u00e4hen der \u00d6ffnung des Schaumstoff- oder Latexbezugs beenden, ohne sich zu bewegen. Nachdem das N\u00e4hen abgeschlossen ist, kann der F\u00f6rderer die Matratze zum n\u00e4chsten Prozess liefern.<\/p>\n<p style=\"font-weight: 100;\">Automatischer Transporttisch, reduziert die Schwierigkeit f\u00fcr den Bediener, die Matratze vor und nach dem N\u00e4hen zu bewegen.<\/p>\n<p style=\"font-weight: 100;\">Die feste Arbeitsposition hilft dem Bediener, sich auf die Qualit\u00e4t zu konzentrieren<\/p>\n<p style=\"font-weight: 100;\">N\u00e4h- und Transportgeschwindigkeit k\u00f6nnen eingestellt werden<\/p>\n<p style=\"font-weight: 100;\">H\u00f6he und Winkel des N\u00e4hkopfes sind einstellbar<\/p>","protected":false},"featured_media":838,"comment_status":"open","ping_status":"closed","template":"","meta":{"rank_math_lock_modified_date":false},"product_cat":[23],"product_tag":[],"class_list":{"0":"post-837","1":"product","2":"type-product","3":"status-publish","4":"has-post-thumbnail","6":"product_cat-smart-sewing-machine","8":"first","9":"instock","10":"shipping-taxable","11":"product-type-simple"},"jetpack_sharing_enabled":true,"_links":{"self":[{"href":"https:\/\/boya-machinery.com\/de\/wp-json\/wp\/v2\/product\/837","targetHints":{"allow":["GET"]}}],"collection":[{"href":"https:\/\/boya-machinery.com\/de\/wp-json\/wp\/v2\/product"}],"about":[{"href":"https:\/\/boya-machinery.com\/de\/wp-json\/wp\/v2\/types\/product"}],"replies":[{"embeddable":true,"href":"https:\/\/boya-machinery.com\/de\/wp-json\/wp\/v2\/comments?post=837"}],"wp:featuredmedia":[{"embeddable":true,"href":"https:\/\/boya-machinery.com\/de\/wp-json\/wp\/v2\/media\/838"}],"wp:attachment":[{"href":"https:\/\/boya-machinery.com\/de\/wp-json\/wp\/v2\/media?parent=837"}],"wp:term":[{"taxonomy":"product_cat","embeddable":true,"href":"https:\/\/boya-machinery.com\/de\/wp-json\/wp\/v2\/product_cat?post=837"},{"taxonomy":"product_tag","embeddable":true,"href":"https:\/\/boya-machinery.com\/de\/wp-json\/wp\/v2\/product_tag?post=837"}],"curies":[{"name":"wp","href":"https:\/\/api.w.org\/{rel}","templated":true}]}}