{"id":853,"date":"2024-10-29T08:11:35","date_gmt":"2024-10-29T08:11:35","guid":{"rendered":"https:\/\/boya-machinery.com\/?post_type=product&#038;p=853"},"modified":"2025-03-25T01:37:23","modified_gmt":"2025-03-25T01:37:23","slug":"automatic-flanging-mattress-machine","status":"publish","type":"product","link":"https:\/\/boya-machinery.com\/de\/product\/automatic-flanging-mattress-machine\/","title":{"rendered":"Beste vollautomatische B\u00f6rdelmaschine f\u00fcr Matratzen"},"content":{"rendered":"<p><strong>Automatische Maschine zum B\u00f6rdeln von Matratzen<\/strong><\/p>\n<p>Max. N\u00e4hgeschwindigkeit: 4000RPM<\/p>\n<p>Dicke der B\u00f6rdelung: 10-90mm<\/p>\n<p>B\u00f6rdelbreite: 25mm und 30mm Option<\/p>\n<p>H\u00f6he des Pressfu\u00dfes: 19 mm<\/p>\n<p>&nbsp;<\/p>","protected":false},"excerpt":{"rendered":"<p>https:\/\/youtu.be\/PNdbfQCfhys<\/p>\n<p style=\"font-weight: 100;\">AFG-009 B\u00f6rdelmaschine (alternativer Kopf) mit einem SPS-Steuerungssystem, kann automatisch das Material b\u00f6rdeln, um die Gr\u00f6\u00dfe und Form der Platte zu erhalten.<\/p>\n<p style=\"font-weight: 100;\">In Verbindung mit einer Steppmaschine kann ein Bediener mehrere Ger\u00e4te gleichzeitig bedienen, was die Arbeitskosten senkt und die Produktion erh\u00f6ht.<\/p>\n<p style=\"font-weight: 100;\">Automatisch drehender Arm<\/p>\n<p style=\"font-weight: 100;\">Automatisches N\u00e4hen (Flansch)<\/p>\n<p style=\"font-weight: 100;\">Automatisches Schneiden von Faden und Vliesstoff<\/p>\n<p style=\"font-weight: 100;\">PLC-Steuerungssystem mit Touchscreen-Oberfl\u00e4che<\/p>\n<p style=\"font-weight: 100;\">Einheitliche Gr\u00f6\u00dfe und Eckenradius<\/p>","protected":false},"featured_media":1703,"comment_status":"open","ping_status":"closed","template":"","meta":{"rank_math_lock_modified_date":false},"product_cat":[23],"product_tag":[],"class_list":{"0":"post-853","1":"product","2":"type-product","3":"status-publish","4":"has-post-thumbnail","6":"product_cat-smart-sewing-machine","8":"first","9":"instock","10":"shipping-taxable","11":"product-type-simple"},"jetpack_sharing_enabled":true,"_links":{"self":[{"href":"https:\/\/boya-machinery.com\/de\/wp-json\/wp\/v2\/product\/853","targetHints":{"allow":["GET"]}}],"collection":[{"href":"https:\/\/boya-machinery.com\/de\/wp-json\/wp\/v2\/product"}],"about":[{"href":"https:\/\/boya-machinery.com\/de\/wp-json\/wp\/v2\/types\/product"}],"replies":[{"embeddable":true,"href":"https:\/\/boya-machinery.com\/de\/wp-json\/wp\/v2\/comments?post=853"}],"wp:featuredmedia":[{"embeddable":true,"href":"https:\/\/boya-machinery.com\/de\/wp-json\/wp\/v2\/media\/1703"}],"wp:attachment":[{"href":"https:\/\/boya-machinery.com\/de\/wp-json\/wp\/v2\/media?parent=853"}],"wp:term":[{"taxonomy":"product_cat","embeddable":true,"href":"https:\/\/boya-machinery.com\/de\/wp-json\/wp\/v2\/product_cat?post=853"},{"taxonomy":"product_tag","embeddable":true,"href":"https:\/\/boya-machinery.com\/de\/wp-json\/wp\/v2\/product_tag?post=853"}],"curies":[{"name":"wp","href":"https:\/\/api.w.org\/{rel}","templated":true}]}}