{"id":854,"date":"2024-10-29T08:13:07","date_gmt":"2024-10-29T08:13:07","guid":{"rendered":"https:\/\/boya-machinery.com\/?post_type=product&#038;p=854"},"modified":"2025-03-25T00:47:37","modified_gmt":"2025-03-25T00:47:37","slug":"automatic-mattress-flanging-machine","status":"publish","type":"product","link":"https:\/\/boya-machinery.com\/de\/product\/automatic-mattress-flanging-machine\/","title":{"rendered":"Profitieren Sie von der automatischen Matratzenb\u00f6rdelmaschine"},"content":{"rendered":"<p><strong>Automatische Matratzenb\u00f6rdelmaschine<\/strong><\/p>\n<p style=\"font-weight: 100;\">Gr\u00f6\u00dfe des Arbeitstisches der Maschine: 415*202.5*80CM<\/p>\n<p style=\"font-weight: 100;\">Gesamtgr\u00f6\u00dfe der Maschine: 415*260CM<\/p>\n<p style=\"font-weight: 100;\">Verpackungsgr\u00f6\u00dfe\uff1a425*215*100cm und 100*100*100CM<\/p>\n<p style=\"font-weight: 100;\">N.W: 350KG G.W: 420kG<\/p>\n<p style=\"font-weight: 100;\">Spannung: 220V 1Phase 50\/60Hz<\/p>\n<p style=\"font-weight: 100;\">Leistung: 2.2KW<\/p>","protected":false},"excerpt":{"rendered":"<p>https:\/\/youtube.com\/shorts\/nW7fQysgHFA<\/p>\n<p>Die automatische Matratzenb\u00f6rdelmaschine ist auf Langlebigkeit, Vielseitigkeit und benutzerfreundliche Bedienung ausgelegt. Sie gew\u00e4hrleistet eine einwandfreie Kantenbearbeitung mit gleichbleibender Qualit\u00e4t, steigert die Produktivit\u00e4t und verbessert das Aussehen Ihrer Matratzen.<\/p>\n<p>Diese automatische Matratzenb\u00f6rdelmaschine ist mit einer intuitiven Touchscreen-Oberfl\u00e4che f\u00fcr eine einfache Bedienung ausgestattet.<\/p>\n<p>Der leistungsstarke Motor erm\u00f6glicht Hochgeschwindigkeitsn\u00e4hen, wodurch die Produktionszeit bei gleichbleibend hoher Qualit\u00e4t reduziert wird.<\/p>\n<p style=\"font-weight: 100;\">Die SFG-008 ist eine automatische Materialzufuhr, die mit einem Assistenten zum Drehen der B\u00f6rdelmaschine mit einem modifizierten PEGASUS&amp; JUKI N\u00e4hkopf f\u00fcr dickes Material transportiert wird. Diese Maschine ist einfach zu bedienen, reduziert die Einarbeitungszeit, verbessert die Arbeitseffizienz und sichert die Produktqualit\u00e4t.<\/p>\n<p style=\"font-weight: 100;\">Der F\u00f6rderer unterst\u00fctzt den N\u00e4hkopf bei der synchronen Materialzufuhr, reduziert die Belastung des N\u00e4hkopfes und verl\u00e4ngert seine Lebensdauer.<\/p>\n<p style=\"font-weight: 100;\">Diese intelligente N\u00e4hmaschine liefert beim B\u00f6rdeln von extra dickem Material das Material synchron mit der B\u00f6rdelmaschine f\u00fcr dickes Material und biegt automatisch um die Ecke, was die Erm\u00fcdung des Bedieners verringert und die Einarbeitungszeit verk\u00fcrzt.<\/p>\n<p style=\"font-weight: 100;\">Automatisch um die Ecke kommen<\/p>\n<p style=\"font-weight: 100;\">Geringere Arbeitsbelastung, l\u00e4ngere Lebensdauer des Kopfes<\/p>\n<p style=\"font-weight: 100;\">Das F\u00f6rderband transportiert das Material geradlinig und erzeugt eine gleichgro\u00dfe Platte.<\/p>\n<p style=\"font-weight: 100;\">Verbesserung der Effizienz<\/p>\n<p>Einfache Bedienelemente und automatisierte Funktionen machen es f\u00fcr Bediener aller Qualifikationsstufen zug\u00e4nglich<\/p>","protected":false},"featured_media":1702,"comment_status":"open","ping_status":"closed","template":"","meta":{"rank_math_lock_modified_date":false},"product_cat":[23],"product_tag":[],"class_list":{"0":"post-854","1":"product","2":"type-product","3":"status-publish","4":"has-post-thumbnail","6":"product_cat-smart-sewing-machine","8":"first","9":"instock","10":"shipping-taxable","11":"product-type-simple"},"jetpack_sharing_enabled":true,"_links":{"self":[{"href":"https:\/\/boya-machinery.com\/de\/wp-json\/wp\/v2\/product\/854","targetHints":{"allow":["GET"]}}],"collection":[{"href":"https:\/\/boya-machinery.com\/de\/wp-json\/wp\/v2\/product"}],"about":[{"href":"https:\/\/boya-machinery.com\/de\/wp-json\/wp\/v2\/types\/product"}],"replies":[{"embeddable":true,"href":"https:\/\/boya-machinery.com\/de\/wp-json\/wp\/v2\/comments?post=854"}],"wp:featuredmedia":[{"embeddable":true,"href":"https:\/\/boya-machinery.com\/de\/wp-json\/wp\/v2\/media\/1702"}],"wp:attachment":[{"href":"https:\/\/boya-machinery.com\/de\/wp-json\/wp\/v2\/media?parent=854"}],"wp:term":[{"taxonomy":"product_cat","embeddable":true,"href":"https:\/\/boya-machinery.com\/de\/wp-json\/wp\/v2\/product_cat?post=854"},{"taxonomy":"product_tag","embeddable":true,"href":"https:\/\/boya-machinery.com\/de\/wp-json\/wp\/v2\/product_tag?post=854"}],"curies":[{"name":"wp","href":"https:\/\/api.w.org\/{rel}","templated":true}]}}