{"id":856,"date":"2024-10-29T08:14:25","date_gmt":"2024-10-29T08:14:25","guid":{"rendered":"https:\/\/boya-machinery.com\/?post_type=product&#038;p=856"},"modified":"2025-03-25T01:05:26","modified_gmt":"2025-03-25T01:05:26","slug":"mattress-sewing-machine","status":"publish","type":"product","link":"https:\/\/boya-machinery.com\/de\/product\/mattress-sewing-machine\/","title":{"rendered":"Beste Matratzen-N\u00e4hmaschine aus Porzellan"},"content":{"rendered":"<p><strong>N\u00e4hmaschine f\u00fcr Matratzen<\/strong><\/p>\n<p style=\"font-weight: 100;\">Kopf: PEGASUS-Kleinmaulkopf<\/p>\n<p style=\"font-weight: 100;\">B\u00f6rdelbreite: 4MM<\/p>\n<p style=\"font-weight: 100;\">Nadelstich\uff1a3.7MM<\/p>\n<p style=\"font-weight: 100;\">Presslufthammer\uff1a7MM<\/p>\n<p style=\"font-weight: 100;\">Max. Geschwindigkeit:3000RPM<\/p>\n<p style=\"font-weight: 100;\">Motorleistung:550W<\/p>","protected":false},"excerpt":{"rendered":"<p>https:\/\/youtu.be\/V-FkNP8mfqE<\/p>\n<p style=\"font-weight: 100;\">Diese Matratzenn\u00e4hmaschine wird haupts\u00e4chlich zum N\u00e4hen der \u00d6ffnung des Schaumstoff- oder Latexbezugs verwendet.<\/p>\n<p style=\"font-weight: 100;\">Diese Maschine verwendet eine N\u00e4hmaschine mit kleinem Mund und automatischem Druckmaterial, die die \u00d6ffnung der Schaumstoff- oder Latexh\u00fclle automatisch mit linearen N\u00e4hten n\u00e4ht, wodurch der Schaumstoff oder Latex nach dem Versiegeln voller und sch\u00f6ner wird.<\/p>\n<p style=\"font-weight: 100;\">Mit einem automatischen F\u00f6rdertisch wird das fertige Produkt nach dem Versiegeln dem n\u00e4chsten Prozess zugef\u00fchrt.<\/p>\n<p>Das automatische Transportsystem reduziert den Bewegungsaufwand der Bedienperson vor und nach dem N\u00e4hen<\/p>\n<p>Kopfn\u00e4hen automatisch<\/p>\n<p>Automatisches Pressen von Material<\/p>\n<p>N\u00e4hkopfh\u00f6he ist einstellbar<\/p>\n<p>N\u00e4h- und Liefergeschwindigkeit k\u00f6nnen eingestellt werden<\/p>","protected":false},"featured_media":820,"comment_status":"open","ping_status":"closed","template":"","meta":{"rank_math_lock_modified_date":false},"product_cat":[23],"product_tag":[],"class_list":{"0":"post-856","1":"product","2":"type-product","3":"status-publish","4":"has-post-thumbnail","6":"product_cat-smart-sewing-machine","8":"first","9":"instock","10":"shipping-taxable","11":"product-type-simple"},"jetpack_sharing_enabled":true,"_links":{"self":[{"href":"https:\/\/boya-machinery.com\/de\/wp-json\/wp\/v2\/product\/856","targetHints":{"allow":["GET"]}}],"collection":[{"href":"https:\/\/boya-machinery.com\/de\/wp-json\/wp\/v2\/product"}],"about":[{"href":"https:\/\/boya-machinery.com\/de\/wp-json\/wp\/v2\/types\/product"}],"replies":[{"embeddable":true,"href":"https:\/\/boya-machinery.com\/de\/wp-json\/wp\/v2\/comments?post=856"}],"wp:featuredmedia":[{"embeddable":true,"href":"https:\/\/boya-machinery.com\/de\/wp-json\/wp\/v2\/media\/820"}],"wp:attachment":[{"href":"https:\/\/boya-machinery.com\/de\/wp-json\/wp\/v2\/media?parent=856"}],"wp:term":[{"taxonomy":"product_cat","embeddable":true,"href":"https:\/\/boya-machinery.com\/de\/wp-json\/wp\/v2\/product_cat?post=856"},{"taxonomy":"product_tag","embeddable":true,"href":"https:\/\/boya-machinery.com\/de\/wp-json\/wp\/v2\/product_tag?post=856"}],"curies":[{"name":"wp","href":"https:\/\/api.w.org\/{rel}","templated":true}]}}