{"id":857,"date":"2024-10-29T08:15:17","date_gmt":"2024-10-29T08:15:17","guid":{"rendered":"https:\/\/boya-machinery.com\/?post_type=product&#038;p=857"},"modified":"2025-04-07T08:07:31","modified_gmt":"2025-04-07T08:07:31","slug":"mattress-air-table","status":"publish","type":"product","link":"https:\/\/boya-machinery.com\/de\/product\/mattress-air-table\/","title":{"rendered":"Leistungsstarker Matratzenlufttisch f\u00fcr die Matratzenherstellung"},"content":{"rendered":"<p><strong>Luftmatratze Tisch<\/strong><\/p>\n<p class=\"p\">Feuerfestes antistatisches Material f\u00fcr den Tisch<\/p>\n<p class=\"p\">Glatte und dauerhafte Oberfl\u00e4che<\/p>\n<p class=\"p\">Montierter Aluminiumrahmen<\/p>\n<p class=\"p\">Drei 250W (oder 370W) Direktl\u00fcfter<\/p>\n<p class=\"p\">Luftstrom einstellbar f\u00fcr verschiedene Matratzenstoffe<\/p>\n<p class=\"p\">Tabelle Gr\u00f6\u00dfe: 3600 * 2050MM<\/p>\n<p class=\"p\">","protected":false},"excerpt":{"rendered":"<p>https:\/\/youtu.be\/r290ih2Wi_U<\/p>\n<p>Dieser Luftmatratzen-Tisch wird zum N\u00e4hen von Matratzenstoffen und anderen N\u00e4harbeiten verwendet<\/p>\n<p>Das Gebl\u00e4se kann auf engem Raum Gas aufnehmen. Durch diese Eigenschaft kann es durchschnittlich auf jedes Luftloch verteilt werden.<\/p>\n<p>Mit Hilfe des Luftpolsters des Ventilators wird die Reibung zwischen Stoff und Tisch deutlich reduziert, was die Benutzerfreundlichkeit erh\u00f6ht.<\/p>\n<p>Mit dieser neuen Konstruktion werden viele manuelle Bewegungen f\u00fcr schwere Matratzenbez\u00fcge weitgehend vermieden. Die h\u00f6chste Leistung ist erreichbar!<\/p>","protected":false},"featured_media":810,"comment_status":"open","ping_status":"closed","template":"","meta":{"rank_math_lock_modified_date":false},"product_cat":[23],"product_tag":[],"class_list":{"0":"post-857","1":"product","2":"type-product","3":"status-publish","4":"has-post-thumbnail","6":"product_cat-smart-sewing-machine","8":"first","9":"instock","10":"shipping-taxable","11":"product-type-simple"},"jetpack_sharing_enabled":true,"_links":{"self":[{"href":"https:\/\/boya-machinery.com\/de\/wp-json\/wp\/v2\/product\/857","targetHints":{"allow":["GET"]}}],"collection":[{"href":"https:\/\/boya-machinery.com\/de\/wp-json\/wp\/v2\/product"}],"about":[{"href":"https:\/\/boya-machinery.com\/de\/wp-json\/wp\/v2\/types\/product"}],"replies":[{"embeddable":true,"href":"https:\/\/boya-machinery.com\/de\/wp-json\/wp\/v2\/comments?post=857"}],"wp:featuredmedia":[{"embeddable":true,"href":"https:\/\/boya-machinery.com\/de\/wp-json\/wp\/v2\/media\/810"}],"wp:attachment":[{"href":"https:\/\/boya-machinery.com\/de\/wp-json\/wp\/v2\/media?parent=857"}],"wp:term":[{"taxonomy":"product_cat","embeddable":true,"href":"https:\/\/boya-machinery.com\/de\/wp-json\/wp\/v2\/product_cat?post=857"},{"taxonomy":"product_tag","embeddable":true,"href":"https:\/\/boya-machinery.com\/de\/wp-json\/wp\/v2\/product_tag?post=857"}],"curies":[{"name":"wp","href":"https:\/\/api.w.org\/{rel}","templated":true}]}}