{"id":860,"date":"2024-10-29T08:20:59","date_gmt":"2024-10-29T08:20:59","guid":{"rendered":"https:\/\/boya-machinery.com\/?post_type=product&#038;p=860"},"modified":"2025-03-19T09:15:16","modified_gmt":"2025-03-19T09:15:16","slug":"mattress-quilting-machine","status":"publish","type":"product","link":"https:\/\/boya-machinery.com\/de\/product\/mattress-quilting-machine\/","title":{"rendered":"Beliebte Hochgeschwindigkeits-Matratzensteppmaschine"},"content":{"rendered":"<p><strong>Steppmaschine f\u00fcr Matratzen<\/strong><\/p>\n<p>Abmessung: 5050*1600*2300mm<\/p>\n<p>Steppbreite: 2450mm<\/p>\n<p>Nadelreihen: 3<\/p>\n<p>Abstand zwischen den Nadelreihen: 3\u2033+3\u2033<\/p>\n<p>Abstand zwischen den Nadeln: 25,4 mm<\/p>\n<p>Verschiebung der X-Achse: 305mm<\/p>\n<p>Die Dicke der Steppung: weniger als 80mm<\/p>\n<p>Stichl\u00e4nge: 1-12mm<\/p>\n<p>Arbeitsgeschwindigkeit:  60-230m\/Stunde<\/p>\n<p>Modell der Nadel: 160\/23<\/p>\n<p>Steppgeschwindigkeit: 100-1200r\/min<\/p>\n<p>Spannung: 380v\/50hz oder 220v\/60hz, dreiphasig<\/p>\n<p>Gesamtleistung: 8kw<\/p>\n<p>Bruttogewicht: 5000kg<\/p>","protected":false},"excerpt":{"rendered":"<p>Die Matratzensteppmaschine ist mit einer neuen Nadelstange aus Aluminiumlegierung ausgestattet, und die Druckplatte wird durch eine Doppelschwenkvorrichtung ohne Nocken gesteuert, wodurch das Schmieren und Verschmutzen des Materials vermieden wird.<\/p>\n<p>Infrarot-Sicherheitsschutz und Auto-Stopp-Sensor-Erkennungsfunktion.<\/p>\n<p>Die leistungsstarken Funktionen zum Kombinieren von Mustern und zum Steppen in mehreren Reihen (Tack &amp; Jump) erm\u00f6glichen es Ihnen, unterschiedliche Muster in jeder Reihe von Matratzen verschiedener Gr\u00f6\u00dfen zu steppen.<\/p>\n<p>Matratze Steppmaschine Adopt internationalen fortschrittlichen Scheibe Faden Trimmen Funktion, effektiv Verringerung der Wahrscheinlichkeit, Faden springen, stabiler.<\/p>\n<p>Verwenden Sie einen leistungsstarken Servomotor, kann es die Maschine laufen schneller als je zuvor zu unterst\u00fctzen, und seine Laufgeschwindigkeit kann bis zu 1200RPM sein.<\/p>\n<p>Fadenbruchpr\u00fcfung, Fortgeschrittene und praktische Pr\u00fcfung von Fadenbruchtechniken, die Maschine stoppt automatisch, wenn der Faden gebrochen ist.<\/p>\n<p>Eine Spindel, die von einem Servomotor angetrieben wird, kann die Geschwindigkeit und die positive Umkehrung \u00e4ndern und mit der Software zusammenarbeiten, um die Funktion des Fadenabschneidens zu vervollst\u00e4ndigen.<\/p>\n<p>Hohe starre Maschine K\u00f6rper hohe Laufgeschwindigkeit, Gleichgewicht laufen, hohe Pr\u00e4zision, geringere Rate springen F\u00e4den, perfekte Muster Stich.<\/p>\n<p style=\"font-weight: 100;\">Es wird h\u00e4ufig zum Steppen von hochwertigen Matratzen, Tagesdecken, Bettdecken, Bettw\u00e4sche, Sitzbez\u00fcgen, Dekorationen, Polsterm\u00f6beln usw. verwendet.<\/p>","protected":false},"featured_media":861,"comment_status":"open","ping_status":"closed","template":"","meta":{"rank_math_lock_modified_date":false},"product_cat":[26],"product_tag":[],"class_list":{"0":"post-860","1":"product","2":"type-product","3":"status-publish","4":"has-post-thumbnail","6":"product_cat-quilting-machine","8":"first","9":"instock","10":"shipping-taxable","11":"product-type-simple"},"jetpack_sharing_enabled":true,"_links":{"self":[{"href":"https:\/\/boya-machinery.com\/de\/wp-json\/wp\/v2\/product\/860","targetHints":{"allow":["GET"]}}],"collection":[{"href":"https:\/\/boya-machinery.com\/de\/wp-json\/wp\/v2\/product"}],"about":[{"href":"https:\/\/boya-machinery.com\/de\/wp-json\/wp\/v2\/types\/product"}],"replies":[{"embeddable":true,"href":"https:\/\/boya-machinery.com\/de\/wp-json\/wp\/v2\/comments?post=860"}],"wp:featuredmedia":[{"embeddable":true,"href":"https:\/\/boya-machinery.com\/de\/wp-json\/wp\/v2\/media\/861"}],"wp:attachment":[{"href":"https:\/\/boya-machinery.com\/de\/wp-json\/wp\/v2\/media?parent=860"}],"wp:term":[{"taxonomy":"product_cat","embeddable":true,"href":"https:\/\/boya-machinery.com\/de\/wp-json\/wp\/v2\/product_cat?post=860"},{"taxonomy":"product_tag","embeddable":true,"href":"https:\/\/boya-machinery.com\/de\/wp-json\/wp\/v2\/product_tag?post=860"}],"curies":[{"name":"wp","href":"https:\/\/api.w.org\/{rel}","templated":true}]}}