{"id":862,"date":"2024-10-29T08:23:50","date_gmt":"2024-10-29T08:23:50","guid":{"rendered":"https:\/\/boya-machinery.com\/?post_type=product&#038;p=862"},"modified":"2025-03-19T09:23:59","modified_gmt":"2025-03-19T09:23:59","slug":"multi-needle-quilting-machine","status":"publish","type":"product","link":"https:\/\/boya-machinery.com\/de\/product\/multi-needle-quilting-machine\/","title":{"rendered":"Beliebte Mehrnadel-Steppmaschine aus China"},"content":{"rendered":"<p><strong>Mehrnadel-Steppmaschine<\/strong><\/p>\n<p>Abmessungen: 4800*1200*1800mm<\/p>\n<p>Steppbreite: 2450mm<\/p>\n<p>Nadelreihen: 3<\/p>\n<p>Abstand zwischen den Nadelreihen: 3\u2033+3\u2033<\/p>\n<p>Abstand zwischen den Nadeln: 25,4 mm<\/p>\n<p>X-Achse Bewegung Verschiebung: 304,8 mm<\/p>\n<p>Die Dicke der Steppung: weniger als 25mm<\/p>\n<p>Stichl\u00e4nge: 2-12mm<\/p>\n<p>Arbeitsgeschwindigkeit: 20-160m\/Stunde<\/p>\n<p>Shuttle-Modell: 10#<\/p>\n<p>Modell der Nadel: 19#<\/p>\n<p>Steppgeschwindigkeit: 100-1000r\/min<\/p>\n<p>Spannung: 380v\/50hz oder 220v\/60hz, dreiphasig<\/p>\n<p>Gesamtleistung: 5,5 kW<\/p>\n<p>Bruttogewicht: 5000kg<\/p>","protected":false},"excerpt":{"rendered":"<p>Angepasste Geschwindigkeit durch Computer und die Geschwindigkeit kann 1000r\/min erreichen<\/p>\n<p>Die S\u00e4ttel und Rollen werden durch Servoantriebe angetrieben, die Spindel wird durch Frequenzumwandlung gesteuert.<\/p>\n<p>S\u00e4ttel mit einer Steppmaschine mit einer hohen Steifigkeit Design. Der Stand der Stoff getrennt von den S\u00e4tteln effektiv reduziert die Betriebslast des Motors.<\/p>\n<p>Der Computer-Host verwendet das fortschrittlichste eingebettete Betriebssystem und den selbst entwickelten Motion-Control-Chip, schnelle Reaktionsgeschwindigkeit, lange Lebensdauer, gute Stabilit\u00e4t<\/p>\n<p>Diese Mehrnadel-Steppmaschine verf\u00fcgt \u00fcber eine Doppelkupplung, die das Synchronisationsproblem der (vorderen und hinteren) Rollen effektiv l\u00f6st.<\/p>\n<p>Sehr weit verbreitet f\u00fcr das Steppen von hochwertigen Kleidungsst\u00fccken, Bettbez\u00fcgen, Textilien, Schuhen, M\u00fctzen, Taschen, Handschuhen, Schlafs\u00e4cken, Sitzbez\u00fcgen, Wanddekorationen, etc.<\/p>\n<p style=\"font-weight: 100;\">\u00a0pr\u00e4zise und hochsteife Import-Schraubenstange<\/p>\n<p>360\u00b0-Zufallssteppung und grenzenlose mehrspurige und unabh\u00e4ngige Steppung.<\/p>\n<p>Fortgeschrittene und praktische Pr\u00fcfung von Oberfadenbruch-Techniken, die Maschine stoppt automatisch, wenn der Faden gerissen ist.<\/p>\n<p>Ein Infrarotsensor macht die Bedienung noch sicherer.<\/p>\n<p>Stabiler Betrieb, geringe Ger\u00e4uschentwicklung, hohe Pr\u00e4zision, wenige Bruchlinien, einfache Bedienung.<\/p>\n<p style=\"font-weight: 100;\">Der Nadelstangenlauf besteht aus einem Nadelstangenrahmen aus Aluminiumlegierung, der nicht extra ge\u00f6lt werden muss und sehr robust und langlebig ist.<\/p>\n<p style=\"font-weight: 100;\">Es wird h\u00e4ufig zum Steppen hochwertiger Kleidungsst\u00fccke, Bettbez\u00fcge, Textilien, Schuhe, M\u00fctzen, Taschen, Handschuhe, Schlafs\u00e4cke, Sitzbez\u00fcge, Wanddekorationen usw. verwendet.<\/p>","protected":false},"featured_media":863,"comment_status":"open","ping_status":"closed","template":"","meta":{"rank_math_lock_modified_date":false},"product_cat":[26],"product_tag":[],"class_list":{"0":"post-862","1":"product","2":"type-product","3":"status-publish","4":"has-post-thumbnail","6":"product_cat-quilting-machine","8":"first","9":"instock","10":"shipping-taxable","11":"product-type-simple"},"jetpack_sharing_enabled":true,"_links":{"self":[{"href":"https:\/\/boya-machinery.com\/de\/wp-json\/wp\/v2\/product\/862","targetHints":{"allow":["GET"]}}],"collection":[{"href":"https:\/\/boya-machinery.com\/de\/wp-json\/wp\/v2\/product"}],"about":[{"href":"https:\/\/boya-machinery.com\/de\/wp-json\/wp\/v2\/types\/product"}],"replies":[{"embeddable":true,"href":"https:\/\/boya-machinery.com\/de\/wp-json\/wp\/v2\/comments?post=862"}],"wp:featuredmedia":[{"embeddable":true,"href":"https:\/\/boya-machinery.com\/de\/wp-json\/wp\/v2\/media\/863"}],"wp:attachment":[{"href":"https:\/\/boya-machinery.com\/de\/wp-json\/wp\/v2\/media?parent=862"}],"wp:term":[{"taxonomy":"product_cat","embeddable":true,"href":"https:\/\/boya-machinery.com\/de\/wp-json\/wp\/v2\/product_cat?post=862"},{"taxonomy":"product_tag","embeddable":true,"href":"https:\/\/boya-machinery.com\/de\/wp-json\/wp\/v2\/product_tag?post=862"}],"curies":[{"name":"wp","href":"https:\/\/api.w.org\/{rel}","templated":true}]}}