{"id":864,"date":"2024-10-29T08:43:48","date_gmt":"2024-10-29T08:43:48","guid":{"rendered":"https:\/\/boya-machinery.com\/?post_type=product&#038;p=864"},"modified":"2025-03-19T07:05:07","modified_gmt":"2025-03-19T07:05:07","slug":"border-tape-sewing-machine","status":"publish","type":"product","link":"https:\/\/boya-machinery.com\/de\/product\/border-tape-sewing-machine\/","title":{"rendered":"Beliebte Matratzenumrandungsband N\u00e4hmaschine"},"content":{"rendered":"<div><strong>Bord\u00fcrenband-N\u00e4hmaschine<\/strong><\/div>\n<div>Stich: 2-5mm<\/div>\n<div>N\u00e4hgeschwindigkeit: 4-6m\/min<\/div>\n<div>Breite des Matratzenrandes: 80-380 mm<\/div>\n<div>Rei\u00dfverschlussbreite: 32mm und auch kundenspezifisch m\u00f6glich<\/div>\n<div>Automatischer Nadelaufbau: 12\/18mm und auch kundenspezifisch m\u00f6glich<\/div>\n<div>3D-Gewebe Randbreite: 85mm und akzeptiert auch kundenspezifische<\/div>\n<div>Kontakte: 25 und 33<\/div>\n<div>Teilung: 6,25 und 4,7 mm<\/div>\n<div>N\u00e4hbereich: 152,4 mm<\/div>\n<div>Breite des Vliesstoffs: 85 mm und auch kundenspezifisch m\u00f6glich<\/div>\n<div>Leistung: 0.98KW<\/div>\n<div>Abmessungen: 4.11*1.45*1.47m<\/div>\n<div>Stromversorgung: 1 Phase 220v 50-60hz<\/div>\n<div>Gewicht: 400kg<\/div>","protected":false},"excerpt":{"rendered":"<p>https:\/\/www.youtube.com\/embed\/dkTTUeKWD2M<\/p>\n<p>Die Matratzen-Randstreifen-N\u00e4hmaschine ist ein unverzichtbares Werkzeug f\u00fcr die moderne Matratzenherstellung, das f\u00fcr das pr\u00e4zise und dauerhafte N\u00e4hen von Randstreifen entwickelt wurde.<\/p>\n<p>Diese vielseitige und leistungsstarke Maschine sorgt f\u00fcr ein professionelles Finish und hilft Ihnen bei der Herstellung von Matratzen in Premiumqualit\u00e4t, die den Industriestandards entsprechen.<\/p>\n<p>Die auf Effizienz und Zuverl\u00e4ssigkeit ausgelegte Maschine ist die perfekte Wahl f\u00fcr Hersteller, die ihre Produktion rationalisieren und die Produktqualit\u00e4t verbessern wollen.<\/p>\n<p>Erzielt eine sichere und konsistente Naht von Bord\u00fcrenb\u00e4ndern f\u00fcr ein gl\u00e4nzendes Aussehen<\/p>\n<p>Randstreifen-N\u00e4hmaschine, die mit verschiedenen Materialien kompatibel ist und eine nahtlose Anpassungsf\u00e4higkeit gew\u00e4hrleistet<\/p>\n<p>Geeignet f\u00fcr eine Vielzahl von Matratzenranddesigns und -gr\u00f6\u00dfen<\/p>\n<p>Vollautomatisch arbeiten<\/p>\n<p>Kettenstich-N\u00e4hkopf (Japan)<\/p>\n<p>Das kontrastierende Band kann mit dem Logo des Herstellers oder des Kunden bedruckt werden.<\/p>\n<p>Synchronisierte Zugvorrichtung f\u00fcr glatte Gewebe<\/p>\n<p>Fadenbrucherkennung, automatischer Stopp bei Materialersch\u00f6pfung<\/p>\n<p>Elektronische Ortung Motor<\/p>\n<p>Einstellbare Gr\u00f6\u00dfe des Materials<\/p>\n<p>Flexible Positionierung der Halterung kann eine Vielzahl von verschiedenen Stilen, einfache Bedienung zu erreichen<\/p>","protected":false},"featured_media":1674,"comment_status":"open","ping_status":"closed","template":"","meta":{"rank_math_lock_modified_date":false},"product_cat":[24],"product_tag":[],"class_list":{"0":"post-864","1":"product","2":"type-product","3":"status-publish","4":"has-post-thumbnail","6":"product_cat-mattress-border-machine","8":"first","9":"instock","10":"shipping-taxable","11":"product-type-simple"},"jetpack_sharing_enabled":true,"_links":{"self":[{"href":"https:\/\/boya-machinery.com\/de\/wp-json\/wp\/v2\/product\/864","targetHints":{"allow":["GET"]}}],"collection":[{"href":"https:\/\/boya-machinery.com\/de\/wp-json\/wp\/v2\/product"}],"about":[{"href":"https:\/\/boya-machinery.com\/de\/wp-json\/wp\/v2\/types\/product"}],"replies":[{"embeddable":true,"href":"https:\/\/boya-machinery.com\/de\/wp-json\/wp\/v2\/comments?post=864"}],"wp:featuredmedia":[{"embeddable":true,"href":"https:\/\/boya-machinery.com\/de\/wp-json\/wp\/v2\/media\/1674"}],"wp:attachment":[{"href":"https:\/\/boya-machinery.com\/de\/wp-json\/wp\/v2\/media?parent=864"}],"wp:term":[{"taxonomy":"product_cat","embeddable":true,"href":"https:\/\/boya-machinery.com\/de\/wp-json\/wp\/v2\/product_cat?post=864"},{"taxonomy":"product_tag","embeddable":true,"href":"https:\/\/boya-machinery.com\/de\/wp-json\/wp\/v2\/product_tag?post=864"}],"curies":[{"name":"wp","href":"https:\/\/api.w.org\/{rel}","templated":true}]}}