{"id":865,"date":"2024-10-29T08:45:30","date_gmt":"2024-10-29T08:45:30","guid":{"rendered":"https:\/\/boya-machinery.com\/?post_type=product&#038;p=865"},"modified":"2025-03-19T07:33:03","modified_gmt":"2025-03-19T07:33:03","slug":"border-sewing-machine","status":"publish","type":"product","link":"https:\/\/boya-machinery.com\/de\/product\/border-sewing-machine\/","title":{"rendered":"Produktive Bord\u00fcren-N\u00e4hmaschine f\u00fcr Matratzen"},"content":{"rendered":"<p><strong>Bord\u00fcren-N\u00e4hmaschine<\/strong><\/p>\n<p>B\u00f6rdelmodus: einseitig und zweiseitig verf\u00fcgbar<\/p>\n<p>B\u00f6rdelbreite: 6,0 mm<\/p>\n<p>Anwendung Stoff Breite: 50-500mm (akzeptieren einstellbar)<\/p>\n<p>B\u00f6rdelgeschwindigkeit: 10-3000 Umdrehungen\/min<\/p>\n<p>Maximale B\u00f6rdeldicke: weniger als 20 mm f\u00fcr Schwammknospengewebe mittlerer Dichte<\/p>\n<p>Nadelabstand: 5mm<\/p>\n<p>Max. Presserhub: 8mm<\/p>\n<p>Nennluftdruck: 0,8 Mpa<\/p>\n<p>Leistung: 1,5KW<\/p>","protected":false},"excerpt":{"rendered":"<p>https:\/\/youtu.be\/KTdb31Gbt9c<\/p>\n<p>&nbsp;<\/p>\n<p>Diese Umrandungsn\u00e4hmaschine wird verwendet, um dauerhafte, qualitativ hochwertige Vers\u00e4uberungsr\u00e4nder an Matratzenplatten zu erstellen, die starke N\u00e4hte gew\u00e4hrleisten, die dem regelm\u00e4\u00dfigen Gebrauch standhalten<\/p>\n<p>Doppelsteppmaschinen, die mit Doppelnadeln und fortschrittlichen N\u00e4hmechanismen ausgestattet sind, sorgen f\u00fcr eine saubere, verst\u00e4rkte Kante auf beiden Seiten des Stoffes und verbessern die strukturelle Integrit\u00e4t und die \u00e4sthetische Qualit\u00e4t der Matratzen.<\/p>\n<p style=\"font-weight: 100;\">Diese Maschine wird haupts\u00e4chlich f\u00fcr doppelt ges\u00e4gte Matratzenkantenplatten verwendet. Sie verf\u00fcgt \u00fcber zwei unabh\u00e4ngige obere und untere K\u00f6pfe.<\/p>\n<p style=\"font-weight: 100;\">Mit variabler Frequenzumwandlungssteuerung und Simultanantriebsfunktion, motorbetriebenem Polyurethan-Walzenvorschub, erm\u00f6glicht die B\u00f6rdelmaschine auch das Spannen von Stoffen und einstellbares Aufwickeln. Sie kann \u00fcbersch\u00fcssige Stoffe automatisch schneiden.<\/p>\n<p style=\"font-weight: 100;\">Die doppelk\u00f6pfige Synchronverriegelungsmaschine ist au\u00dferdem mit einem Abfallsammler, einem Fadenbruchdetektor und einer automatischen Stoppvorrichtung f\u00fcr den Materialsplei\u00df ausgestattet. Es ist eine neue intelligente B\u00f6rdelmaschine.<\/p>\n<p>F\u00fcr diese Bortenn\u00e4hmaschine verwenden wir einen japanischen PEGASUS-N\u00e4hkopf, das N\u00e4hkopfmodell ist oben und unten, im Vergleich zu anderen Herstellern, die linke und rechte N\u00e4hkopfmodelle verwenden, bei denen es immer zu Problemen kommt, wie einige Kundenr\u00fcckmeldungen zeigen<\/p>","protected":false},"featured_media":818,"comment_status":"open","ping_status":"closed","template":"","meta":{"rank_math_lock_modified_date":false},"product_cat":[24],"product_tag":[],"class_list":{"0":"post-865","1":"product","2":"type-product","3":"status-publish","4":"has-post-thumbnail","6":"product_cat-mattress-border-machine","8":"first","9":"instock","10":"shipping-taxable","11":"product-type-simple"},"jetpack_sharing_enabled":true,"_links":{"self":[{"href":"https:\/\/boya-machinery.com\/de\/wp-json\/wp\/v2\/product\/865","targetHints":{"allow":["GET"]}}],"collection":[{"href":"https:\/\/boya-machinery.com\/de\/wp-json\/wp\/v2\/product"}],"about":[{"href":"https:\/\/boya-machinery.com\/de\/wp-json\/wp\/v2\/types\/product"}],"replies":[{"embeddable":true,"href":"https:\/\/boya-machinery.com\/de\/wp-json\/wp\/v2\/comments?post=865"}],"wp:featuredmedia":[{"embeddable":true,"href":"https:\/\/boya-machinery.com\/de\/wp-json\/wp\/v2\/media\/818"}],"wp:attachment":[{"href":"https:\/\/boya-machinery.com\/de\/wp-json\/wp\/v2\/media?parent=865"}],"wp:term":[{"taxonomy":"product_cat","embeddable":true,"href":"https:\/\/boya-machinery.com\/de\/wp-json\/wp\/v2\/product_cat?post=865"},{"taxonomy":"product_tag","embeddable":true,"href":"https:\/\/boya-machinery.com\/de\/wp-json\/wp\/v2\/product_tag?post=865"}],"curies":[{"name":"wp","href":"https:\/\/api.w.org\/{rel}","templated":true}]}}