{"id":1667,"date":"2025-03-18T08:05:22","date_gmt":"2025-03-18T08:05:22","guid":{"rendered":"https:\/\/boya-machinery.com\/?post_type=product&#038;p=1667"},"modified":"2025-04-07T03:22:50","modified_gmt":"2025-04-07T03:22:50","slug":"mattress-handle-sewing-machine","status":"publish","type":"product","link":"https:\/\/boya-machinery.com\/es\/product\/mattress-handle-sewing-machine\/","title":{"rendered":"M\u00e1quina de coser con asa para colch\u00f3n popular"},"content":{"rendered":"<p><strong>Mango de colch\u00f3n M\u00e1quina de coser<\/strong><\/p>\n<p>Modelo BY-CTF2<br \/>\nVelocidad de costura: 4-6M\/MIN<br \/>\nAncho del tejido del borde del colch\u00f3n: 75MM<br \/>\nAnchura del mango: 50-55MM<br \/>\nN\u00fameros de aguja: 12<br \/>\nGrosor de la costura: 6MM<br \/>\nPotencia: 0,85 W<br \/>\nAlimentaci\u00f3n el\u00e9ctrica: 1 FASE 220V 50-60HZ<\/p>","protected":false},"excerpt":{"rendered":"<p>https:\/\/youtu.be\/znlEPdP99Ic<\/p>\n<p>Funcionamiento totalmente autom\u00e1tico<\/p>\n<p>Cabezal de costura de punto de cadeneta<\/p>\n<p>Dispositivo de detecci\u00f3n de rotura de hilo<\/p>\n<p>Motor de localizaci\u00f3n electr\u00f3nica<\/p>\n<p>Tama\u00f1o ajustable del material<\/p>\n<p>El dispositivo tiene la funci\u00f3n de medir y cortar<\/p>","protected":false},"featured_media":1670,"comment_status":"open","ping_status":"closed","template":"","meta":{"rank_math_lock_modified_date":false},"product_cat":[24],"product_tag":[],"class_list":{"0":"post-1667","1":"product","2":"type-product","3":"status-publish","4":"has-post-thumbnail","6":"product_cat-mattress-border-machine","8":"first","9":"instock","10":"shipping-taxable","11":"product-type-simple"},"jetpack_sharing_enabled":true,"_links":{"self":[{"href":"https:\/\/boya-machinery.com\/es\/wp-json\/wp\/v2\/product\/1667","targetHints":{"allow":["GET"]}}],"collection":[{"href":"https:\/\/boya-machinery.com\/es\/wp-json\/wp\/v2\/product"}],"about":[{"href":"https:\/\/boya-machinery.com\/es\/wp-json\/wp\/v2\/types\/product"}],"replies":[{"embeddable":true,"href":"https:\/\/boya-machinery.com\/es\/wp-json\/wp\/v2\/comments?post=1667"}],"wp:featuredmedia":[{"embeddable":true,"href":"https:\/\/boya-machinery.com\/es\/wp-json\/wp\/v2\/media\/1670"}],"wp:attachment":[{"href":"https:\/\/boya-machinery.com\/es\/wp-json\/wp\/v2\/media?parent=1667"}],"wp:term":[{"taxonomy":"product_cat","embeddable":true,"href":"https:\/\/boya-machinery.com\/es\/wp-json\/wp\/v2\/product_cat?post=1667"},{"taxonomy":"product_tag","embeddable":true,"href":"https:\/\/boya-machinery.com\/es\/wp-json\/wp\/v2\/product_tag?post=1667"}],"curies":[{"name":"wp","href":"https:\/\/api.w.org\/{rel}","templated":true}]}}