{"id":1672,"date":"2025-03-19T06:50:54","date_gmt":"2025-03-19T06:50:54","guid":{"rendered":"https:\/\/boya-machinery.com\/?post_type=product&#038;p=1672"},"modified":"2025-03-24T09:24:01","modified_gmt":"2025-03-24T09:24:01","slug":"creative-mattress-handle-stitch-machine","status":"publish","type":"product","link":"https:\/\/boya-machinery.com\/es\/product\/creative-mattress-handle-stitch-machine\/","title":{"rendered":"M\u00e1quina de coser con mango para colchones Creative"},"content":{"rendered":"<p><strong>M\u00e1quina de coser de asas de colch\u00f3n<\/strong><\/p>\n<p>Modelo BY-HS-2210<br \/>\nForma de la cabeza Lanzadera<br \/>\n\u00c1rea de costura 220*100MM<br \/>\nAnchura del borde 80-450MM<br \/>\nGrosor del borde 5-25MM<br \/>\nGrosor del asa 2-6MM<br \/>\nVelocidad m\u00e1xima 2500RPM<\/p>","protected":false},"excerpt":{"rendered":"<p>https:\/\/youtube.com\/shorts\/Szxty_Rj0f8<\/p>\n<p>La m\u00e1quina de coser para asas de colch\u00f3n dobla manualmente los dos extremos del asa y se utiliza para coser por un solo lado el asa del colch\u00f3n. Es f\u00e1cil de operar, se coloca con precisi\u00f3n y crea hermosos patrones de costura. El estilo de costura puede ser diferentes patrones de acuerdo a los requerimientos del producto.<\/p>","protected":false},"featured_media":1673,"comment_status":"open","ping_status":"closed","template":"","meta":{"rank_math_lock_modified_date":false},"product_cat":[24],"product_tag":[],"class_list":{"0":"post-1672","1":"product","2":"type-product","3":"status-publish","4":"has-post-thumbnail","6":"product_cat-mattress-border-machine","8":"first","9":"instock","10":"shipping-taxable","11":"product-type-simple"},"jetpack_sharing_enabled":true,"_links":{"self":[{"href":"https:\/\/boya-machinery.com\/es\/wp-json\/wp\/v2\/product\/1672","targetHints":{"allow":["GET"]}}],"collection":[{"href":"https:\/\/boya-machinery.com\/es\/wp-json\/wp\/v2\/product"}],"about":[{"href":"https:\/\/boya-machinery.com\/es\/wp-json\/wp\/v2\/types\/product"}],"replies":[{"embeddable":true,"href":"https:\/\/boya-machinery.com\/es\/wp-json\/wp\/v2\/comments?post=1672"}],"wp:featuredmedia":[{"embeddable":true,"href":"https:\/\/boya-machinery.com\/es\/wp-json\/wp\/v2\/media\/1673"}],"wp:attachment":[{"href":"https:\/\/boya-machinery.com\/es\/wp-json\/wp\/v2\/media?parent=1672"}],"wp:term":[{"taxonomy":"product_cat","embeddable":true,"href":"https:\/\/boya-machinery.com\/es\/wp-json\/wp\/v2\/product_cat?post=1672"},{"taxonomy":"product_tag","embeddable":true,"href":"https:\/\/boya-machinery.com\/es\/wp-json\/wp\/v2\/product_tag?post=1672"}],"curies":[{"name":"wp","href":"https:\/\/api.w.org\/{rel}","templated":true}]}}