{"id":1675,"date":"2025-03-19T07:07:39","date_gmt":"2025-03-19T07:07:39","guid":{"rendered":"https:\/\/boya-machinery.com\/?post_type=product&#038;p=1675"},"modified":"2025-03-21T07:21:52","modified_gmt":"2025-03-21T07:21:52","slug":"mattress-handle-attaching-machine","status":"publish","type":"product","link":"https:\/\/boya-machinery.com\/es\/product\/mattress-handle-attaching-machine\/","title":{"rendered":"M\u00e1quina creativa de fijaci\u00f3n de asas de colch\u00f3n"},"content":{"rendered":"<p><strong><b>M<\/b><\/strong><strong><b>direcci\u00f3n <\/b><\/strong><strong><b>H<\/b><\/strong><strong><b>andle <\/b><\/strong><strong><b>Adjuntar<\/b><\/strong><strong><b>\u00a0<\/b><\/strong><strong><b>M<\/b><\/strong><strong><b>achine<\/b><\/strong><\/p>\n<p>Modelo BY-HS-7040<br \/>\nLanzadera Head<br \/>\nM\u00e1x. Rango de costura 700*400MM<br \/>\nAnchura del borde 80-450MM<br \/>\nEspesor del borde 5-25MM<br \/>\nEspesor del asa 2-6MM<br \/>\nMax. Velocidad 2500RPM<\/p>","protected":false},"excerpt":{"rendered":"<p>La m\u00e1quina de fijaci\u00f3n de asas de colch\u00f3n extralargas se utiliza principalmente para fijar asas extralargas en el borde del colch\u00f3n. El patr\u00f3n y el tama\u00f1o se pueden ajustar seg\u00fan sea necesario.<\/p>\n<p>Control por pantalla t\u00e1ctil, manejo sencillo<\/p>\n<p>Reducci\u00f3n autom\u00e1tica del hilo<\/p>\n<p>Patr\u00f3n de costura personalizable<\/p>","protected":false},"featured_media":1676,"comment_status":"open","ping_status":"closed","template":"","meta":{"rank_math_lock_modified_date":false},"product_cat":[24],"product_tag":[],"class_list":{"0":"post-1675","1":"product","2":"type-product","3":"status-publish","4":"has-post-thumbnail","6":"product_cat-mattress-border-machine","8":"first","9":"instock","10":"shipping-taxable","11":"product-type-simple"},"jetpack_sharing_enabled":true,"_links":{"self":[{"href":"https:\/\/boya-machinery.com\/es\/wp-json\/wp\/v2\/product\/1675","targetHints":{"allow":["GET"]}}],"collection":[{"href":"https:\/\/boya-machinery.com\/es\/wp-json\/wp\/v2\/product"}],"about":[{"href":"https:\/\/boya-machinery.com\/es\/wp-json\/wp\/v2\/types\/product"}],"replies":[{"embeddable":true,"href":"https:\/\/boya-machinery.com\/es\/wp-json\/wp\/v2\/comments?post=1675"}],"wp:featuredmedia":[{"embeddable":true,"href":"https:\/\/boya-machinery.com\/es\/wp-json\/wp\/v2\/media\/1676"}],"wp:attachment":[{"href":"https:\/\/boya-machinery.com\/es\/wp-json\/wp\/v2\/media?parent=1675"}],"wp:term":[{"taxonomy":"product_cat","embeddable":true,"href":"https:\/\/boya-machinery.com\/es\/wp-json\/wp\/v2\/product_cat?post=1675"},{"taxonomy":"product_tag","embeddable":true,"href":"https:\/\/boya-machinery.com\/es\/wp-json\/wp\/v2\/product_tag?post=1675"}],"curies":[{"name":"wp","href":"https:\/\/api.w.org\/{rel}","templated":true}]}}