{"id":1677,"date":"2025-03-19T07:41:53","date_gmt":"2025-03-19T07:41:53","guid":{"rendered":"https:\/\/boya-machinery.com\/?post_type=product&#038;p=1677"},"modified":"2025-09-26T01:23:07","modified_gmt":"2025-09-26T01:23:07","slug":"mattress-ruffler-machine","status":"publish","type":"product","link":"https:\/\/boya-machinery.com\/es\/product\/mattress-ruffler-machine\/","title":{"rendered":"M\u00e1quina creativa para fruncir colchones"},"content":{"rendered":"<p><strong>M\u00e1quina fruncidora de colchones<\/strong><\/p>\n<p>Modelo BY-R-001<br \/>\nAncho de rebordeado Est\u00e1ndar:80-200MM<br \/>\nAncho de rebordeado Puntada:120-300MM<br \/>\nEspesor de rebordeado 5-15MM<br \/>\nVelocidad m\u00e1xima 3000RPM<br \/>\nPotencia total 550 W<\/p>","protected":false},"excerpt":{"rendered":"<p>https:\/\/youtu.be\/OR2Gwed46_s<\/p>\n<p>&nbsp;<\/p>\n<p>La m\u00e1quina fruncidora de colchones se utiliza para fruncir las esquinas del colch\u00f3n de doble capa imitado. El n\u00famero de pliegues puede ajustarse seg\u00fan las necesidades. El equipo cose la tela base no tejida y el borde de imitaci\u00f3n de doble capa al mismo tiempo, y pliega y cose autom\u00e1ticamente en cada esquina seg\u00fan sea necesario. Reduce en gran medida la dificultad del operario y mejora la eficiencia de la producci\u00f3n y la calidad del producto.<\/p>","protected":false},"featured_media":1706,"comment_status":"open","ping_status":"closed","template":"","meta":{"rank_math_lock_modified_date":false},"product_cat":[24],"product_tag":[],"class_list":{"0":"post-1677","1":"product","2":"type-product","3":"status-publish","4":"has-post-thumbnail","6":"product_cat-mattress-border-machine","8":"first","9":"instock","10":"shipping-taxable","11":"product-type-simple"},"jetpack_sharing_enabled":true,"_links":{"self":[{"href":"https:\/\/boya-machinery.com\/es\/wp-json\/wp\/v2\/product\/1677","targetHints":{"allow":["GET"]}}],"collection":[{"href":"https:\/\/boya-machinery.com\/es\/wp-json\/wp\/v2\/product"}],"about":[{"href":"https:\/\/boya-machinery.com\/es\/wp-json\/wp\/v2\/types\/product"}],"replies":[{"embeddable":true,"href":"https:\/\/boya-machinery.com\/es\/wp-json\/wp\/v2\/comments?post=1677"}],"wp:featuredmedia":[{"embeddable":true,"href":"https:\/\/boya-machinery.com\/es\/wp-json\/wp\/v2\/media\/1706"}],"wp:attachment":[{"href":"https:\/\/boya-machinery.com\/es\/wp-json\/wp\/v2\/media?parent=1677"}],"wp:term":[{"taxonomy":"product_cat","embeddable":true,"href":"https:\/\/boya-machinery.com\/es\/wp-json\/wp\/v2\/product_cat?post=1677"},{"taxonomy":"product_tag","embeddable":true,"href":"https:\/\/boya-machinery.com\/es\/wp-json\/wp\/v2\/product_tag?post=1677"}],"curies":[{"name":"wp","href":"https:\/\/api.w.org\/{rel}","templated":true}]}}