{"id":1679,"date":"2025-03-19T08:02:37","date_gmt":"2025-03-19T08:02:37","guid":{"rendered":"https:\/\/boya-machinery.com\/?post_type=product&#038;p=1679"},"modified":"2025-03-19T08:05:45","modified_gmt":"2025-03-19T08:05:45","slug":"handle-stitch-machine","status":"publish","type":"product","link":"https:\/\/boya-machinery.com\/es\/product\/handle-stitch-machine\/","title":{"rendered":"M\u00e1quina de coser de mango creativo para la industria del colch\u00f3n"},"content":{"rendered":"<p><strong>M\u00e1quina de coser manual<\/strong><\/p>\n<p>Modelo BY-HS-3020<br \/>\nForma de la cabeza Lanzadera<br \/>\n\u00c1rea de costura 300*200MM<br \/>\nAnchura del borde 80-450MM<br \/>\nGrosor del borde 5-25MM<br \/>\nGrosor del asa 2-6MM<br \/>\nVelocidad m\u00e1xima 2500RPM<\/p>","protected":false},"excerpt":{"rendered":"<p>La m\u00e1quina de coser autom\u00e1tica de la manija del colch\u00f3n puede terminar autom\u00e1ticamente la manija ambos extremos del proceso de trabajo del doblez, de la alimentaci\u00f3n, de la colocaci\u00f3n y de la costura. F\u00e1cil de operar, posicionamiento preciso. hermoso efecto de costura en forma de flores. El estilo de costura puede ser diferente seg\u00fan los requisitos del producto.<\/p>\n<p>Tambi\u00e9n se puede utilizar para coser por un solo lado las asas de los colchones<\/p>","protected":false},"featured_media":1673,"comment_status":"open","ping_status":"closed","template":"","meta":{"rank_math_lock_modified_date":false},"product_cat":[24],"product_tag":[],"class_list":{"0":"post-1679","1":"product","2":"type-product","3":"status-publish","4":"has-post-thumbnail","6":"product_cat-mattress-border-machine","8":"first","9":"instock","10":"shipping-taxable","11":"product-type-simple"},"jetpack_sharing_enabled":true,"_links":{"self":[{"href":"https:\/\/boya-machinery.com\/es\/wp-json\/wp\/v2\/product\/1679","targetHints":{"allow":["GET"]}}],"collection":[{"href":"https:\/\/boya-machinery.com\/es\/wp-json\/wp\/v2\/product"}],"about":[{"href":"https:\/\/boya-machinery.com\/es\/wp-json\/wp\/v2\/types\/product"}],"replies":[{"embeddable":true,"href":"https:\/\/boya-machinery.com\/es\/wp-json\/wp\/v2\/comments?post=1679"}],"wp:featuredmedia":[{"embeddable":true,"href":"https:\/\/boya-machinery.com\/es\/wp-json\/wp\/v2\/media\/1673"}],"wp:attachment":[{"href":"https:\/\/boya-machinery.com\/es\/wp-json\/wp\/v2\/media?parent=1679"}],"wp:term":[{"taxonomy":"product_cat","embeddable":true,"href":"https:\/\/boya-machinery.com\/es\/wp-json\/wp\/v2\/product_cat?post=1679"},{"taxonomy":"product_tag","embeddable":true,"href":"https:\/\/boya-machinery.com\/es\/wp-json\/wp\/v2\/product_tag?post=1679"}],"curies":[{"name":"wp","href":"https:\/\/api.w.org\/{rel}","templated":true}]}}