{"id":1680,"date":"2025-03-19T08:07:29","date_gmt":"2025-03-19T08:07:29","guid":{"rendered":"https:\/\/boya-machinery.com\/?post_type=product&#038;p=1680"},"modified":"2025-03-24T09:18:52","modified_gmt":"2025-03-24T09:18:52","slug":"maquina-automatica-de-etiquetado-de-colchones","status":"publish","type":"product","link":"https:\/\/boya-machinery.com\/es\/product\/automatic-mattress-label-machine\/","title":{"rendered":"Potente etiquetadora autom\u00e1tica de colchones"},"content":{"rendered":"<p><strong>Etiquetadora autom\u00e1tica de colchones<\/strong><\/p>\n<p>Modelo LG-3020<br \/>\nLanzadera Head<br \/>\nRango de costura m\u00e1x. 300*200MM<br \/>\nEspesor de costura 5-25MM<br \/>\nVelocidad m\u00e1xima 2500RPM<\/p>","protected":false},"excerpt":{"rendered":"<p>https:\/\/youtube.com\/shorts\/Szxty_Rj0f8<\/p>\n<p>Se utiliza principalmente para coser curvas o l\u00edneas rectas de etiquetas de colch\u00f3n, puede coser autom\u00e1ticamente la etiqueta a la tela del colch\u00f3n o el borde de acuerdo con el patr\u00f3n dise\u00f1ado.<\/p>\n<p>Control de pantalla t\u00e1ctil, f\u00e1cil manejo<\/p>\n<p>Reducci\u00f3n autom\u00e1tica del hilo, elevaci\u00f3n autom\u00e1tica del prensatelas<\/p>\n<p>El patr\u00f3n de costura puede personalizarse<\/p>\n<p>&nbsp;<\/p>","protected":false},"featured_media":1681,"comment_status":"open","ping_status":"closed","template":"","meta":{"rank_math_lock_modified_date":false},"product_cat":[25],"product_tag":[],"class_list":{"0":"post-1680","1":"product","2":"type-product","3":"status-publish","4":"has-post-thumbnail","6":"product_cat-long-arm-machine","8":"first","9":"instock","10":"shipping-taxable","11":"product-type-simple"},"jetpack_sharing_enabled":true,"_links":{"self":[{"href":"https:\/\/boya-machinery.com\/es\/wp-json\/wp\/v2\/product\/1680","targetHints":{"allow":["GET"]}}],"collection":[{"href":"https:\/\/boya-machinery.com\/es\/wp-json\/wp\/v2\/product"}],"about":[{"href":"https:\/\/boya-machinery.com\/es\/wp-json\/wp\/v2\/types\/product"}],"replies":[{"embeddable":true,"href":"https:\/\/boya-machinery.com\/es\/wp-json\/wp\/v2\/comments?post=1680"}],"wp:featuredmedia":[{"embeddable":true,"href":"https:\/\/boya-machinery.com\/es\/wp-json\/wp\/v2\/media\/1681"}],"wp:attachment":[{"href":"https:\/\/boya-machinery.com\/es\/wp-json\/wp\/v2\/media?parent=1680"}],"wp:term":[{"taxonomy":"product_cat","embeddable":true,"href":"https:\/\/boya-machinery.com\/es\/wp-json\/wp\/v2\/product_cat?post=1680"},{"taxonomy":"product_tag","embeddable":true,"href":"https:\/\/boya-machinery.com\/es\/wp-json\/wp\/v2\/product_tag?post=1680"}],"curies":[{"name":"wp","href":"https:\/\/api.w.org\/{rel}","templated":true}]}}