{"id":1682,"date":"2025-03-19T08:47:55","date_gmt":"2025-03-19T08:47:55","guid":{"rendered":"https:\/\/boya-machinery.com\/?post_type=product&#038;p=1682"},"modified":"2025-03-26T00:10:25","modified_gmt":"2025-03-26T00:10:25","slug":"mattress-hemming-machine","status":"publish","type":"product","link":"https:\/\/boya-machinery.com\/es\/product\/mattress-hemming-machine\/","title":{"rendered":"Mejor dobladilladora de colchones"},"content":{"rendered":"<p><b>Dobladilladora de colchones<\/b><\/p>\n<p>Responsable: Pegasus Japan<\/p>\n<p>Ancho de rebordeado: 15 mm, 25 mm o 30 mm<\/p>\n<p>Grosor de las bridas: 10-80 mm<\/p>\n<p>Velocidad m\u00e1xima: 3000RPM<\/p>\n<p>Potencia del motor: 550 W<\/p>","protected":false},"excerpt":{"rendered":"<p>Con menos ruido para coser materiales finos<\/p>\n<p>Velocidad de costura de hasta 3.000<\/p>\n<p>Mantiene la longitud de la puntada<\/p>\n<p>Estructura de alimentaci\u00f3n sincr\u00f3nica con excelente rendimiento de alimentaci\u00f3n, incluso telas muy gruesas pueden pasar f\u00e1cilmente mientras que a menudo fallaba en otros tipos de m\u00e1quinas de coser<\/p>\n<p>Se pueden procesar f\u00e1cilmente tanto tejidos gruesos como finos<\/p>\n<p>Sistema autom\u00e1tico de refrigeraci\u00f3n y lubricaci\u00f3n<\/p>\n<p>Servomotor de Taiw\u00e1n<\/p>","protected":false},"featured_media":1713,"comment_status":"open","ping_status":"closed","template":"","meta":{"rank_math_lock_modified_date":false},"product_cat":[21],"product_tag":[],"class_list":{"0":"post-1682","1":"product","2":"type-product","3":"status-publish","4":"has-post-thumbnail","6":"product_cat-flanging-machine","8":"first","9":"instock","10":"shipping-taxable","11":"product-type-simple"},"jetpack_sharing_enabled":true,"_links":{"self":[{"href":"https:\/\/boya-machinery.com\/es\/wp-json\/wp\/v2\/product\/1682","targetHints":{"allow":["GET"]}}],"collection":[{"href":"https:\/\/boya-machinery.com\/es\/wp-json\/wp\/v2\/product"}],"about":[{"href":"https:\/\/boya-machinery.com\/es\/wp-json\/wp\/v2\/types\/product"}],"replies":[{"embeddable":true,"href":"https:\/\/boya-machinery.com\/es\/wp-json\/wp\/v2\/comments?post=1682"}],"wp:featuredmedia":[{"embeddable":true,"href":"https:\/\/boya-machinery.com\/es\/wp-json\/wp\/v2\/media\/1713"}],"wp:attachment":[{"href":"https:\/\/boya-machinery.com\/es\/wp-json\/wp\/v2\/media?parent=1682"}],"wp:term":[{"taxonomy":"product_cat","embeddable":true,"href":"https:\/\/boya-machinery.com\/es\/wp-json\/wp\/v2\/product_cat?post=1682"},{"taxonomy":"product_tag","embeddable":true,"href":"https:\/\/boya-machinery.com\/es\/wp-json\/wp\/v2\/product_tag?post=1682"}],"curies":[{"name":"wp","href":"https:\/\/api.w.org\/{rel}","templated":true}]}}