{"id":1685,"date":"2025-03-19T09:24:36","date_gmt":"2025-03-19T09:24:36","guid":{"rendered":"https:\/\/boya-machinery.com\/?post_type=product&#038;p=1685"},"modified":"2025-03-19T09:31:04","modified_gmt":"2025-03-19T09:31:04","slug":"high-speed-quilting-machine","status":"publish","type":"product","link":"https:\/\/boya-machinery.com\/es\/product\/high-speed-quilting-machine\/","title":{"rendered":"Acolchadora de alta velocidad de gran calidad"},"content":{"rendered":"<p><strong>Acolchadora de alta velocidad<\/strong><\/p>\n<p>Modelo \uff1aBY3000A<\/p>\n<p>Dimension (LxWxH)\uff1a5050x1600x2300mm<\/p>\n<p>Anchura de acolchado:2450mm<\/p>\n<p>Hileras de agujas:3<\/p>\n<p>Espacio entre hileras de agujas:3\"+3\".<\/p>\n<p>Espacio entre agujas: 25,4 mm<\/p>\n<p>Desplazamiento del movimiento del eje X: 305mm(12\u2033)<\/p>\n<p>Grosor del acolchado:\u226480mm<\/p>\n<p>Longitud de puntada: 2-12 mm<\/p>\n<p>Velocidad de funcionamiento:60-260(m\/hora)<\/p>\n<p>Needle model:21#\uff0c22#\uff0c23#\uff0c24#<\/p>\n<p>Velocidad de acolchado:100-1000RPM<\/p>\n<p>Voltaje (CA): 380 V\/220 V, trif\u00e1sico<\/p>\n<p>Potencia total: 8 kW<\/p>\n<p>Peso bruto: 5500KGS<\/p>\n<p>Consumo medio de gas:  13,8 (L\/min)<\/p>\n<p>Consumo total de gas : 69,5 (L\/hora)<\/p>","protected":false},"excerpt":{"rendered":"<p>El exclusivo sistema de dise\u00f1o de lubricaci\u00f3n por suministro de aceite de la bolsa de aceite mejora enormemente la vida \u00fatil de la l\u00e1mina antidesgaste y reduce el ciclo de mantenimiento diario (estructura patentada).<\/p>\n<p>La chapa resistente al desgaste hecha de material met\u00e1lico especial hace que la conexi\u00f3n entre el soporte de la paleta y el soporte de la paleta sea m\u00e1s suave y resistente al desgaste.<\/p>\n<p>La nueva barra de aleaci\u00f3n de aluminio y la placa de prensado se controlan mediante un dispositivo de doble oscilaci\u00f3n sin leva que evita la lubricaci\u00f3n y el ensuciamiento del material.<\/p>\n<p>El rodillo delantero adopta la estructura s\u00edncrona del servomotor, lo que hace que la producci\u00f3n de patrones independientes sea m\u00e1s precisa y eficiente.<\/p>\n<p>360\u00b0Patrones m\u00faltiples e independientes, funci\u00f3n de corte autom\u00e1tico del hilo.<\/p>\n<p>Sistema de acolchado de desarrollo propio, tambi\u00e9n admite el bordado de acolchado con archivos de formato DST, f\u00e1cil de utilizar.<\/p>\n<p>El ordenador central adopta el sistema operativo integrado m\u00e1s avanzado y el chip de control de movimiento de desarrollo propio, con una velocidad de respuesta r\u00e1pida, una larga vida \u00fatil y una gran estabilidad.<\/p>\n<p>Husillo accionado por servomotor, es capaz de cambiar la velocidad y la inversi\u00f3n positiva, cooperar con el software para completar la funci\u00f3n de corte de hilo de corte.<\/p>\n<p>La estructura de corte de hilo adopta la funci\u00f3n de corte de hilo de gancho avanzada internacional, que puede reducir eficazmente la posibilidad de saltar, mejorar la eficiencia de corte de hilo, y hacer que la calidad sea m\u00e1s estable\u3002<\/p>\n<p>Protecci\u00f3n de seguridad por infrarrojos y funci\u00f3n de detecci\u00f3n autom\u00e1tica del sensor de paso.<\/p>","protected":false},"featured_media":1686,"comment_status":"open","ping_status":"closed","template":"","meta":{"rank_math_lock_modified_date":false},"product_cat":[26],"product_tag":[],"class_list":{"0":"post-1685","1":"product","2":"type-product","3":"status-publish","4":"has-post-thumbnail","6":"product_cat-quilting-machine","8":"first","9":"instock","10":"shipping-taxable","11":"product-type-simple"},"jetpack_sharing_enabled":true,"_links":{"self":[{"href":"https:\/\/boya-machinery.com\/es\/wp-json\/wp\/v2\/product\/1685","targetHints":{"allow":["GET"]}}],"collection":[{"href":"https:\/\/boya-machinery.com\/es\/wp-json\/wp\/v2\/product"}],"about":[{"href":"https:\/\/boya-machinery.com\/es\/wp-json\/wp\/v2\/types\/product"}],"replies":[{"embeddable":true,"href":"https:\/\/boya-machinery.com\/es\/wp-json\/wp\/v2\/comments?post=1685"}],"wp:featuredmedia":[{"embeddable":true,"href":"https:\/\/boya-machinery.com\/es\/wp-json\/wp\/v2\/media\/1686"}],"wp:attachment":[{"href":"https:\/\/boya-machinery.com\/es\/wp-json\/wp\/v2\/media?parent=1685"}],"wp:term":[{"taxonomy":"product_cat","embeddable":true,"href":"https:\/\/boya-machinery.com\/es\/wp-json\/wp\/v2\/product_cat?post=1685"},{"taxonomy":"product_tag","embeddable":true,"href":"https:\/\/boya-machinery.com\/es\/wp-json\/wp\/v2\/product_tag?post=1685"}],"curies":[{"name":"wp","href":"https:\/\/api.w.org\/{rel}","templated":true}]}}