{"id":1687,"date":"2025-03-21T06:43:53","date_gmt":"2025-03-21T06:43:53","guid":{"rendered":"https:\/\/boya-machinery.com\/?post_type=product&#038;p=1687"},"modified":"2025-03-21T07:03:37","modified_gmt":"2025-03-21T07:03:37","slug":"cutting-machine","status":"publish","type":"product","link":"https:\/\/boya-machinery.com\/es\/product\/cutting-machine\/","title":{"rendered":"Potente m\u00e1quina de corte para tableros de colchones"},"content":{"rendered":"<p><strong>M\u00e1quina cortadora<\/strong><\/p>\n<p>Modelo BYCM96-C<br \/>\nTama\u00f1o de la m\u00e1quina(L*A*Al) 3350*850*1760(mm)<br \/>\nAnchura de corte 2400mm<br \/>\nLongitud de corte Min 30cm-Infinito<br \/>\nVelocidad de corte Corte vertical 10 m\/m, corte horizontal 5 s\/corte<br \/>\nEspesor de corte \u226440mm<br \/>\nPeso de la m\u00e1quina 600KGS<br \/>\nPotencia m\u00e1xima 1,8 kW<br \/>\nTensi\u00f3n 380V\/50HZ,220V\/60HZ, trif\u00e1sica<\/p>","protected":false},"excerpt":{"rendered":"<p>Es adecuada para el corte transversal, el rayado, el recorte y el acolchado de productos textiles para el hogar. Es adecuado para su uso con m\u00e1quina de acolchar + equipo de enrollado de tela, y tambi\u00e9n se puede utilizar solo.<\/p>\n<p>Pantalla t\u00e1ctil de 5\", de gran tama\u00f1o para facilitar el manejo<\/p>\n<p>Las cuchillas de corte ocultas son m\u00e1s c\u00f3modas y seguras<\/p>\n<p>Los controles el\u00e9ctricos de longitud y anchura de los cortes transversales hacen que las operaciones sean m\u00e1s humanas<\/p>\n<p>La presi\u00f3n ser\u00e1 uniforme, y la alimentaci\u00f3n se nivelar\u00e1. El corte ser\u00e1 m\u00e1s suave, especialmente para el recorte de bordes de material m\u00e1s fino.<\/p>\n<p>Dimensi\u00f3n Y con codificador para contar la longitud. Puede cortar la longitud del material. Utilice la cinta transportadora para la descarga mec\u00e1nica.ser\u00e1 conveniente para doblar el material y ahorrar artificial.<\/p>","protected":false},"featured_media":1688,"comment_status":"open","ping_status":"closed","template":"","meta":{"rank_math_lock_modified_date":false},"product_cat":[26],"product_tag":[],"class_list":{"0":"post-1687","1":"product","2":"type-product","3":"status-publish","4":"has-post-thumbnail","6":"product_cat-quilting-machine","8":"first","9":"instock","10":"shipping-taxable","11":"product-type-simple"},"jetpack_sharing_enabled":true,"_links":{"self":[{"href":"https:\/\/boya-machinery.com\/es\/wp-json\/wp\/v2\/product\/1687","targetHints":{"allow":["GET"]}}],"collection":[{"href":"https:\/\/boya-machinery.com\/es\/wp-json\/wp\/v2\/product"}],"about":[{"href":"https:\/\/boya-machinery.com\/es\/wp-json\/wp\/v2\/types\/product"}],"replies":[{"embeddable":true,"href":"https:\/\/boya-machinery.com\/es\/wp-json\/wp\/v2\/comments?post=1687"}],"wp:featuredmedia":[{"embeddable":true,"href":"https:\/\/boya-machinery.com\/es\/wp-json\/wp\/v2\/media\/1688"}],"wp:attachment":[{"href":"https:\/\/boya-machinery.com\/es\/wp-json\/wp\/v2\/media?parent=1687"}],"wp:term":[{"taxonomy":"product_cat","embeddable":true,"href":"https:\/\/boya-machinery.com\/es\/wp-json\/wp\/v2\/product_cat?post=1687"},{"taxonomy":"product_tag","embeddable":true,"href":"https:\/\/boya-machinery.com\/es\/wp-json\/wp\/v2\/product_tag?post=1687"}],"curies":[{"name":"wp","href":"https:\/\/api.w.org\/{rel}","templated":true}]}}