{"id":1692,"date":"2025-03-21T08:45:30","date_gmt":"2025-03-21T08:45:30","guid":{"rendered":"https:\/\/boya-machinery.com\/?post_type=product&#038;p=1692"},"modified":"2025-04-09T03:22:29","modified_gmt":"2025-04-09T03:22:29","slug":"flange-machine","status":"publish","type":"product","link":"https:\/\/boya-machinery.com\/es\/product\/flange-machine\/","title":{"rendered":"M\u00e1quina de pesta\u00f1as Profit para overlock de colchones"},"content":{"rendered":"<p><strong>M\u00e1quina de bridas<\/strong><\/p>\n<p>Modelo SFG-X-6<br \/>\nJefe JUKI<br \/>\nAncho de rebordeado 25MM<br \/>\nGrosor de las bridas 10-90MM<br \/>\nVelocidad m\u00e1xima 4500RPM<br \/>\nPotencia total 750 W<\/p>","protected":false},"excerpt":{"rendered":"<p>https:\/\/youtu.be\/ICFKbUbBnvE<\/p>\n<p>Nueva prensa de pie de gran elevaci\u00f3n<\/p>\n<p>Altura de elevaci\u00f3n del pie de dise\u00f1o hasta 35MM<\/p>\n<p>Nuevo dise\u00f1o de la m\u00e1quina motriz<\/p>\n<p>Coser tela es m\u00e1s f\u00e1cil y potente<\/p>\n<p>Rebordeado 1-90MM Tejido de colch\u00f3n extra grueso con pespunte disponible<\/p>\n<p>Ancho de rebordeado 25MM<\/p>\n<p>Velocidad de rebordeado de hasta 4500 rpm\/min de giro<\/p>\n<p>Servomotor original de Taiw\u00e1n<\/p>\n<p>Lubricaci\u00f3n autom\u00e1tica de los cabezales<\/p>\n<p>F\u00e1cil conversi\u00f3n para tejidos gruesos y finos<\/p>","protected":false},"featured_media":1701,"comment_status":"open","ping_status":"closed","template":"","meta":{"rank_math_lock_modified_date":false},"product_cat":[23],"product_tag":[],"class_list":{"0":"post-1692","1":"product","2":"type-product","3":"status-publish","4":"has-post-thumbnail","6":"product_cat-smart-sewing-machine","8":"first","9":"instock","10":"shipping-taxable","11":"product-type-simple"},"jetpack_sharing_enabled":true,"_links":{"self":[{"href":"https:\/\/boya-machinery.com\/es\/wp-json\/wp\/v2\/product\/1692","targetHints":{"allow":["GET"]}}],"collection":[{"href":"https:\/\/boya-machinery.com\/es\/wp-json\/wp\/v2\/product"}],"about":[{"href":"https:\/\/boya-machinery.com\/es\/wp-json\/wp\/v2\/types\/product"}],"replies":[{"embeddable":true,"href":"https:\/\/boya-machinery.com\/es\/wp-json\/wp\/v2\/comments?post=1692"}],"wp:featuredmedia":[{"embeddable":true,"href":"https:\/\/boya-machinery.com\/es\/wp-json\/wp\/v2\/media\/1701"}],"wp:attachment":[{"href":"https:\/\/boya-machinery.com\/es\/wp-json\/wp\/v2\/media?parent=1692"}],"wp:term":[{"taxonomy":"product_cat","embeddable":true,"href":"https:\/\/boya-machinery.com\/es\/wp-json\/wp\/v2\/product_cat?post=1692"},{"taxonomy":"product_tag","embeddable":true,"href":"https:\/\/boya-machinery.com\/es\/wp-json\/wp\/v2\/product_tag?post=1692"}],"curies":[{"name":"wp","href":"https:\/\/api.w.org\/{rel}","templated":true}]}}