{"id":1704,"date":"2025-03-22T07:03:53","date_gmt":"2025-03-22T07:03:53","guid":{"rendered":"https:\/\/boya-machinery.com\/?post_type=product&#038;p=1704"},"modified":"2025-03-22T07:18:00","modified_gmt":"2025-03-22T07:18:00","slug":"quilting-machine","status":"publish","type":"product","link":"https:\/\/boya-machinery.com\/es\/product\/quilting-machine\/","title":{"rendered":"Superacolchadora para colchones"},"content":{"rendered":"<p><strong>M\u00e1quina de acolchar<\/strong><\/p>\n<p>Modelo \uff1aBY5000<\/p>\n<p>Productividad: 160-400m\/h<\/p>\n<p>Rango de velocidad: 20-1500RPM<\/p>\n<p>Grosor del acolchado: \u2264100mm<\/p>\n<p>Ancho de acolchado: \u22642600mm<\/p>\n<p>Paso del conjunto de agujas: 3 pulgadas<\/p>\n<p>Calibre de la aguja: 25,4 mm<\/p>\n<p>Longitud de puntada: 2-8 mm<\/p>\n<p>Potencia total: 6 kW<\/p>\n<p>Alimentaci\u00f3n el\u00e9ctrica: Trif\u00e1sica 380v 50Hz<\/p>\n<p>Dimensiones totales: 6600*5400*2500 mm<\/p>\n<p>Peso total: 6300 kg<\/p>\n<p>&nbsp;<\/p>","protected":false},"excerpt":{"rendered":"<p>Acolchado de salto<\/p>\n<p>Dise\u00f1o de gancho dividido<\/p>\n<p>Dise\u00f1o de patrones y funci\u00f3n de compensaci\u00f3n de patrones<\/p>\n<p>Dise\u00f1o de patrones<\/p>\n<p>Sistema operativo de pantalla t\u00e1ctil<\/p>\n<p>Bot\u00f3n de control del husillo<\/p>\n<p>dispositivo de detecci\u00f3n de rotura de hilo<\/p>\n<p>Funci\u00f3n de memoria de apagado<\/p>\n<p>Funci\u00f3n de ajuste autom\u00e1tico de la altura del prensatelas<\/p>\n<p>Sistema de repostaje autom\u00e1tico<\/p>\n<p>Ajuste de la longitud y la posici\u00f3n del hilo<\/p>\n<p>Estructura de fundici\u00f3n de alta resistencia<\/p>","protected":false},"featured_media":1705,"comment_status":"open","ping_status":"closed","template":"","meta":{"rank_math_lock_modified_date":false},"product_cat":[26],"product_tag":[],"class_list":{"0":"post-1704","1":"product","2":"type-product","3":"status-publish","4":"has-post-thumbnail","6":"product_cat-quilting-machine","8":"first","9":"instock","10":"shipping-taxable","11":"product-type-simple"},"jetpack_sharing_enabled":true,"_links":{"self":[{"href":"https:\/\/boya-machinery.com\/es\/wp-json\/wp\/v2\/product\/1704","targetHints":{"allow":["GET"]}}],"collection":[{"href":"https:\/\/boya-machinery.com\/es\/wp-json\/wp\/v2\/product"}],"about":[{"href":"https:\/\/boya-machinery.com\/es\/wp-json\/wp\/v2\/types\/product"}],"replies":[{"embeddable":true,"href":"https:\/\/boya-machinery.com\/es\/wp-json\/wp\/v2\/comments?post=1704"}],"wp:featuredmedia":[{"embeddable":true,"href":"https:\/\/boya-machinery.com\/es\/wp-json\/wp\/v2\/media\/1705"}],"wp:attachment":[{"href":"https:\/\/boya-machinery.com\/es\/wp-json\/wp\/v2\/media?parent=1704"}],"wp:term":[{"taxonomy":"product_cat","embeddable":true,"href":"https:\/\/boya-machinery.com\/es\/wp-json\/wp\/v2\/product_cat?post=1704"},{"taxonomy":"product_tag","embeddable":true,"href":"https:\/\/boya-machinery.com\/es\/wp-json\/wp\/v2\/product_tag?post=1704"}],"curies":[{"name":"wp","href":"https:\/\/api.w.org\/{rel}","templated":true}]}}