{"id":1944,"date":"2025-06-04T07:03:38","date_gmt":"2025-06-04T07:03:38","guid":{"rendered":"https:\/\/boya-machinery.com\/?post_type=product&#038;p=1944"},"modified":"2026-01-13T02:25:57","modified_gmt":"2026-01-13T02:25:57","slug":"automatic-flat-tape-edge-machine","status":"publish","type":"product","link":"https:\/\/boya-machinery.com\/es\/product\/automatic-flat-tape-edge-machine\/","title":{"rendered":"M\u00e1quina autom\u00e1tica de bordes de cinta plana"},"content":{"rendered":"<p><strong>M\u00e1quina para bordes de cinta<\/strong><\/p>\n<p>Modelo: SPF-300U<\/p>\n<p>Cabeza: 300UB5<\/p>\n<p>Tama\u00f1o de la carpeta: 35 o 38 o 40 o 42<\/p>\n<p>Altura de elevaci\u00f3n del prensatelas: 8MM-10MM<\/p>\n<p>Velocidad m\u00e1xima: 2000RPM<\/p>\n<p>Aguja: DP*59 23#<\/p>\n<p>Longitud de la puntada: 4-6 mm (1 pulgada)<\/p>\n<p>Presi\u00f3n del aire: 0,6-0,8 MPa<\/p>\n<p>Potencia total: 2600 W<\/p>\n<p>Tensi\u00f3n: 220V 1 FASE 50\/60HZ<\/p>","protected":false},"excerpt":{"rendered":"<p>https:\/\/youtu.be\/N3S9fUcRfiQ<\/p>\n<p>https:\/\/youtu.be\/gu8HomFFgmM<\/p>\n<p>SPF-300U es una m\u00e1quina de bordes planos que transporta autom\u00e1ticamente telas de colch\u00f3n y ayuda a girar las esquinas con una cinta transportadora. Est\u00e1 equipada con un cabezal 300UB. Esta m\u00e1quina inteligente de bordes con cinta transportadora es f\u00e1cil de manejar, reduce el tiempo de formaci\u00f3n del operario, mejora enormemente la eficacia del trabajo y garantiza una alta calidad. La cinta transportadora tambi\u00e9n ayuda al cabezal de la m\u00e1quina en la alimentaci\u00f3n sincr\u00f3nica, lo que reduce la carga del cabezal de la m\u00e1quina y prolonga su vida \u00fatil.<\/p>\n<p>Cuando el operario maneja telas extremadamente gruesas y pesadas, la cinta transportadora transporta simult\u00e1neamente la tela y gira autom\u00e1ticamente la esquina, lo que reduce en gran medida la fatiga del operario y simplifica la formaci\u00f3n.<\/p>\n<p>Curvas autom\u00e1ticas<\/p>\n<p>Reduce la carga de trabajo del cabezal de la m\u00e1quina y prolonga su vida \u00fatil<\/p>\n<p>Ayuda a mejorar la productividad del operario<\/p>","protected":false},"featured_media":1945,"comment_status":"open","ping_status":"closed","template":"","meta":{"rank_math_lock_modified_date":false},"product_cat":[22],"product_tag":[],"class_list":{"0":"post-1944","1":"product","2":"type-product","3":"status-publish","4":"has-post-thumbnail","6":"product_cat-tape-edge-machine","8":"first","9":"instock","10":"shipping-taxable","11":"product-type-simple"},"jetpack_sharing_enabled":true,"_links":{"self":[{"href":"https:\/\/boya-machinery.com\/es\/wp-json\/wp\/v2\/product\/1944","targetHints":{"allow":["GET"]}}],"collection":[{"href":"https:\/\/boya-machinery.com\/es\/wp-json\/wp\/v2\/product"}],"about":[{"href":"https:\/\/boya-machinery.com\/es\/wp-json\/wp\/v2\/types\/product"}],"replies":[{"embeddable":true,"href":"https:\/\/boya-machinery.com\/es\/wp-json\/wp\/v2\/comments?post=1944"}],"wp:featuredmedia":[{"embeddable":true,"href":"https:\/\/boya-machinery.com\/es\/wp-json\/wp\/v2\/media\/1945"}],"wp:attachment":[{"href":"https:\/\/boya-machinery.com\/es\/wp-json\/wp\/v2\/media?parent=1944"}],"wp:term":[{"taxonomy":"product_cat","embeddable":true,"href":"https:\/\/boya-machinery.com\/es\/wp-json\/wp\/v2\/product_cat?post=1944"},{"taxonomy":"product_tag","embeddable":true,"href":"https:\/\/boya-machinery.com\/es\/wp-json\/wp\/v2\/product_tag?post=1944"}],"curies":[{"name":"wp","href":"https:\/\/api.w.org\/{rel}","templated":true}]}}