{"id":790,"date":"2024-10-29T07:13:47","date_gmt":"2024-10-29T07:13:47","guid":{"rendered":"https:\/\/boya-machinery.com\/?post_type=product&#038;p=790"},"modified":"2024-11-11T02:04:03","modified_gmt":"2024-11-11T02:04:03","slug":"mattress-flanging-machine","status":"publish","type":"product","link":"https:\/\/boya-machinery.com\/es\/product\/mattress-flanging-machine\/","title":{"rendered":"La mejor m\u00e1quina para rebordear colchones de China"},"content":{"rendered":"<p><strong>Rebordeadora de colchones<\/strong><\/p>\n<p style=\"font-weight: 100;\">Responsable: JUKI<\/p>\n<p style=\"font-weight: 100;\">Anchura del reborde: 25MM<\/p>\n<p style=\"font-weight: 100;\">Grosor de las bridas: 10-90MM<\/p>\n<p style=\"font-weight: 100;\">Max. Velocidad: 4.500 RPM<\/p>\n<p style=\"font-weight: 100;\">Potencia del motor: 750 W<\/p>","protected":false},"excerpt":{"rendered":"<p>Una m\u00e1quina de rebordear colchones es una m\u00e1quina de coser industrial especializada que se utiliza en la fabricaci\u00f3n de colchones para unir el material del borde al panel del colch\u00f3n con una costura fuerte y duradera.<\/p>\n<p>Para los colchones de gama alta, una m\u00e1quina de rebordear colchones es una m\u00e1quina de coser necesaria, ya que los colchones de gama alta siempre utilizan material pesado, y sin una m\u00e1quina de rebordear, es muy dif\u00edcil de pegar.<\/p>\n<p style=\"font-weight: 100;\">Coser tela es m\u00e1s f\u00e1cil y potente<\/p>\n<p>Se trata de una marca de m\u00e1quinas de coser de fama mundial llamado \"Juki\", la calidad siempre asegura 8-10 a\u00f1os<\/p>\n<p style=\"font-weight: 100;\">Nueva prensa de pie de alta duraci\u00f3n<\/p>\n<p style=\"font-weight: 100;\">Dise\u00f1o de altura de elevaci\u00f3n de pie a 35MM, con su alta elevaci\u00f3n de pie de prensa, el operador de la m\u00e1quina puede poner el material en la m\u00e1quina f\u00e1cilmente<\/p>\n<p style=\"font-weight: 100;\">Nuevo dise\u00f1o de la m\u00e1quina motriz<\/p>\n<p style=\"font-weight: 100;\">El paso de la aguja puede ajustarse seg\u00fan las necesidades del cliente. El paso est\u00e1ndar es de 4,5-6 pulgadas<\/p>\n<p style=\"font-weight: 100;\">El servomotor original de Taiw\u00e1n<\/p>\n<p style=\"font-weight: 100;\">Lubricaci\u00f3n autom\u00e1tica de los cabezales<\/p>\n<p style=\"font-weight: 100;\">F\u00e1cil conversi\u00f3n para tejidos gruesos o finos<\/p>\n<p>Para mantener el buen funcionamiento de la m\u00e1quina, compruebe y rellene peri\u00f3dicamente el sistema de lubricaci\u00f3n seg\u00fan sea necesario.<\/p>\n<p>Limpie regularmente la m\u00e1quina, evite que el material se pegue a la m\u00e1quina y retrase la producci\u00f3n<\/p>\n<p>En comparaci\u00f3n con otros proveedores, siempre ofrecemos una garant\u00eda de 2 a\u00f1os a nuestros clientes, ya que nuestra calidad puede ser probada por el mercado.<\/p>","protected":false},"featured_media":791,"comment_status":"closed","ping_status":"closed","template":"","meta":{"rank_math_lock_modified_date":false},"product_cat":[21],"product_tag":[],"class_list":{"0":"post-790","1":"product","2":"type-product","3":"status-publish","4":"has-post-thumbnail","6":"product_cat-flanging-machine","8":"first","9":"instock","10":"shipping-taxable","11":"product-type-simple"},"jetpack_sharing_enabled":true,"_links":{"self":[{"href":"https:\/\/boya-machinery.com\/es\/wp-json\/wp\/v2\/product\/790","targetHints":{"allow":["GET"]}}],"collection":[{"href":"https:\/\/boya-machinery.com\/es\/wp-json\/wp\/v2\/product"}],"about":[{"href":"https:\/\/boya-machinery.com\/es\/wp-json\/wp\/v2\/types\/product"}],"replies":[{"embeddable":true,"href":"https:\/\/boya-machinery.com\/es\/wp-json\/wp\/v2\/comments?post=790"}],"wp:featuredmedia":[{"embeddable":true,"href":"https:\/\/boya-machinery.com\/es\/wp-json\/wp\/v2\/media\/791"}],"wp:attachment":[{"href":"https:\/\/boya-machinery.com\/es\/wp-json\/wp\/v2\/media?parent=790"}],"wp:term":[{"taxonomy":"product_cat","embeddable":true,"href":"https:\/\/boya-machinery.com\/es\/wp-json\/wp\/v2\/product_cat?post=790"},{"taxonomy":"product_tag","embeddable":true,"href":"https:\/\/boya-machinery.com\/es\/wp-json\/wp\/v2\/product_tag?post=790"}],"curies":[{"name":"wp","href":"https:\/\/api.w.org\/{rel}","templated":true}]}}