{"id":808,"date":"2024-10-29T07:43:07","date_gmt":"2024-10-29T07:43:07","guid":{"rendered":"https:\/\/boya-machinery.com\/?post_type=product&#038;p=808"},"modified":"2025-03-25T09:44:06","modified_gmt":"2025-03-25T09:44:06","slug":"mattress-flanging-machine-manual","status":"publish","type":"product","link":"https:\/\/boya-machinery.com\/es\/product\/mattress-flanging-machine-manual\/","title":{"rendered":"Manual de la rebordeadora de colchones Perfect"},"content":{"rendered":"<p><strong>Manual de la rebordeadora de colchones<\/strong><\/p>\n<p>Responsable: Pegasus Japan<\/p>\n<p>Ancho de rebordeado: 15 mm, 25 mm o 30 mm<\/p>\n<p>Grosor de las bridas: 10-90 mm<\/p>\n<p>Velocidad m\u00e1xima: 4000 rpm<\/p>\n<p>Potencia del motor: 750 W<\/p>","protected":false},"excerpt":{"rendered":"<p>https:\/\/www.youtube.com\/embed\/HIf6hNVHBGs<\/p>\n<p style=\"font-weight: 100;\">Se trata de una m\u00e1quina manual de alta velocidad para rebordear colchones de tela, equipada con un cabezal PEGASUS. Con la estructura avanzada de alimentaci\u00f3n sincr\u00f3nica y prensatelas, los materiales muy gruesos se pueden procesar f\u00e1cilmente pero con un rendimiento estable. Se puede lograr una calidad de costura perfecta.<\/p>\n<p style=\"font-weight: 100;\">Velocidad de costura de hasta 4.000<\/p>\n<p style=\"font-weight: 100;\">Mantiene la longitud de la puntada<\/p>\n<p style=\"font-weight: 100;\">Estructura de alimentaci\u00f3n sincr\u00f3nica con excelente rendimiento de alimentaci\u00f3n, incluso telas muy gruesas pueden pasar f\u00e1cilmente mientras que a menudo fallaba en otros tipos de m\u00e1quinas de coser<\/p>\n<p style=\"font-weight: 100;\">Se pueden procesar f\u00e1cilmente tanto tejidos gruesos como finos<\/p>\n<p style=\"font-weight: 100;\">Sistema autom\u00e1tico de refrigeraci\u00f3n y lubricaci\u00f3n<\/p>\n<p style=\"font-weight: 100;\">Con Taiwan Housing servo motor, los servicios al cliente de la marca servo motor se encuentran en todo el mundo, los clientes pueden encontrar soporte servo motor f\u00e1cilmente sin importar de qu\u00e9 pa\u00eds es usted.<\/p>\n<p>Este modelo de m\u00e1quina de rebordear colchones comparado con el modelo de m\u00e1quina de rebordear Porter PFM-4000, con su bajo precio y popularidad en el mercado.<\/p>\n<p>Este manual de la m\u00e1quina de rebordear colchones adapta el cabezal de coser original de la marca japonesa PEGASUS con sus piezas de repuesto de alta calidad que pueden garantizar el uso de esta m\u00e1quina durante unos 8-10 a\u00f1os, PEGASUS es una marca famosa en la industria de m\u00e1quinas de coser, y muchos cabezales de coser falsos existen en el mercado, el cliente necesita verificar para obtener la m\u00e1quina de coser original.<\/p>\n<p>&nbsp;<\/p>\n<p>&nbsp;<\/p>\n<p>&nbsp;<\/p>","protected":false},"featured_media":1711,"comment_status":"open","ping_status":"closed","template":"","meta":{"rank_math_lock_modified_date":false},"product_cat":[21],"product_tag":[],"class_list":{"0":"post-808","1":"product","2":"type-product","3":"status-publish","4":"has-post-thumbnail","6":"product_cat-flanging-machine","8":"first","9":"instock","10":"shipping-taxable","11":"product-type-simple"},"jetpack_sharing_enabled":true,"_links":{"self":[{"href":"https:\/\/boya-machinery.com\/es\/wp-json\/wp\/v2\/product\/808","targetHints":{"allow":["GET"]}}],"collection":[{"href":"https:\/\/boya-machinery.com\/es\/wp-json\/wp\/v2\/product"}],"about":[{"href":"https:\/\/boya-machinery.com\/es\/wp-json\/wp\/v2\/types\/product"}],"replies":[{"embeddable":true,"href":"https:\/\/boya-machinery.com\/es\/wp-json\/wp\/v2\/comments?post=808"}],"wp:featuredmedia":[{"embeddable":true,"href":"https:\/\/boya-machinery.com\/es\/wp-json\/wp\/v2\/media\/1711"}],"wp:attachment":[{"href":"https:\/\/boya-machinery.com\/es\/wp-json\/wp\/v2\/media?parent=808"}],"wp:term":[{"taxonomy":"product_cat","embeddable":true,"href":"https:\/\/boya-machinery.com\/es\/wp-json\/wp\/v2\/product_cat?post=808"},{"taxonomy":"product_tag","embeddable":true,"href":"https:\/\/boya-machinery.com\/es\/wp-json\/wp\/v2\/product_tag?post=808"}],"curies":[{"name":"wp","href":"https:\/\/api.w.org\/{rel}","templated":true}]}}