{"id":823,"date":"2024-10-29T07:44:38","date_gmt":"2024-10-29T07:44:38","guid":{"rendered":"https:\/\/boya-machinery.com\/?post_type=product&#038;p=823"},"modified":"2024-11-11T06:56:04","modified_gmt":"2024-11-11T06:56:04","slug":"mattress-flange-machine","status":"publish","type":"product","link":"https:\/\/boya-machinery.com\/es\/product\/mattress-flange-machine\/","title":{"rendered":"Fabricante privado de m\u00e1quinas para rebordear colchones"},"content":{"rendered":"<p><strong>M\u00e1quina para rebordear colchones<\/strong><\/p>\n<p>Cabezal: JUKI 6800<\/p>\n<p>Ancho de rebordeado: 25MM o 30MM 25MM o 30MM<\/p>\n<p>Grosor de las bridas: 10 - 80MM<\/p>\n<p>Max. Velocidad: 3000RPM<\/p>\n<p>Potencia del motor: 550 W<\/p>","protected":false},"excerpt":{"rendered":"<p>Una m\u00e1quina de rebordear colchones es una m\u00e1quina de coser especializada que se utiliza en la industria de fabricaci\u00f3n de colchones para fijar un reborde, o tira de tela, a los paneles de los colchones.<\/p>\n<p>Este reborde act\u00faa como un anclaje que permite que los paneles superior e inferior del colch\u00f3n se fijen firmemente al borde del colch\u00f3n durante el montaje final, creando una estructura fuerte y unificada.<\/p>\n<p>Estructura de alimentaci\u00f3n sincr\u00f3nica con excelente rendimiento de alimentaci\u00f3n, incluso telas muy gruesas pueden pasar f\u00e1cilmente mientras que a menudo fallaba en otros tipos de m\u00e1quinas de coser<\/p>\n<p>Se pueden procesar f\u00e1cilmente tanto tejidos gruesos como finos<\/p>\n<p>Sistema autom\u00e1tico de refrigeraci\u00f3n y lubricaci\u00f3n<\/p>\n<p>Servomotor de Taiw\u00e1n<\/p>\n<p>Este modelo de colch\u00f3n de la m\u00e1quina de brida es un modelo exclusivo y fue desarrollado por nuestra f\u00e1brica, con su precio competitivo y excepcional en el mercado<\/p>\n<p>Utilizamos cabezales de costura Juki de Jap\u00f3n, que ofrecen m\u00e1quinas de brida de colch\u00f3n de alta calidad, conocidas por su durabilidad y eficacia en entornos industriales.<\/p>\n<p>Estas m\u00e1quinas de pesta\u00f1a con longitud de puntada ajustable, y la tensi\u00f3n, lo que permite a los operadores personalizar los ajustes en funci\u00f3n de los materiales espec\u00edficos utilizados en cada colch\u00f3n, la longitud de puntada normal es de 4,5-6 puntadas por pulgada<\/p>\n<p>Las m\u00e1quinas de pesta\u00f1a est\u00e1n dise\u00f1adas para manipular materiales de colch\u00f3n gruesos y densos, como tela acolchada, espuma y otros materiales de tapicer\u00eda pesados.<\/p>\n<p>&nbsp;<\/p>","protected":false},"featured_media":814,"comment_status":"open","ping_status":"closed","template":"","meta":{"rank_math_lock_modified_date":false},"product_cat":[21],"product_tag":[],"class_list":{"0":"post-823","1":"product","2":"type-product","3":"status-publish","4":"has-post-thumbnail","6":"product_cat-flanging-machine","8":"first","9":"instock","10":"shipping-taxable","11":"product-type-simple"},"jetpack_sharing_enabled":true,"_links":{"self":[{"href":"https:\/\/boya-machinery.com\/es\/wp-json\/wp\/v2\/product\/823","targetHints":{"allow":["GET"]}}],"collection":[{"href":"https:\/\/boya-machinery.com\/es\/wp-json\/wp\/v2\/product"}],"about":[{"href":"https:\/\/boya-machinery.com\/es\/wp-json\/wp\/v2\/types\/product"}],"replies":[{"embeddable":true,"href":"https:\/\/boya-machinery.com\/es\/wp-json\/wp\/v2\/comments?post=823"}],"wp:featuredmedia":[{"embeddable":true,"href":"https:\/\/boya-machinery.com\/es\/wp-json\/wp\/v2\/media\/814"}],"wp:attachment":[{"href":"https:\/\/boya-machinery.com\/es\/wp-json\/wp\/v2\/media?parent=823"}],"wp:term":[{"taxonomy":"product_cat","embeddable":true,"href":"https:\/\/boya-machinery.com\/es\/wp-json\/wp\/v2\/product_cat?post=823"},{"taxonomy":"product_tag","embeddable":true,"href":"https:\/\/boya-machinery.com\/es\/wp-json\/wp\/v2\/product_tag?post=823"}],"curies":[{"name":"wp","href":"https:\/\/api.w.org\/{rel}","templated":true}]}}