{"id":824,"date":"2024-10-29T07:46:10","date_gmt":"2024-10-29T07:46:10","guid":{"rendered":"https:\/\/boya-machinery.com\/?post_type=product&#038;p=824"},"modified":"2025-03-25T09:21:34","modified_gmt":"2025-03-25T09:21:34","slug":"mattress-flanging-machine-manufacturers","status":"publish","type":"product","link":"https:\/\/boya-machinery.com\/es\/product\/mattress-flanging-machine-manufacturers\/","title":{"rendered":"Fabricantes de rebordeadoras de colchones baratas"},"content":{"rendered":"<p><strong>fabricantes de rebordeadoras de colchones<\/strong><\/p>\n<p>Cabeza: Kingtex<\/p>\n<p>Ancho de rebordeado: 25MM o 30MM<\/p>\n<p>Grosor de las bridas: 1 - 70MM<\/p>\n<p>Max. Velocidad: 3000RPM<\/p>\n<p>Potencia del motor: 550 W<\/p>\n<p>Prensapies\uff1a15MM<\/p>\n<div id=\"gtx-trans\" style=\"position: absolute; left: -3px; top: 48px;\">\n<div class=\"gtx-trans-icon\"><\/div>\n<\/div>","protected":false},"excerpt":{"rendered":"<p>https:\/\/youtu.be\/MfhjTK4IYxk<\/p>\n<p>Somos fabricantes de rebordeadoras de colchones con muchos a\u00f1os de experiencia y ofrecemos soluciones avanzadas de rebordeado centradas en la innovaci\u00f3n y la eficiencia energ\u00e9tica.<\/p>\n<p>Especializada en maquinaria sostenible y energ\u00e9ticamente eficiente adaptada a los fabricantes de colchones<\/p>\n<p>Las m\u00e1quinas rebordeadoras de colchones son equipos industriales especializados dise\u00f1ados para el proceso de cosido de bordes en la producci\u00f3n de colchones.<\/p>\n<p>Estructura de alimentaci\u00f3n sincr\u00f3nica con excelente rendimiento de alimentaci\u00f3n, incluso telas muy gruesas pueden pasar f\u00e1cilmente mientras que a menudo fallaba en otros tipos de m\u00e1quinas de coser<\/p>\n<p>Ofrece rebordeadoras de alta resistencia con s\u00f3lidas garant\u00edas y un excelente servicio posventa<\/p>\n<p>Estas m\u00e1quinas aportan precisi\u00f3n, velocidad y uniformidad a la hora de fijar los bordes a los paneles de los colchones, un paso fundamental para garantizar la durabilidad y el atractivo est\u00e9tico del producto.<\/p>\n<p>Capaz de manipular una gran variedad de tama\u00f1os y materiales de colchones, incluidos los de espuma, muelles e h\u00edbridos.<\/p>\n<p>Se pueden procesar f\u00e1cilmente tanto tejidos gruesos como finos<\/p>\n<p>Sistema autom\u00e1tico de refrigeraci\u00f3n y lubricaci\u00f3n<\/p>\n<p>Servomotor de Taiw\u00e1n<\/p>\n<p>Invertir en una rebordeadora de colchones puede agilizar considerablemente el proceso de producci\u00f3n de colchones, mejorar la calidad del producto y reducir los costes operativos.<\/p>\n<p>&nbsp;<\/p>\n<p>&nbsp;<\/p>","protected":false},"featured_media":815,"comment_status":"open","ping_status":"closed","template":"","meta":{"rank_math_lock_modified_date":false},"product_cat":[21],"product_tag":[],"class_list":{"0":"post-824","1":"product","2":"type-product","3":"status-publish","4":"has-post-thumbnail","6":"product_cat-flanging-machine","8":"first","9":"instock","10":"shipping-taxable","11":"product-type-simple"},"jetpack_sharing_enabled":true,"_links":{"self":[{"href":"https:\/\/boya-machinery.com\/es\/wp-json\/wp\/v2\/product\/824","targetHints":{"allow":["GET"]}}],"collection":[{"href":"https:\/\/boya-machinery.com\/es\/wp-json\/wp\/v2\/product"}],"about":[{"href":"https:\/\/boya-machinery.com\/es\/wp-json\/wp\/v2\/types\/product"}],"replies":[{"embeddable":true,"href":"https:\/\/boya-machinery.com\/es\/wp-json\/wp\/v2\/comments?post=824"}],"wp:featuredmedia":[{"embeddable":true,"href":"https:\/\/boya-machinery.com\/es\/wp-json\/wp\/v2\/media\/815"}],"wp:attachment":[{"href":"https:\/\/boya-machinery.com\/es\/wp-json\/wp\/v2\/media?parent=824"}],"wp:term":[{"taxonomy":"product_cat","embeddable":true,"href":"https:\/\/boya-machinery.com\/es\/wp-json\/wp\/v2\/product_cat?post=824"},{"taxonomy":"product_tag","embeddable":true,"href":"https:\/\/boya-machinery.com\/es\/wp-json\/wp\/v2\/product_tag?post=824"}],"curies":[{"name":"wp","href":"https:\/\/api.w.org\/{rel}","templated":true}]}}