{"id":825,"date":"2024-10-29T07:47:17","date_gmt":"2024-10-29T07:47:17","guid":{"rendered":"https:\/\/boya-machinery.com\/?post_type=product&#038;p=825"},"modified":"2024-11-13T02:53:33","modified_gmt":"2024-11-13T02:53:33","slug":"mattress-flange-sewing-machine-manual","status":"publish","type":"product","link":"https:\/\/boya-machinery.com\/es\/product\/mattress-flange-sewing-machine-manual\/","title":{"rendered":"Manual de la mejor m\u00e1quina de coser de bridas para colchones"},"content":{"rendered":"<p><strong>Manual de la m\u00e1quina de coser de bridas de colch\u00f3n<\/strong><\/p>\n<p>Responsable: Pegasus Japan<\/p>\n<p>Ancho de rebordeado: 15 mm, 25 mm o 30 mm<\/p>\n<p>Grosor de las bridas: 10-80 mm<\/p>\n<p>Velocidad m\u00e1xima: 3000RPM<\/p>\n<p>Potencia del motor: 550 W<\/p>","protected":false},"excerpt":{"rendered":"<p>Este modelo manual de m\u00e1quina de coser de pesta\u00f1as para colchones es conocido por sus capacidades de alta velocidad y su durabilidad. El manual incluye informaci\u00f3n completa sobre la instalaci\u00f3n, operaciones y mantenimiento general<\/p>\n<p>El manual de instrucciones y la lista de piezas de esta m\u00e1quina ofrecen informaci\u00f3n detallada sobre su uso y mantenimiento.<\/p>\n<p style=\"font-weight: 100;\">Se trata de una m\u00e1quina de coser colchones de tela de alta velocidad, equipada con un cabezal PEGASUS. Con una estructura avanzada de alimentaci\u00f3n sincr\u00f3nica y prensatelas, los materiales muy gruesos se pueden procesar f\u00e1cilmente pero con un rendimiento estable. Se puede lograr una calidad de costura perfecta.<\/p>\n<p>El ancho de rebordeado m\u00e1s popular es de 25 mm, pero algunos clientes tambi\u00e9n necesitan 15 o 30 mm, podemos proporcionar a los clientes anchos personalizados en funci\u00f3n de su demanda.<\/p>\n<p style=\"font-weight: 100;\">Velocidad de costura de hasta 3.000<\/p>\n<p style=\"font-weight: 100;\">Mantiene la longitud de la puntada<\/p>\n<p style=\"font-weight: 100;\">Estructura de alimentaci\u00f3n sincr\u00f3nica con excelente rendimiento de alimentaci\u00f3n, incluso telas muy gruesas pueden pasar f\u00e1cilmente mientras que a menudo fallaba en otros tipos de m\u00e1quinas de coser<\/p>\n<p style=\"font-weight: 100;\">Se pueden procesar f\u00e1cilmente tanto tejidos gruesos como finos<\/p>\n<p style=\"font-weight: 100;\">Sistema autom\u00e1tico de refrigeraci\u00f3n y lubricaci\u00f3n<\/p>\n<p style=\"font-weight: 100;\">Servomotor de Taiw\u00e1n<\/p>","protected":false},"featured_media":816,"comment_status":"open","ping_status":"closed","template":"","meta":{"rank_math_lock_modified_date":false},"product_cat":[21],"product_tag":[],"class_list":{"0":"post-825","1":"product","2":"type-product","3":"status-publish","4":"has-post-thumbnail","6":"product_cat-flanging-machine","8":"first","9":"instock","10":"shipping-taxable","11":"product-type-simple"},"jetpack_sharing_enabled":true,"_links":{"self":[{"href":"https:\/\/boya-machinery.com\/es\/wp-json\/wp\/v2\/product\/825","targetHints":{"allow":["GET"]}}],"collection":[{"href":"https:\/\/boya-machinery.com\/es\/wp-json\/wp\/v2\/product"}],"about":[{"href":"https:\/\/boya-machinery.com\/es\/wp-json\/wp\/v2\/types\/product"}],"replies":[{"embeddable":true,"href":"https:\/\/boya-machinery.com\/es\/wp-json\/wp\/v2\/comments?post=825"}],"wp:featuredmedia":[{"embeddable":true,"href":"https:\/\/boya-machinery.com\/es\/wp-json\/wp\/v2\/media\/816"}],"wp:attachment":[{"href":"https:\/\/boya-machinery.com\/es\/wp-json\/wp\/v2\/media?parent=825"}],"wp:term":[{"taxonomy":"product_cat","embeddable":true,"href":"https:\/\/boya-machinery.com\/es\/wp-json\/wp\/v2\/product_cat?post=825"},{"taxonomy":"product_tag","embeddable":true,"href":"https:\/\/boya-machinery.com\/es\/wp-json\/wp\/v2\/product_tag?post=825"}],"curies":[{"name":"wp","href":"https:\/\/api.w.org\/{rel}","templated":true}]}}