{"id":826,"date":"2024-10-29T07:48:31","date_gmt":"2024-10-29T07:48:31","guid":{"rendered":"https:\/\/boya-machinery.com\/?post_type=product&#038;p=826"},"modified":"2025-04-08T05:34:03","modified_gmt":"2025-04-08T05:34:03","slug":"flange-machine-mattress","status":"publish","type":"product","link":"https:\/\/boya-machinery.com\/es\/product\/flange-machine-mattress\/","title":{"rendered":"Colch\u00f3n de m\u00e1quina Creative Flange"},"content":{"rendered":"<p><strong>Colch\u00f3n de m\u00e1quina de brida<\/strong><\/p>\n<p>Cabezal: Juki 6900<\/p>\n<p>Ancho de rebordeado: 25 mm<\/p>\n<p>Grosor de las bridas: 10-70 mm<\/p>\n<p>Velocidad m\u00e1xima: 3000 RPM<\/p>\n<p>Motor: 550W<\/p>","protected":false},"excerpt":{"rendered":"<p>https:\/\/youtu.be\/lJo2Na2FmGQ<\/p>\n<p>Un colch\u00f3n de m\u00e1quina de brida se refiere a una m\u00e1quina especializada utilizada en la producci\u00f3n de colchones, en particular en la industria de fabricaci\u00f3n de colchones<\/p>\n<p>Automatiza el proceso de coser o pespuntear un reborde (una tira de tela) alrededor de los bordes de los paneles del colch\u00f3n.<\/p>\n<p>El reborde sirve de refuerzo y proporciona una estructura para fijar los paneles superior e inferior del colch\u00f3n a los componentes interiores, como los muelles o la espuma.<\/p>\n<p>Suelen utilizarse junto con las acolchadoras y las m\u00e1quinas de bordes en las l\u00edneas de producci\u00f3n de colchones<\/p>\n<p>Este modelo de m\u00e1quina de rebordear (m\u00e1quina de rebordear, m\u00e1quina de dobladillar) se ha vendido durante m\u00e1s de diez a\u00f1os y siempre mejoramos paso a paso bas\u00e1ndonos en los requisitos de los clientes, este modelo sigue siendo una tendencia de material grueso para la industria del colch\u00f3n.<\/p>\n<p style=\"font-weight: 100;\">Se utiliza para colchones y rebordear telas demasiado gruesas. Tambi\u00e9n puede coser la tela no tejida con el borde del colch\u00f3n.<\/p>\n<p style=\"font-weight: 100;\">Cabezal de costura JUKI con dise\u00f1o de aguja recta de doble perno<\/p>\n<p style=\"font-weight: 100;\">Cabezal con sistema autom\u00e1tico de suministro de aceite, que lubrica cada pieza f\u00e1cilmente<\/p>\n<p style=\"font-weight: 100;\">Estructura sincr\u00f3nica de cinco hilos y doble aguja, sistema de alimentaci\u00f3n de la tela mediante engranajes, que garantiza la precisi\u00f3n de la alimentaci\u00f3n y una costura perfecta; evita los pliegues.<\/p>\n<p style=\"font-weight: 100;\">Se pueden procesar f\u00e1cilmente tanto tejidos gruesos como finos<\/p>\n<p style=\"font-weight: 100;\">\u00a0Servomotor de Taiw\u00e1n<\/p>","protected":false},"featured_media":813,"comment_status":"open","ping_status":"closed","template":"","meta":{"rank_math_lock_modified_date":false},"product_cat":[21],"product_tag":[],"class_list":{"0":"post-826","1":"product","2":"type-product","3":"status-publish","4":"has-post-thumbnail","6":"product_cat-flanging-machine","8":"first","9":"instock","10":"shipping-taxable","11":"product-type-simple"},"jetpack_sharing_enabled":true,"_links":{"self":[{"href":"https:\/\/boya-machinery.com\/es\/wp-json\/wp\/v2\/product\/826","targetHints":{"allow":["GET"]}}],"collection":[{"href":"https:\/\/boya-machinery.com\/es\/wp-json\/wp\/v2\/product"}],"about":[{"href":"https:\/\/boya-machinery.com\/es\/wp-json\/wp\/v2\/types\/product"}],"replies":[{"embeddable":true,"href":"https:\/\/boya-machinery.com\/es\/wp-json\/wp\/v2\/comments?post=826"}],"wp:featuredmedia":[{"embeddable":true,"href":"https:\/\/boya-machinery.com\/es\/wp-json\/wp\/v2\/media\/813"}],"wp:attachment":[{"href":"https:\/\/boya-machinery.com\/es\/wp-json\/wp\/v2\/media?parent=826"}],"wp:term":[{"taxonomy":"product_cat","embeddable":true,"href":"https:\/\/boya-machinery.com\/es\/wp-json\/wp\/v2\/product_cat?post=826"},{"taxonomy":"product_tag","embeddable":true,"href":"https:\/\/boya-machinery.com\/es\/wp-json\/wp\/v2\/product_tag?post=826"}],"curies":[{"name":"wp","href":"https:\/\/api.w.org\/{rel}","templated":true}]}}